{"id":16499,"date":"2015-12-17T10:07:50","date_gmt":"2015-12-17T10:07:50","guid":{"rendered":"http:\/\/czysciwa-kobra.pl\/de\/czysciwo-oferta-handlowa\/"},"modified":"2021-04-24T17:37:28","modified_gmt":"2021-04-24T15:37:28","slug":"handelsangebot-putzlappen","status":"publish","type":"page","link":"https:\/\/czysciwa-kobra.pl\/de\/handelsangebot-putzlappen\/","title":{"rendered":"Putzlappen"},"content":{"rendered":"<p>[vc_row top_padding=&#8220;60&#8243; bg_position=&#8220;left top&#8220;][vc_column][vc_column_text]<\/p>\n<h3>Handelsangebot f\u00fcr Putzlappen<\/h3>\n<p>Wir laden Sie ein, sich unser Sortiment anzusehen. In unserem Angebot finden Sie eine gro\u00dfe Auswahl an Putzlappen. Indem Sie die Kategorie unten anklicken, k\u00f6nnen Sie die Produkte nur von einer gegebenen Gruppe finden. Falls nicht anders gekennzeichnet, sind unsere Putzlappen in St\u00fcck mit Abmessungen von ca. 40 \u00d7 50 cm geschnitten und in W\u00fcrfel je 10 kg oder 25 kg gepresst.[\/vc_column_text][\/vc_column][\/vc_row][vc_row type=&#8220;full_width_section&#8220; bottom_padding=&#8220;40&#8243; bg_position=&#8220;left top&#8220;][vc_column width=&#8220;1\/1&#8243;]\n\t\t<div class=\"portfolio-element\">\n\n\t\t\n\t\t\t<div class=\"portfolio-filters\" data-id=\"2008095628\">\n\t\t\t\t<div class=\"container\">\n\t\t\t\t\t<div class=\"sixteen columns clearfix\">\n\t\t\t\t\t\t\t\t\t\t\t\t\t<ul class=\"clearfix\">\n\t\t\t\t\t\t\t\t<li><a href=\"#\" data-filter=\"*\" class=\"filter-all active\">All<\/a><\/li>\t\n\t\t\t\t\t\t\t\t\t\t\t\t\t\t\t\t\t\t\t\t\t\t\t\t\t\t<li><a href=\"#\" data-filter=\".term-bunte-putzlappen-de\">Bunte Putzlappen<\/a><\/li>\n\t\t\t\t\t\t\t\t\t\t\t\t\t\t\t\t\t\t\t\t\t\t\t\t\t\t<li><a href=\"#\" data-filter=\".term-putzlappen-de\">Putzlappen<\/a><\/li>\n\t\t\t\t\t\t\t\t\t\t\t\t\t\t\t\t\t\t\t\t\t\t\t\t\t\t<li><a href=\"#\" data-filter=\".term-putzlappen-reinigung-de\">Putzlappen - Reinigung<\/a><\/li>\n\t\t\t\t\t\t\t\t\t\t\t\t\t\t\t\t\t\t\t\t\t\t\t\t\t\t<li><a href=\"#\" data-filter=\".term-weisse-putzlappen-de\">Wei\u00dfe Putzlappen<\/a><\/li>\n\t\t\t\t\t\t\t\t\t\t\t\t\t\t\t<\/ul>\n\t\t\t\t\t\t\t\t\t\t\t<\/div>\n\t\t\t\t<\/div>\n\t\t\t<\/div>\n\n\t\t\n\t\t\t\t\t<div class=\"container\">\n\t\t\n\t\t\t\t\t<div id=\"2008095628\" class=\"portfolio-items portfolio-default portfolio-overlay-icon clearfix\" data-id=\"2008095628\">  \n\t\t\t\t\t\t\n\t\t\t\t\t\t\t\n\t\t\t\t\t\t\t\n\t\t\t\t\t\t\n\t\t\t\t\t\t\t\t\t\t\t\t\t\t\t\t\n\t\t\t\t\t\t\t\t   \n\n\t\t\t\t\t\t\t\t<div class=\"term-putzlappen-de term-weisse-putzlappen-de portfolio-item four columns\">\n\t\t\t\t\t\t\t\t\t<div class=\"portfolio-image\"><a href=\"https:\/\/czysciwa-kobra.pl\/de\/portfolio-item\/standard-weiss\/\" title=\"Standard Wei\u00df\"><div class=\"portfolio-image-img\"><img decoding=\"async\" src=\"https:\/\/czysciwa-kobra.pl\/wp-content\/uploads\/2016\/01\/Kobra-Czysciwo-Bialy-Standard1-600x400.jpg\" alt=\"Standard Wei\u00df\" \/><\/div><div class=\"portfolio-overlay overlay-icon\"><\/div><i class=\"icon-minti-plus\"><\/i><\/a><\/div>\n\t\t\t\t\t\t\t\t\t<h4><a href=\"https:\/\/czysciwa-kobra.pl\/de\/portfolio-item\/standard-weiss\/\" title=\"Standard Wei\u00df\">Standard Wei\u00df<\/a><\/h4>\n\t\t\t\t\t\t\t\t\t<span class=\"portfolio-subtitle\">Gemisch aus wei\u00dfen Stoffen unter Zusatz von synthetischen Stoffen.<\/span>\n\t\t\t\t\t\t\t\t<\/div>\n\n\t\t\t\t\t\t\t\t\t\t\t\t  \n\t\t\t\t\t\t\n\t\t\t\t\t\t\t\n\t\t\t\t\t\t\t\n\t\t\t\t\t\t\n\t\t\t\t\t\t\t\t\t\t\t\t\t\t\t\t\n\t\t\t\t\t\t\t\t   \n\n\t\t\t\t\t\t\t\t<div class=\"term-putzlappen-de term-weisse-putzlappen-de portfolio-item four columns\">\n\t\t\t\t\t\t\t\t\t<div class=\"portfolio-image\"><a href=\"https:\/\/czysciwa-kobra.pl\/de\/portfolio-item\/weisses-trikot-aufdruck\/\" title=\"Wei\u00dfes Trikot mit Aufdruck\"><div class=\"portfolio-image-img\"><img decoding=\"async\" src=\"https:\/\/czysciwa-kobra.pl\/wp-content\/uploads\/2016\/01\/Kobra-Czysciwo-Trykot-Bialy-Nadruk-600x400.jpg\" alt=\"Wei\u00dfes Trikot mit Aufdruck\" \/><\/div><div class=\"portfolio-overlay overlay-icon\"><\/div><i class=\"icon-minti-plus\"><\/i><\/a><\/div>\n\t\t\t\t\t\t\t\t\t<h4><a href=\"https:\/\/czysciwa-kobra.pl\/de\/portfolio-item\/weisses-trikot-aufdruck\/\" title=\"Wei\u00dfes Trikot mit Aufdruck\">Wei\u00dfes Trikot mit Aufdruck<\/a><\/h4>\n\t\t\t\t\t\t\t\t\t<span class=\"portfolio-subtitle\">Wei\u00dfe Putzlappen, Trikot mit buntem Aufdruck.<\/span>\n\t\t\t\t\t\t\t\t<\/div>\n\n\t\t\t\t\t\t\t\t\t\t\t\t  \n\t\t\t\t\t\t\n\t\t\t\t\t\t\t\n\t\t\t\t\t\t\t\n\t\t\t\t\t\t\n\t\t\t\t\t\t\t\t\t\t\t\t\t\t\t\t\n\t\t\t\t\t\t\t\t   \n\n\t\t\t\t\t\t\t\t<div class=\"term-putzlappen-de term-putzlappen-reinigung-de term-weisse-putzlappen-de portfolio-item four columns\">\n\t\t\t\t\t\t\t\t\t<div class=\"portfolio-image\"><a href=\"https:\/\/czysciwa-kobra.pl\/de\/portfolio-item\/medizinische-kleidung-weiss\/\" title=\"Medizinische Kleidung Wei\u00df\"><div class=\"portfolio-image-img\"><img decoding=\"async\" src=\"https:\/\/czysciwa-kobra.pl\/wp-content\/uploads\/2015\/12\/Kobra-Czysciwo-Odziez-Medyczna-Biala-600x400.jpg\" alt=\"Medizinische Kleidung Wei\u00df\" \/><\/div><div class=\"portfolio-overlay overlay-icon\"><\/div><i class=\"icon-minti-plus\"><\/i><\/a><\/div>\n\t\t\t\t\t\t\t\t\t<h4><a href=\"https:\/\/czysciwa-kobra.pl\/de\/portfolio-item\/medizinische-kleidung-weiss\/\" title=\"Medizinische Kleidung Wei\u00df\">Medizinische Kleidung Wei\u00df<\/a><\/h4>\n\t\t\t\t\t\t\t\t\t<span class=\"portfolio-subtitle\">Wei\u00dfe Arbeitsstoffe aus dicker Baumwolle mit k\u00fcnstlichem Zusatz.<\/span>\n\t\t\t\t\t\t\t\t<\/div>\n\n\t\t\t\t\t\t\t\t\t\t\t\t  \n\t\t\t\t\t\t\n\t\t\t\t\t\t\t\n\t\t\t\t\t\t\t\n\t\t\t\t\t\t\n\t\t\t\t\t\t\t\t\t\t\t\t\t\t\t\t\n\t\t\t\t\t\t\t\t   \n\n\t\t\t\t\t\t\t\t<div class=\"term-bunte-putzlappen-de term-putzlappen-de portfolio-item four columns\">\n\t\t\t\t\t\t\t\t\t<div class=\"portfolio-image\"><a href=\"https:\/\/czysciwa-kobra.pl\/de\/portfolio-item\/bettzeug-bunt\/\" title=\"Bettzeug Bunt\"><div class=\"portfolio-image-img\"><img decoding=\"async\" src=\"https:\/\/czysciwa-kobra.pl\/wp-content\/uploads\/2015\/12\/Kobra-Czysciwo-Posciel-Kolor3-600x400.jpg\" alt=\"Bettzeug Bunt\" \/><\/div><div class=\"portfolio-overlay overlay-icon\"><\/div><i class=\"icon-minti-plus\"><\/i><\/a><\/div>\n\t\t\t\t\t\t\t\t\t<h4><a href=\"https:\/\/czysciwa-kobra.pl\/de\/portfolio-item\/bettzeug-bunt\/\" title=\"Bettzeug Bunt\">Bettzeug Bunt<\/a><\/h4>\n\t\t\t\t\t\t\t\t\t<span class=\"portfolio-subtitle\">Buntes Gewebe aus Baumwolle f\u00fcr Bettzeug.<\/span>\n\t\t\t\t\t\t\t\t<\/div>\n\n\t\t\t\t\t\t\t\t\t\t\t\t  \n\t\t\t\t\t\t\n\t\t\t\t\t\t\t\n\t\t\t\t\t\t\t\n\t\t\t\t\t\t\n\t\t\t\t\t\t\t\t\t\t\t\t\t\t\t\t\n\t\t\t\t\t\t\t\t   \n\n\t\t\t\t\t\t\t\t<div class=\"term-putzlappen-de term-weisse-putzlappen-de portfolio-item four columns\">\n\t\t\t\t\t\t\t\t\t<div class=\"portfolio-image\"><a href=\"https:\/\/czysciwa-kobra.pl\/de\/portfolio-item\/bettzeug-weiss\/\" title=\"Bettzeug Wei\u00df\"><div class=\"portfolio-image-img\"><img decoding=\"async\" src=\"https:\/\/czysciwa-kobra.pl\/wp-content\/uploads\/2015\/12\/Kobra-Czysciwo-Posciel-Biala-600x400.jpg\" alt=\"Bettzeug Wei\u00df\" \/><\/div><div class=\"portfolio-overlay overlay-icon\"><\/div><i class=\"icon-minti-plus\"><\/i><\/a><\/div>\n\t\t\t\t\t\t\t\t\t<h4><a href=\"https:\/\/czysciwa-kobra.pl\/de\/portfolio-item\/bettzeug-weiss\/\" title=\"Bettzeug Wei\u00df\">Bettzeug Wei\u00df<\/a><\/h4>\n\t\t\t\t\t\t\t\t\t<span class=\"portfolio-subtitle\">Buntes Gewebe aus Baumwolle f\u00fcr Bettzeug.<\/span>\n\t\t\t\t\t\t\t\t<\/div>\n\n\t\t\t\t\t\t\t\t\t\t\t\t  \n\t\t\t\t\t\t\n\t\t\t\t\t\t\t\n\t\t\t\t\t\t\t\n\t\t\t\t\t\t\n\t\t\t\t\t\t\t\t\t\t\t\t\t\t\t\t\n\t\t\t\t\t\t\t\t   \n\n\t\t\t\t\t\t\t\t<div class=\"term-putzlappen-de term-weisse-putzlappen-de portfolio-item four columns\">\n\t\t\t\t\t\t\t\t\t<div class=\"portfolio-image\"><a href=\"https:\/\/czysciwa-kobra.pl\/de\/portfolio-item\/weisser-mix\/\" title=\"Wei\u00dfer Mix\"><div class=\"portfolio-image-img\"><img decoding=\"async\" src=\"https:\/\/czysciwa-kobra.pl\/wp-content\/uploads\/2015\/12\/Kobra-Czysciwo-Mix-Bialy3-600x400.jpg\" alt=\"Wei\u00dfer Mix\" \/><\/div><div class=\"portfolio-overlay overlay-icon\"><\/div><i class=\"icon-minti-plus\"><\/i><\/a><\/div>\n\t\t\t\t\t\t\t\t\t<h4><a href=\"https:\/\/czysciwa-kobra.pl\/de\/portfolio-item\/weisser-mix\/\" title=\"Wei\u00dfer Mix\">Wei\u00dfer Mix<\/a><\/h4>\n\t\t\t\t\t\t\t\t\t<span class=\"portfolio-subtitle\">Ein Mix von allen Arten von wei\u00dfem Gewebe aus Baumwolle.<\/span>\n\t\t\t\t\t\t\t\t<\/div>\n\n\t\t\t\t\t\t\t\t\t\t\t\t  \n\t\t\t\t\t\t\n\t\t\t\t\t\t\t\n\t\t\t\t\t\t\t\n\t\t\t\t\t\t\n\t\t\t\t\t\t\t\t\t\t\t\t\t\t\t\t\n\t\t\t\t\t\t\t\t   \n\n\t\t\t\t\t\t\t\t<div class=\"term-putzlappen-de term-weisse-putzlappen-de portfolio-item four columns\">\n\t\t\t\t\t\t\t\t\t<div class=\"portfolio-image\"><a href=\"https:\/\/czysciwa-kobra.pl\/de\/portfolio-item\/flanell-weiss\/\" title=\"Flanell Wei\u00df\"><div class=\"portfolio-image-img\"><img decoding=\"async\" src=\"https:\/\/czysciwa-kobra.pl\/wp-content\/uploads\/2015\/12\/Kobra-Czysciwo-Flanela-Biale1-600x400.jpg\" alt=\"Flanell Wei\u00df\" \/><\/div><div class=\"portfolio-overlay overlay-icon\"><\/div><i class=\"icon-minti-plus\"><\/i><\/a><\/div>\n\t\t\t\t\t\t\t\t\t<h4><a href=\"https:\/\/czysciwa-kobra.pl\/de\/portfolio-item\/flanell-weiss\/\" title=\"Flanell Wei\u00df\">Flanell Wei\u00df<\/a><\/h4>\n\t\t\t\t\t\t\t\t\t<span class=\"portfolio-subtitle\">Wei\u00dfes Flanell-Gewebe. Die Putzlappen sind 50 \u00d7 60 cm gro\u00df.<\/span>\n\t\t\t\t\t\t\t\t<\/div>\n\n\t\t\t\t\t\t\t\t\t\t\t\t  \n\t\t\t\t\t\t\n\t\t\t\t\t\t\t\n\t\t\t\t\t\t\t\n\t\t\t\t\t\t\n\t\t\t\t\t\t\t\t\t\t\t\t\t\t\t\t\n\t\t\t\t\t\t\t\t   \n\n\t\t\t\t\t\t\t\t<div class=\"term-bunte-putzlappen-de term-putzlappen-de portfolio-item four columns\">\n\t\t\t\t\t\t\t\t\t<div class=\"portfolio-image\"><a href=\"https:\/\/czysciwa-kobra.pl\/de\/portfolio-item\/bunter-mix-standard\/\" title=\"Bunter Mix (Standard)\"><div class=\"portfolio-image-img\"><img decoding=\"async\" src=\"https:\/\/czysciwa-kobra.pl\/wp-content\/uploads\/2015\/12\/Kobra-Czsciwo-Mix-Kolor3-600x400.jpg\" alt=\"Bunter Mix (Standard)\" \/><\/div><div class=\"portfolio-overlay overlay-icon\"><\/div><i class=\"icon-minti-plus\"><\/i><\/a><\/div>\n\t\t\t\t\t\t\t\t\t<h4><a href=\"https:\/\/czysciwa-kobra.pl\/de\/portfolio-item\/bunter-mix-standard\/\" title=\"Bunter Mix (Standard)\">Bunter Mix (Standard)<\/a><\/h4>\n\t\t\t\t\t\t\t\t\t<span class=\"portfolio-subtitle\">Ein Mix aus bunten Stoffen unter Zusatz von synthetischen Stoffen.<\/span>\n\t\t\t\t\t\t\t\t<\/div>\n\n\t\t\t\t\t\t\t\t\t\t\t\t  \n\t\t\t\t\t\t\n\t\t\t\t\t\t\t\n\t\t\t\t\t\t\t\n\t\t\t\t\t\t\n\t\t\t\t\t\t\t\t\t\t\t\t\t\t\t\t\n\t\t\t\t\t\t\t\t   \n\n\t\t\t\t\t\t\t\t<div class=\"term-bunte-putzlappen-de term-putzlappen-de portfolio-item four columns\">\n\t\t\t\t\t\t\t\t\t<div class=\"portfolio-image\"><a href=\"https:\/\/czysciwa-kobra.pl\/de\/portfolio-item\/flanell-bunt\/\" title=\"Flanell Bunt\"><div class=\"portfolio-image-img\"><img decoding=\"async\" src=\"https:\/\/czysciwa-kobra.pl\/wp-content\/uploads\/2015\/12\/Kobra-Czysciwo-Flanela-Kolor3-600x400.jpg\" alt=\"Flanell Bunt\" \/><\/div><div class=\"portfolio-overlay overlay-icon\"><\/div><i class=\"icon-minti-plus\"><\/i><\/a><\/div>\n\t\t\t\t\t\t\t\t\t<h4><a href=\"https:\/\/czysciwa-kobra.pl\/de\/portfolio-item\/flanell-bunt\/\" title=\"Flanell Bunt\">Flanell Bunt<\/a><\/h4>\n\t\t\t\t\t\t\t\t\t<span class=\"portfolio-subtitle\">Buntes Flanell-Gewebe aus dem Bettzeug, Nachthemden und Pyjamas.<\/span>\n\t\t\t\t\t\t\t\t<\/div>\n\n\t\t\t\t\t\t\t\t\t\t\t\t  \n\t\t\t\t\t\t\n\t\t\t\t\t\t\t\n\t\t\t\t\t\t\t\n\t\t\t\t\t\t\n\t\t\t\t\t\t\t\t\t\t\t\t\t\t\t\t\n\t\t\t\t\t\t\t\t   \n\n\t\t\t\t\t\t\t\t<div class=\"term-putzlappen-de term-weisse-putzlappen-de portfolio-item four columns\">\n\t\t\t\t\t\t\t\t\t<div class=\"portfolio-image\"><a href=\"https:\/\/czysciwa-kobra.pl\/de\/portfolio-item\/frottee-weiss\/\" title=\"Frottee Wei\u00df\"><div class=\"portfolio-image-img\"><img decoding=\"async\" src=\"https:\/\/czysciwa-kobra.pl\/wp-content\/uploads\/2015\/12\/Kobra-Czysciwo-Frota-Biala1-600x400.jpg\" alt=\"Frottee Wei\u00df\" \/><\/div><div class=\"portfolio-overlay overlay-icon\"><\/div><i class=\"icon-minti-plus\"><\/i><\/a><\/div>\n\t\t\t\t\t\t\t\t\t<h4><a href=\"https:\/\/czysciwa-kobra.pl\/de\/portfolio-item\/frottee-weiss\/\" title=\"Frottee Wei\u00df\">Frottee Wei\u00df<\/a><\/h4>\n\t\t\t\t\t\t\t\t\t<span class=\"portfolio-subtitle\">Wei\u00dfes Gewebe aus Handtuch-Frottee und Schlafr\u00f6cken.<\/span>\n\t\t\t\t\t\t\t\t<\/div>\n\n\t\t\t\t\t\t\t\t\t\t\t\t  \n\t\t\t\t\t\t\n\t\t\t\t\t\t\t\n\t\t\t\t\t\t\t\n\t\t\t\t\t\t\n\t\t\t\t\t\t\t\t\t\t\t\t\t\t\t\t\n\t\t\t\t\t\t\t\t   \n\n\t\t\t\t\t\t\t\t<div class=\"term-bunte-putzlappen-de term-putzlappen-de portfolio-item four columns\">\n\t\t\t\t\t\t\t\t\t<div class=\"portfolio-image\"><a href=\"https:\/\/czysciwa-kobra.pl\/de\/portfolio-item\/frottee-bunt\/\" title=\"Frottee Bunt\"><div class=\"portfolio-image-img\"><img decoding=\"async\" src=\"https:\/\/czysciwa-kobra.pl\/wp-content\/uploads\/2015\/12\/Kobra-Czysciwo-frota-Kolor1-600x400.jpg\" alt=\"Frottee Bunt\" \/><\/div><div class=\"portfolio-overlay overlay-icon\"><\/div><i class=\"icon-minti-plus\"><\/i><\/a><\/div>\n\t\t\t\t\t\t\t\t\t<h4><a href=\"https:\/\/czysciwa-kobra.pl\/de\/portfolio-item\/frottee-bunt\/\" title=\"Frottee Bunt\">Frottee Bunt<\/a><\/h4>\n\t\t\t\t\t\t\t\t\t<span class=\"portfolio-subtitle\">Buntes Gewebe aus Handtuch-Frottee und Schlafr\u00f6cken.<\/span>\n\t\t\t\t\t\t\t\t<\/div>\n\n\t\t\t\t\t\t\t\t\t\t\t\t  \n\t\t\t\t\t\t\n\t\t\t\t\t\t\t\n\t\t\t\t\t\t\t\n\t\t\t\t\t\t\n\t\t\t\t\t\t\t\t\t\t\t\t\t\t\t\t\n\t\t\t\t\t\t\t\t   \n\n\t\t\t\t\t\t\t\t<div class=\"term-bunte-putzlappen-de term-putzlappen-de portfolio-item four columns\">\n\t\t\t\t\t\t\t\t\t<div class=\"portfolio-image\"><a href=\"https:\/\/czysciwa-kobra.pl\/de\/portfolio-item\/trikot-bunt\/\" title=\"Trikot Bunt\"><div class=\"portfolio-image-img\"><img decoding=\"async\" src=\"https:\/\/czysciwa-kobra.pl\/wp-content\/uploads\/2014\/12\/Kobra-Czysciwo-Trykot-Kolor7-600x400.jpg\" alt=\"Trikot Bunt\" \/><\/div><div class=\"portfolio-overlay overlay-icon\"><\/div><i class=\"icon-minti-plus\"><\/i><\/a><\/div>\n\t\t\t\t\t\t\t\t\t<h4><a href=\"https:\/\/czysciwa-kobra.pl\/de\/portfolio-item\/trikot-bunt\/\" title=\"Trikot Bunt\">Trikot Bunt<\/a><\/h4>\n\t\t\t\t\t\t\t\t\t<span class=\"portfolio-subtitle\">Bunte Strickwaren aus T-Shirts, Polo-Shirts, Sweatshirts, Trainingshosen.<\/span>\n\t\t\t\t\t\t\t\t<\/div>\n\n\t\t\t\t\t\t\t\t\t\t\t\t  \n\t\t\t\t\t\t\n\t\t\t\t\t\t\t\n\t\t\t\t\t\t\t\n\t\t\t\t\t\t\n\t\t\t\t\t\t\t\t\t\t\t\t\t\t\t\t\n\t\t\t\t\t\t\t\t   \n\n\t\t\t\t\t\t\t\t<div class=\"term-putzlappen-de term-weisse-putzlappen-de portfolio-item four columns\">\n\t\t\t\t\t\t\t\t\t<div class=\"portfolio-image\"><a href=\"https:\/\/czysciwa-kobra.pl\/de\/portfolio-item\/trikot-weiss\/\" title=\"Trikot Wei\u00df\"><div class=\"portfolio-image-img\"><img decoding=\"async\" src=\"https:\/\/czysciwa-kobra.pl\/wp-content\/uploads\/2014\/12\/Kobra-Czysciwo-Trykot-Bialy1-600x400.jpg\" alt=\"Trikot Wei\u00df\" \/><\/div><div class=\"portfolio-overlay overlay-icon\"><\/div><i class=\"icon-minti-plus\"><\/i><\/a><\/div>\n\t\t\t\t\t\t\t\t\t<h4><a href=\"https:\/\/czysciwa-kobra.pl\/de\/portfolio-item\/trikot-weiss\/\" title=\"Trikot Wei\u00df\">Trikot Wei\u00df<\/a><\/h4>\n\t\t\t\t\t\t\t\t\t<span class=\"portfolio-subtitle\">Wei\u00dfe Strickwaren aus T-Shirts, Polo-Shirts, Sweatshirts ohne Aufdruck.<\/span>\n\t\t\t\t\t\t\t\t<\/div>\n\n\t\t\t\t\t\t\t\t\t\t\t\t  \n\t\t\t\t\t\t\n\t\t\t\t\t\t\t\n\t\t\t\t\t\t\t\n\t\t\t\t\t\t\n\t\t\t\t\t\t\t\t\t\t\t\t\t\t\t\t\n\t\t\t\t\t\t\t\t   \n\n\t\t\t\t\t\t\t\t<div class=\"term-bunte-putzlappen-de term-putzlappen-de portfolio-item four columns\">\n\t\t\t\t\t\t\t\t\t<div class=\"portfolio-image\"><a href=\"https:\/\/czysciwa-kobra.pl\/de\/portfolio-item\/baumwolle-bunt\/\" title=\"Baumwolle Bunt\"><div class=\"portfolio-image-img\"><img decoding=\"async\" src=\"https:\/\/czysciwa-kobra.pl\/wp-content\/uploads\/2014\/12\/Kobra-Czysciwo-Bawelna-Kolor1-600x400.jpg\" alt=\"Baumwolle Bunt\" \/><\/div><div class=\"portfolio-overlay overlay-icon\"><\/div><i class=\"icon-minti-plus\"><\/i><\/a><\/div>\n\t\t\t\t\t\t\t\t\t<h4><a href=\"https:\/\/czysciwa-kobra.pl\/de\/portfolio-item\/baumwolle-bunt\/\" title=\"Baumwolle Bunt\">Baumwolle Bunt<\/a><\/h4>\n\t\t\t\t\t\t\t\t\t<span class=\"portfolio-subtitle\">Buntes Gewebe, Baumwolle aus Hemden und Damenblusen.<\/span>\n\t\t\t\t\t\t\t\t<\/div>\n\n\t\t\t\t\t\t\t\t\t\t\t\t  \n\t\t\t\t\t\t\n\t\t\t\t\t\t\t\n\t\t\t\t\t\t\t\n\t\t\t\t\t\t\n\t\t\t\t\t\t\t\t\t\t\t\t\t\t\t\t\n\t\t\t\t\t\t\t\t   \n\n\t\t\t\t\t\t\t\t<div class=\"term-putzlappen-de term-weisse-putzlappen-de portfolio-item four columns\">\n\t\t\t\t\t\t\t\t\t<div class=\"portfolio-image\"><a href=\"https:\/\/czysciwa-kobra.pl\/de\/portfolio-item\/baumwolle-weiss\/\" title=\"Baumwolle Wei\u00df\"><div class=\"portfolio-image-img\"><img decoding=\"async\" src=\"https:\/\/czysciwa-kobra.pl\/wp-content\/uploads\/2014\/08\/Kobra-Czysciwo-Flanela-Biale1-600x400.jpg\" alt=\"Baumwolle Wei\u00df\" \/><\/div><div class=\"portfolio-overlay overlay-icon\"><\/div><i class=\"icon-minti-plus\"><\/i><\/a><\/div>\n\t\t\t\t\t\t\t\t\t<h4><a href=\"https:\/\/czysciwa-kobra.pl\/de\/portfolio-item\/baumwolle-weiss\/\" title=\"Baumwolle Wei\u00df\">Baumwolle Wei\u00df<\/a><\/h4>\n\t\t\t\t\t\t\t\t\t<span class=\"portfolio-subtitle\">Wei\u00dfes Gewebe, Baumwolle aus Hemden und Damenblusen.<\/span>\n\t\t\t\t\t\t\t\t<\/div>\n\n\t\t\t\t\t\t\t\t\t\t\t\t  \n\t\t\t\t\t\t\t\t\t\t\t<\/div>\n\n\t\t\t\t\t<\/div>\n\t\t\n\t\t<\/div>\n\t\t\t\n\t\t\t\t\n\t\t[\/vc_column][\/vc_row]<\/p>\n","protected":false},"excerpt":{"rendered":"<p>[vc_row top_padding=&#8220;60&#8243; bg_position=&#8220;left top&#8220;][vc_column][vc_column_text] Handelsangebot f\u00fcr Putzlappen Wir laden Sie ein, sich unser Sortiment anzusehen. In unserem Angebot finden Sie eine gro\u00dfe Auswahl an Putzlappen. Indem Sie die Kategorie unten anklicken, k\u00f6nnen Sie die Produkte nur von einer gegebenen Gruppe finden. Falls nicht anders gekennzeichnet, sind unsere Putzlappen in St\u00fcck mit Abmessungen von ca. 40 \u00d7 50 cm geschnitten und in W\u00fcrfel je 10 kg oder 25 kg gepresst.[\/vc_column_text][\/vc_column][\/vc_row][vc_row type=&#8220;full_width_section&#8220; bottom_padding=&#8220;40&#8243; bg_position=&#8220;left top&#8220;][vc_column width=&#8220;1\/1&#8243;][\/vc_column][\/vc_row]<\/p>\n","protected":false},"author":1,"featured_media":0,"parent":0,"menu_order":0,"comment_status":"closed","ping_status":"closed","template":"","meta":{"_bbp_topic_count":0,"_bbp_reply_count":0,"_bbp_total_topic_count":0,"_bbp_total_reply_count":0,"_bbp_voice_count":0,"_bbp_anonymous_reply_count":0,"_bbp_topic_count_hidden":0,"_bbp_reply_count_hidden":0,"_bbp_forum_subforum_count":0,"_exactmetrics_skip_tracking":false,"_exactmetrics_sitenote_active":false,"_exactmetrics_sitenote_note":"","_exactmetrics_sitenote_category":0,"footnotes":""},"class_list":["post-16499","page","type-page","status-publish","hentry"],"yoast_head":"<!-- This site is optimized with the Yoast SEO plugin v26.7 - https:\/\/yoast.com\/wordpress\/plugins\/seo\/ -->\n<title>Putzlappen - KOBRA sp. j.<\/title>\n<meta name=\"robots\" content=\"index, follow, max-snippet:-1, max-image-preview:large, max-video-preview:-1\" \/>\n<link rel=\"canonical\" href=\"https:\/\/czysciwa-kobra.pl\/de\/handelsangebot-putzlappen\/\" \/>\n<meta property=\"og:locale\" content=\"de_DE\" \/>\n<meta property=\"og:type\" content=\"article\" \/>\n<meta property=\"og:title\" content=\"Putzlappen - KOBRA sp. j.\" \/>\n<meta property=\"og:description\" content=\"[vc_row top_padding=&#8220;60&#8243; bg_position=&#8220;left top&#8220;][vc_column][vc_column_text] Handelsangebot f\u00fcr Putzlappen Wir laden Sie ein, sich unser Sortiment anzusehen. In unserem Angebot finden Sie eine gro\u00dfe Auswahl an Putzlappen. Indem Sie die Kategorie unten anklicken, k\u00f6nnen Sie die Produkte nur von einer gegebenen Gruppe finden. Falls nicht anders gekennzeichnet, sind unsere Putzlappen in St\u00fcck mit Abmessungen von ca. 40 \u00d7 50 cm geschnitten und in W\u00fcrfel je 10 kg oder 25 kg gepresst.[\/vc_column_text][\/vc_column][\/vc_row][vc_row type=&#8220;full_width_section&#8220; bottom_padding=&#8220;40&#8243; bg_position=&#8220;left top&#8220;][vc_column width=&#8220;1\/1&#8243;][\/vc_column][\/vc_row]\" \/>\n<meta property=\"og:url\" content=\"https:\/\/czysciwa-kobra.pl\/de\/handelsangebot-putzlappen\/\" \/>\n<meta property=\"og:site_name\" content=\"KOBRA sp. j.\" \/>\n<meta property=\"article:modified_time\" content=\"2021-04-24T15:37:28+00:00\" \/>\n<meta name=\"twitter:card\" content=\"summary_large_image\" \/>\n<meta name=\"twitter:label1\" content=\"Gesch\u00e4tzte Lesezeit\" \/>\n\t<meta name=\"twitter:data1\" content=\"1\u00a0Minute\" \/>\n<script type=\"application\/ld+json\" class=\"yoast-schema-graph\">{\"@context\":\"https:\/\/schema.org\",\"@graph\":[{\"@type\":\"WebPage\",\"@id\":\"https:\/\/czysciwa-kobra.pl\/de\/handelsangebot-putzlappen\/\",\"url\":\"https:\/\/czysciwa-kobra.pl\/de\/handelsangebot-putzlappen\/\",\"name\":\"Putzlappen - KOBRA sp. j.\",\"isPartOf\":{\"@id\":\"https:\/\/czysciwa-kobra.pl\/#website\"},\"datePublished\":\"2015-12-17T10:07:50+00:00\",\"dateModified\":\"2021-04-24T15:37:28+00:00\",\"breadcrumb\":{\"@id\":\"https:\/\/czysciwa-kobra.pl\/de\/handelsangebot-putzlappen\/#breadcrumb\"},\"inLanguage\":\"de\",\"potentialAction\":[{\"@type\":\"ReadAction\",\"target\":[\"https:\/\/czysciwa-kobra.pl\/de\/handelsangebot-putzlappen\/\"]}]},{\"@type\":\"BreadcrumbList\",\"@id\":\"https:\/\/czysciwa-kobra.pl\/de\/handelsangebot-putzlappen\/#breadcrumb\",\"itemListElement\":[{\"@type\":\"ListItem\",\"position\":1,\"name\":\"Home\",\"item\":\"https:\/\/czysciwa-kobra.pl\/de\/\"},{\"@type\":\"ListItem\",\"position\":2,\"name\":\"Putzlappen\"}]},{\"@type\":\"WebSite\",\"@id\":\"https:\/\/czysciwa-kobra.pl\/#website\",\"url\":\"https:\/\/czysciwa-kobra.pl\/\",\"name\":\"KOBRA sp. j.\",\"description\":\"Czy\u015bciwo, odzie\u017c u\u017cywana i robocza, r\u0119czniki , po\u015bciel i obrusy\",\"potentialAction\":[{\"@type\":\"SearchAction\",\"target\":{\"@type\":\"EntryPoint\",\"urlTemplate\":\"https:\/\/czysciwa-kobra.pl\/?s={search_term_string}\"},\"query-input\":{\"@type\":\"PropertyValueSpecification\",\"valueRequired\":true,\"valueName\":\"search_term_string\"}}],\"inLanguage\":\"de\"}]}<\/script>\n<!-- \/ Yoast SEO plugin. -->","yoast_head_json":{"title":"Putzlappen - KOBRA sp. j.","robots":{"index":"index","follow":"follow","max-snippet":"max-snippet:-1","max-image-preview":"max-image-preview:large","max-video-preview":"max-video-preview:-1"},"canonical":"https:\/\/czysciwa-kobra.pl\/de\/handelsangebot-putzlappen\/","og_locale":"de_DE","og_type":"article","og_title":"Putzlappen - KOBRA sp. j.","og_description":"[vc_row top_padding=&#8220;60&#8243; bg_position=&#8220;left top&#8220;][vc_column][vc_column_text] Handelsangebot f\u00fcr Putzlappen Wir laden Sie ein, sich unser Sortiment anzusehen. In unserem Angebot finden Sie eine gro\u00dfe Auswahl an Putzlappen. Indem Sie die Kategorie unten anklicken, k\u00f6nnen Sie die Produkte nur von einer gegebenen Gruppe finden. Falls nicht anders gekennzeichnet, sind unsere Putzlappen in St\u00fcck mit Abmessungen von ca. 40 \u00d7 50 cm geschnitten und in W\u00fcrfel je 10 kg oder 25 kg gepresst.[\/vc_column_text][\/vc_column][\/vc_row][vc_row type=&#8220;full_width_section&#8220; bottom_padding=&#8220;40&#8243; bg_position=&#8220;left top&#8220;][vc_column width=&#8220;1\/1&#8243;][\/vc_column][\/vc_row]","og_url":"https:\/\/czysciwa-kobra.pl\/de\/handelsangebot-putzlappen\/","og_site_name":"KOBRA sp. j.","article_modified_time":"2021-04-24T15:37:28+00:00","twitter_card":"summary_large_image","twitter_misc":{"Gesch\u00e4tzte Lesezeit":"1\u00a0Minute"},"schema":{"@context":"https:\/\/schema.org","@graph":[{"@type":"WebPage","@id":"https:\/\/czysciwa-kobra.pl\/de\/handelsangebot-putzlappen\/","url":"https:\/\/czysciwa-kobra.pl\/de\/handelsangebot-putzlappen\/","name":"Putzlappen - KOBRA sp. j.","isPartOf":{"@id":"https:\/\/czysciwa-kobra.pl\/#website"},"datePublished":"2015-12-17T10:07:50+00:00","dateModified":"2021-04-24T15:37:28+00:00","breadcrumb":{"@id":"https:\/\/czysciwa-kobra.pl\/de\/handelsangebot-putzlappen\/#breadcrumb"},"inLanguage":"de","potentialAction":[{"@type":"ReadAction","target":["https:\/\/czysciwa-kobra.pl\/de\/handelsangebot-putzlappen\/"]}]},{"@type":"BreadcrumbList","@id":"https:\/\/czysciwa-kobra.pl\/de\/handelsangebot-putzlappen\/#breadcrumb","itemListElement":[{"@type":"ListItem","position":1,"name":"Home","item":"https:\/\/czysciwa-kobra.pl\/de\/"},{"@type":"ListItem","position":2,"name":"Putzlappen"}]},{"@type":"WebSite","@id":"https:\/\/czysciwa-kobra.pl\/#website","url":"https:\/\/czysciwa-kobra.pl\/","name":"KOBRA sp. j.","description":"Czy\u015bciwo, odzie\u017c u\u017cywana i robocza, r\u0119czniki , po\u015bciel i obrusy","potentialAction":[{"@type":"SearchAction","target":{"@type":"EntryPoint","urlTemplate":"https:\/\/czysciwa-kobra.pl\/?s={search_term_string}"},"query-input":{"@type":"PropertyValueSpecification","valueRequired":true,"valueName":"search_term_string"}}],"inLanguage":"de"}]}},"_links":{"self":[{"href":"https:\/\/czysciwa-kobra.pl\/de\/wp-json\/wp\/v2\/pages\/16499","targetHints":{"allow":["GET"]}}],"collection":[{"href":"https:\/\/czysciwa-kobra.pl\/de\/wp-json\/wp\/v2\/pages"}],"about":[{"href":"https:\/\/czysciwa-kobra.pl\/de\/wp-json\/wp\/v2\/types\/page"}],"author":[{"embeddable":true,"href":"https:\/\/czysciwa-kobra.pl\/de\/wp-json\/wp\/v2\/users\/1"}],"replies":[{"embeddable":true,"href":"https:\/\/czysciwa-kobra.pl\/de\/wp-json\/wp\/v2\/comments?post=16499"}],"version-history":[{"count":4,"href":"https:\/\/czysciwa-kobra.pl\/de\/wp-json\/wp\/v2\/pages\/16499\/revisions"}],"predecessor-version":[{"id":17039,"href":"https:\/\/czysciwa-kobra.pl\/de\/wp-json\/wp\/v2\/pages\/16499\/revisions\/17039"}],"wp:attachment":[{"href":"https:\/\/czysciwa-kobra.pl\/de\/wp-json\/wp\/v2\/media?parent=16499"}],"curies":[{"name":"wp","href":"https:\/\/api.w.org\/{rel}","templated":true}]}}