{"id":16505,"date":"2013-01-07T14:20:46","date_gmt":"2013-01-07T14:20:46","guid":{"rendered":"http:\/\/czysciwa-kobra.pl\/de\/kierownictwo\/"},"modified":"2026-05-05T18:55:16","modified_gmt":"2026-05-05T16:55:16","slug":"leitungskraefte","status":"publish","type":"page","link":"https:\/\/czysciwa-kobra.pl\/de\/leitungskraefte\/","title":{"rendered":"Gesch\u00e4ftsleitung"},"content":{"rendered":"<p>[vc_row bg_color=&#8220;#ffffff&#8220; top_padding=&#8220;60&#8243; bottom_padding=&#8220;30&#8243; bg_position=&#8220;left top&#8220;][vc_column width=&#8220;1\/1&#8243;]<h3 class=\"headline font-special fontsize-m fontweight-600 lh-inherit align-center transform-uppercase \" style=\"margin: 0 0 15px 0;\">Gesch\u00e4ftsleitung und Leitungskr\u00e4fte<\/p>\n<\/h3><div class=\"headline font-inherit fontsize-m fontweight-400 lh-15 align-center transform-inherit \" style=\"margin: 0 0 40px 0; color: #001738;\">Bitte z\u00f6gern Sie nicht unseren Vertrieb, unsere Export- oder Zahlungsabteilung zu kontaktieren.<br \/>\n<\/div>[vc_row_inner][vc_column_inner width=&#8220;1\/2&#8243; animation=&#8220;none&#8220;]<div class=\"member wpb_content_element\"><div class=\"member-img\"><img decoding=\"async\" src=\"https:\/\/czysciwa-kobra.pl\/wp-content\/uploads\/2016\/01\/Miroslaw-Kobra-Zary-Kierownictwo.jpg\" alt=\"MIROS\u0141AW HAMERLI\u0143SKI Wsp\u00f3\u0142w\u0142asciciel\" \/><\/div><h4>Miros\u0142aw Hamerli\u0144ski<\/h4><div class=\"member-role\">Miteigent\u00fcmer<\/div><div class=\"member-content\"><p>Leitungskr\u00e4fte und Firmenmanagement.<br \/>\nKontaktieren Sie uns auf Deutsch, Englisch und Russisch.<br \/>\n<strong>Tel.<\/strong> +48 68 363 95 96<\/p><\/div><ul class=\"social-icons clearfix\"><li class=\"social-icon social-google\"><a href=\"https:\/\/plus.google.com\/101785225845009852848\" target=\"_blank\" title=\"Google+\"><i class=\"fa fa-google-plus\"><\/i><\/a><\/li><li class=\"social-icon social-email\"><a href=\"mailto:m.hamerlinski@czysciwa-kobra.pl\" title=\"Mail\"><i class=\"fa fa-send-o\"><\/i><\/a><\/li><\/ul><\/div>[\/vc_column_inner][vc_column_inner width=&#8220;1\/2&#8243; animation=&#8220;none&#8220;]<div class=\"member wpb_content_element\"><div class=\"member-img\"><img decoding=\"async\" src=\"https:\/\/czysciwa-kobra.pl\/wp-content\/uploads\/2013\/01\/Teresa2-Kobra-Zary-Kierownictwo-2.jpg\" alt=\"\" \/><\/div><h4>Teresa Olejnik<\/h4><div class=\"member-role\">Miteigent\u00fcmer<\/div><div class=\"member-content\"><p>Leitungskr\u00e4fte und Firmenmanagement.<br \/>\nKontaktieren Sie uns auf Deutsch, Englisch und Russisch.<br \/>\n<strong>Tel.<\/strong> +48 68 363 95 96<\/p><\/div><ul class=\"social-icons clearfix\"><li class=\"social-icon social-google\"><a href=\"https:\/\/plus.google.com\/101785225845009852848\" target=\"_blank\" title=\"Google+\"><i class=\"fa fa-google-plus\"><\/i><\/a><\/li><li class=\"social-icon social-email\"><a href=\"mailto:t.olejnik@czysciwa-kobra.pl\" title=\"Mail\"><i class=\"fa fa-send-o\"><\/i><\/a><\/li><\/ul><\/div>[\/vc_column_inner][\/vc_row_inner]<div class=\"spacer\" style=\"height: 40px;\"><\/div>[vc_row_inner][vc_column_inner width=&#8220;1\/3&#8243; animation=&#8220;none&#8220;]<div class=\"member wpb_content_element\"><div class=\"member-img\"><img decoding=\"async\" src=\"https:\/\/czysciwa-kobra.pl\/wp-content\/uploads\/2016\/01\/Ryszard-Kobra-Zary-Kierownictwo.jpg\" alt=\"Ryszard Hamerli\u0144ski Przedstawiciel handlowy\" \/><\/div><h4>Ryszard Hamerli\u0144ski<\/h4><div class=\"member-role\">Handelsvertreter<\/div><div class=\"member-content\"><p>Handelsangebote und Kundenservice<br \/>\n<strong>Tel.<\/strong>\u00a0+48 606 768 248<\/p><\/div><ul class=\"social-icons clearfix\"><li class=\"social-icon social-google\"><a href=\"https:\/\/plus.google.com\/101785225845009852848\" target=\"_blank\" title=\"Google+\"><i class=\"fa fa-google-plus\"><\/i><\/a><\/li><li class=\"social-icon social-email\"><a href=\"mailto:r.hamerlinski@czysciwa-kobra.pl\" title=\"Mail\"><i class=\"fa fa-send-o\"><\/i><\/a><\/li><\/ul><\/div>[\/vc_column_inner][vc_column_inner width=&#8220;1\/3&#8243; animation=&#8220;none&#8220;]<div class=\"member wpb_content_element\"><div class=\"member-img\"><img decoding=\"async\" src=\"https:\/\/czysciwa-kobra.pl\/wp-content\/uploads\/2016\/01\/Iwona-Kobra-Zary-Kierownictwo.jpg\" alt=\"Iwona Hamerli\u0144ska P\u0142atno\u015bci\" \/><\/div><h4>Iwona Hamerli\u0144ska<\/h4><div class=\"member-role\">Zahlung<\/div><div class=\"member-content\"><p>Forderungsbegleichung<br \/>\n<strong>Tel.<\/strong>\u00a0+48 600074395<\/p><\/div><ul class=\"social-icons clearfix\"><li class=\"social-icon social-google\"><a href=\"https:\/\/plus.google.com\/101785225845009852848\" target=\"_blank\" title=\"Google+\"><i class=\"fa fa-google-plus\"><\/i><\/a><\/li><li class=\"social-icon social-email\"><a href=\"mailto:i.hamerlinska@czysciwa-kobra.pl\" title=\"Mail\"><i class=\"fa fa-send-o\"><\/i><\/a><\/li><\/ul><\/div>[\/vc_column_inner][vc_column_inner width=&#8220;1\/3&#8243; animation=&#8220;none&#8220;]<div class=\"member wpb_content_element\"><div class=\"member-img\"><img decoding=\"async\" src=\"https:\/\/czysciwa-kobra.pl\/wp-content\/uploads\/2016\/01\/Dominika-Kobra-Zary-Kierownictwo.jpg\" alt=\"Dominika Bagi\u0144ska Kobra Sprzeda\u017c\" \/><\/div><h4>Dominika Bagi\u0144ska<\/h4><div class=\"member-role\">Verkauf<\/div><div class=\"member-content\"><p>Verkauf, Kundenservice, Einzel- und Gro\u00dfhandel<b><br \/>\n<\/b><strong>Tel.<\/strong> +48 68 363 95 96<\/p><\/div><ul class=\"social-icons clearfix\"><li class=\"social-icon social-google\"><a href=\"https:\/\/plus.google.com\/101785225845009852848\" target=\"_blank\" title=\"Google+\"><i class=\"fa fa-google-plus\"><\/i><\/a><\/li><li class=\"social-icon social-email\"><a href=\"mailto:d.baginska@czysciwa-kobra.pl\" title=\"Mail\"><i class=\"fa fa-send-o\"><\/i><\/a><\/li><\/ul><\/div>[\/vc_column_inner][\/vc_row_inner]<div class=\"spacer\" style=\"height: 40px;\"><\/div>[vc_row_inner][vc_column_inner width=&#8220;1\/3&#8243; animation=&#8220;none&#8220;]<div class=\"member wpb_content_element\"><div class=\"member-img\"><img decoding=\"async\" src=\"https:\/\/czysciwa-kobra.pl\/wp-content\/uploads\/2016\/01\/Renata-Kobra-Zary-Kierownictwo.jpg\" alt=\"Renata Kasprolewicz Specjalista do spraw kadr\" \/><\/div><h4>Renata Kasprolewicz<\/h4><div class=\"member-role\">Personalabteilung<\/div><div class=\"member-content\"><p>Verwaltung der Unterlagen von den Mitarbeitern<br \/>\n<strong>Tel.<\/strong> +48 68 363 95 96<\/p><\/div><ul class=\"social-icons clearfix\"><li class=\"social-icon social-google\"><a href=\"https:\/\/plus.google.com\/101785225845009852848\" target=\"_blank\" title=\"Google+\"><i class=\"fa fa-google-plus\"><\/i><\/a><\/li><li class=\"social-icon social-email\"><a href=\"mailto:r.kasprolewicz@czysciwa-kobra.pl\" title=\"Mail\"><i class=\"fa fa-send-o\"><\/i><\/a><\/li><\/ul><\/div>[\/vc_column_inner][vc_column_inner width=&#8220;1\/3&#8243; animation=&#8220;none&#8220;][\/vc_column_inner][vc_column_inner width=&#8220;1\/3&#8243; animation=&#8220;none&#8220;][\/vc_column_inner][\/vc_row_inner]<div class=\"spacer\" style=\"height: 40px;\"><\/div>[\/vc_column][\/vc_row][vc_row][vc_column width=&#8220;1\/1&#8243;][\/vc_column][\/vc_row]<\/p>\n","protected":false},"excerpt":{"rendered":"<p>[vc_row bg_color=&#8220;#ffffff&#8220; top_padding=&#8220;60&#8243; bottom_padding=&#8220;30&#8243; bg_position=&#8220;left top&#8220;][vc_column width=&#8220;1\/1&#8243;][vc_row_inner][vc_column_inner width=&#8220;1\/2&#8243; animation=&#8220;none&#8220;][\/vc_column_inner][vc_column_inner width=&#8220;1\/2&#8243; animation=&#8220;none&#8220;][\/vc_column_inner][\/vc_row_inner][vc_row_inner][vc_column_inner width=&#8220;1\/3&#8243; animation=&#8220;none&#8220;][\/vc_column_inner][vc_column_inner width=&#8220;1\/3&#8243; animation=&#8220;none&#8220;][\/vc_column_inner][vc_column_inner width=&#8220;1\/3&#8243; animation=&#8220;none&#8220;][\/vc_column_inner][\/vc_row_inner][vc_row_inner][vc_column_inner width=&#8220;1\/3&#8243; animation=&#8220;none&#8220;][\/vc_column_inner][vc_column_inner width=&#8220;1\/3&#8243; animation=&#8220;none&#8220;][\/vc_column_inner][vc_column_inner width=&#8220;1\/3&#8243; animation=&#8220;none&#8220;][\/vc_column_inner][\/vc_row_inner][\/vc_column][\/vc_row][vc_row][vc_column width=&#8220;1\/1&#8243;][\/vc_column][\/vc_row]<\/p>\n","protected":false},"author":1,"featured_media":0,"parent":0,"menu_order":0,"comment_status":"closed","ping_status":"open","template":"","meta":{"_bbp_topic_count":0,"_bbp_reply_count":0,"_bbp_total_topic_count":0,"_bbp_total_reply_count":0,"_bbp_voice_count":0,"_bbp_anonymous_reply_count":0,"_bbp_topic_count_hidden":0,"_bbp_reply_count_hidden":0,"_bbp_forum_subforum_count":0,"_exactmetrics_skip_tracking":false,"_exactmetrics_sitenote_active":false,"_exactmetrics_sitenote_note":"","_exactmetrics_sitenote_category":0,"footnotes":""},"class_list":["post-16505","page","type-page","status-publish","hentry"],"yoast_head":"<!-- This site is optimized with the Yoast SEO plugin v27.5 - https:\/\/yoast.com\/product\/yoast-seo-wordpress\/ -->\n<title>Gesch\u00e4ftsleitung - KOBRA sp. j.<\/title>\n<meta name=\"description\" content=\"Bitte z\u00f6gern Sie nicht unseren Vertrieb, unsere Export- oder Zahlungsabteilung zu kontaktieren.\" \/>\n<meta name=\"robots\" content=\"index, follow, max-snippet:-1, max-image-preview:large, max-video-preview:-1\" \/>\n<link rel=\"canonical\" href=\"https:\/\/czysciwa-kobra.pl\/de\/leitungskraefte\/\" \/>\n<meta property=\"og:locale\" content=\"de_DE\" \/>\n<meta property=\"og:type\" content=\"article\" \/>\n<meta property=\"og:title\" content=\"Gesch\u00e4ftsleitung - KOBRA sp. j.\" \/>\n<meta property=\"og:description\" content=\"Bitte z\u00f6gern Sie nicht unseren Vertrieb, unsere Export- oder Zahlungsabteilung zu kontaktieren.\" \/>\n<meta property=\"og:url\" content=\"https:\/\/czysciwa-kobra.pl\/de\/leitungskraefte\/\" \/>\n<meta property=\"og:site_name\" content=\"KOBRA sp. j.\" \/>\n<meta property=\"article:modified_time\" content=\"2026-05-05T16:55:16+00:00\" \/>\n<meta name=\"twitter:card\" content=\"summary_large_image\" \/>\n<meta name=\"twitter:label1\" content=\"Gesch\u00e4tzte Lesezeit\" \/>\n\t<meta name=\"twitter:data1\" content=\"1\u00a0Minute\" \/>\n<script type=\"application\/ld+json\" class=\"yoast-schema-graph\">{\"@context\":\"https:\\\/\\\/schema.org\",\"@graph\":[{\"@type\":\"WebPage\",\"@id\":\"https:\\\/\\\/czysciwa-kobra.pl\\\/de\\\/leitungskraefte\\\/\",\"url\":\"https:\\\/\\\/czysciwa-kobra.pl\\\/de\\\/leitungskraefte\\\/\",\"name\":\"Gesch\u00e4ftsleitung - KOBRA sp. j.\",\"isPartOf\":{\"@id\":\"https:\\\/\\\/czysciwa-kobra.pl\\\/#website\"},\"datePublished\":\"2013-01-07T14:20:46+00:00\",\"dateModified\":\"2026-05-05T16:55:16+00:00\",\"description\":\"Bitte z\u00f6gern Sie nicht unseren Vertrieb, unsere Export- oder Zahlungsabteilung zu kontaktieren.\",\"breadcrumb\":{\"@id\":\"https:\\\/\\\/czysciwa-kobra.pl\\\/de\\\/leitungskraefte\\\/#breadcrumb\"},\"inLanguage\":\"de\",\"potentialAction\":[{\"@type\":\"ReadAction\",\"target\":[\"https:\\\/\\\/czysciwa-kobra.pl\\\/de\\\/leitungskraefte\\\/\"]}]},{\"@type\":\"BreadcrumbList\",\"@id\":\"https:\\\/\\\/czysciwa-kobra.pl\\\/de\\\/leitungskraefte\\\/#breadcrumb\",\"itemListElement\":[{\"@type\":\"ListItem\",\"position\":1,\"name\":\"Home\",\"item\":\"https:\\\/\\\/czysciwa-kobra.pl\\\/de\\\/\"},{\"@type\":\"ListItem\",\"position\":2,\"name\":\"Gesch\u00e4ftsleitung\"}]},{\"@type\":\"WebSite\",\"@id\":\"https:\\\/\\\/czysciwa-kobra.pl\\\/#website\",\"url\":\"https:\\\/\\\/czysciwa-kobra.pl\\\/\",\"name\":\"KOBRA sp. j.\",\"description\":\"Czy\u015bciwo, odzie\u017c u\u017cywana i robocza, r\u0119czniki , po\u015bciel i obrusy\",\"potentialAction\":[{\"@type\":\"SearchAction\",\"target\":{\"@type\":\"EntryPoint\",\"urlTemplate\":\"https:\\\/\\\/czysciwa-kobra.pl\\\/?s={search_term_string}\"},\"query-input\":{\"@type\":\"PropertyValueSpecification\",\"valueRequired\":true,\"valueName\":\"search_term_string\"}}],\"inLanguage\":\"de\"}]}<\/script>\n<!-- \/ Yoast SEO plugin. -->","yoast_head_json":{"title":"Gesch\u00e4ftsleitung - KOBRA sp. j.","description":"Bitte z\u00f6gern Sie nicht unseren Vertrieb, unsere Export- oder Zahlungsabteilung zu kontaktieren.","robots":{"index":"index","follow":"follow","max-snippet":"max-snippet:-1","max-image-preview":"max-image-preview:large","max-video-preview":"max-video-preview:-1"},"canonical":"https:\/\/czysciwa-kobra.pl\/de\/leitungskraefte\/","og_locale":"de_DE","og_type":"article","og_title":"Gesch\u00e4ftsleitung - KOBRA sp. j.","og_description":"Bitte z\u00f6gern Sie nicht unseren Vertrieb, unsere Export- oder Zahlungsabteilung zu kontaktieren.","og_url":"https:\/\/czysciwa-kobra.pl\/de\/leitungskraefte\/","og_site_name":"KOBRA sp. j.","article_modified_time":"2026-05-05T16:55:16+00:00","twitter_card":"summary_large_image","twitter_misc":{"Gesch\u00e4tzte Lesezeit":"1\u00a0Minute"},"schema":{"@context":"https:\/\/schema.org","@graph":[{"@type":"WebPage","@id":"https:\/\/czysciwa-kobra.pl\/de\/leitungskraefte\/","url":"https:\/\/czysciwa-kobra.pl\/de\/leitungskraefte\/","name":"Gesch\u00e4ftsleitung - KOBRA sp. j.","isPartOf":{"@id":"https:\/\/czysciwa-kobra.pl\/#website"},"datePublished":"2013-01-07T14:20:46+00:00","dateModified":"2026-05-05T16:55:16+00:00","description":"Bitte z\u00f6gern Sie nicht unseren Vertrieb, unsere Export- oder Zahlungsabteilung zu kontaktieren.","breadcrumb":{"@id":"https:\/\/czysciwa-kobra.pl\/de\/leitungskraefte\/#breadcrumb"},"inLanguage":"de","potentialAction":[{"@type":"ReadAction","target":["https:\/\/czysciwa-kobra.pl\/de\/leitungskraefte\/"]}]},{"@type":"BreadcrumbList","@id":"https:\/\/czysciwa-kobra.pl\/de\/leitungskraefte\/#breadcrumb","itemListElement":[{"@type":"ListItem","position":1,"name":"Home","item":"https:\/\/czysciwa-kobra.pl\/de\/"},{"@type":"ListItem","position":2,"name":"Gesch\u00e4ftsleitung"}]},{"@type":"WebSite","@id":"https:\/\/czysciwa-kobra.pl\/#website","url":"https:\/\/czysciwa-kobra.pl\/","name":"KOBRA sp. j.","description":"Czy\u015bciwo, odzie\u017c u\u017cywana i robocza, r\u0119czniki , po\u015bciel i obrusy","potentialAction":[{"@type":"SearchAction","target":{"@type":"EntryPoint","urlTemplate":"https:\/\/czysciwa-kobra.pl\/?s={search_term_string}"},"query-input":{"@type":"PropertyValueSpecification","valueRequired":true,"valueName":"search_term_string"}}],"inLanguage":"de"}]}},"_links":{"self":[{"href":"https:\/\/czysciwa-kobra.pl\/de\/wp-json\/wp\/v2\/pages\/16505","targetHints":{"allow":["GET"]}}],"collection":[{"href":"https:\/\/czysciwa-kobra.pl\/de\/wp-json\/wp\/v2\/pages"}],"about":[{"href":"https:\/\/czysciwa-kobra.pl\/de\/wp-json\/wp\/v2\/types\/page"}],"author":[{"embeddable":true,"href":"https:\/\/czysciwa-kobra.pl\/de\/wp-json\/wp\/v2\/users\/1"}],"replies":[{"embeddable":true,"href":"https:\/\/czysciwa-kobra.pl\/de\/wp-json\/wp\/v2\/comments?post=16505"}],"version-history":[{"count":14,"href":"https:\/\/czysciwa-kobra.pl\/de\/wp-json\/wp\/v2\/pages\/16505\/revisions"}],"predecessor-version":[{"id":17609,"href":"https:\/\/czysciwa-kobra.pl\/de\/wp-json\/wp\/v2\/pages\/16505\/revisions\/17609"}],"wp:attachment":[{"href":"https:\/\/czysciwa-kobra.pl\/de\/wp-json\/wp\/v2\/media?parent=16505"}],"curies":[{"name":"wp","href":"https:\/\/api.w.org\/{rel}","templated":true}]}}