{"id":16528,"date":"2014-03-19T09:24:31","date_gmt":"2014-03-19T09:24:31","guid":{"rendered":"http:\/\/czysciwa-kobra.pl\/de\/kontakt\/"},"modified":"2026-01-19T14:19:25","modified_gmt":"2026-01-19T13:19:25","slug":"kontakt","status":"publish","type":"page","link":"https:\/\/czysciwa-kobra.pl\/de\/kontakt\/","title":{"rendered":"Kontakt"},"content":{"rendered":"<p>[vc_row bg_color=&#8220;#ffffff&#8220; top_padding=&#8220;60&#8243; bottom_padding=&#8220;60&#8243; bg_position=&#8220;left top&#8220;][vc_column width=&#8220;1\/3&#8243;]<h3 class=\"headline font-special fontsize-m fontweight-600 lh-inherit align-left transform-uppercase \" style=\"margin: 0 0 15px 0;\">KOBRA sp.j.<\/p>\n<\/h3>[vc_column_text]ul. M\u0119czennik\u00f3w O\u015bw. 1<br \/>\n68-200 \u017bary, Polen<\/p>\n<p><a href=\"https:\/\/goo.gl\/maps\/K5DsPcFTTBuh25eU6\" target=\"_blank\" rel=\"noopener\">Google Maps<\/a><\/p>\n<p>Tel. +48 68 363 95 96<br \/>\nTel. +48 68 470 40 04<\/p>\n<p><a href=\"mailto:info@czysciwa-kobra.pl\" target=\"_blank\" rel=\"noopener noreferrer\">info@czysciwa-kobra.pl<\/a><br \/>\n<a href=\"http:\/\/czysciwa-kobra.pl\" target=\"_blank\" rel=\"noopener noreferrer\">www.czysciwa-kobra.pl<\/a>[\/vc_column_text]<h3 class=\"headline font-special fontsize-m fontweight-600 lh-inherit align-left transform-uppercase \" style=\"margin: 0 0 15px 0; color: #009ada;\">\u00d6ffnungszeiten<\/p>\n<\/h3>[vc_column_text]<strong>Mo &#8211; Fr:<\/strong> 08.00 \u2013 16.00<br \/>\n<span class=\"\"><strong>Samstags geschlossen<\/strong><\/span>[\/vc_column_text]<h3 class=\"headline font-special fontsize-m fontweight-600 lh-inherit align-left transform-uppercase \" style=\"margin: 0 0 15px 0; color: #009ada;\">Feiertage 2026<\/p>\n<\/h3>[vc_column_text]<strong>Urlaubstage 2026<\/strong><br \/>\n03.08.2026 \u2013 14.08.2026<\/p>\n<p><strong>Andere Feiertage 2026<\/strong><br \/>\n06.04.26 \u00a0| 01.05.26 | 04.06.26<br \/>\n05.06.26 | 01.11.26 | 11.11.26<\/p>\n<p><strong>Die Weihnachtszeit 2026\/27<\/strong><br \/>\n24.12.2026 \u2013 01.01.2027<br \/>\n+ 06.01.27 (geschlossen)[\/vc_column_text][vc_column_text]<\/p>\n<div class=\"social-icon social-big\"><a href=\"https:\/\/plus.google.com\/101785225845009852848\/posts\" target=\"_blank\" title=\"\"><i class=\"fa fa-google\"><\/i><\/a><\/div><div class=\"social-icon social-big\"><a href=\"https:\/\/www.youtube.com\/channel\/UChWih9bYCyFp5PB_iEamAVA\" target=\"_blank\" title=\"\"><i class=\"fa fa-youtube\"><\/i><\/a><\/div><div class=\"clear\"><\/div>\n<p>[\/vc_column_text]<div class=\"single_image wpb_content_element align-left    \" data-animation=\"none\" data-delay=\"0\"><a href=\"https:\/\/wizytowka.rzetelnafirma.pl\/XX2BVU4F\" target=\"_blank\"><img loading=\"lazy\" decoding=\"async\" width=\"180\" height=\"89\" src=\"https:\/\/czysciwa-kobra.pl\/wp-content\/uploads\/2016\/01\/rzetelnafirma-e1452882998909.png\" class=\"attachment-full\" alt=\"\" title=\"rzetelnafirma\" \/><\/a><\/div>[vc_column_text]<span id=\"siteseal\"><script async type=\"text\/javascript\" src=\"https:\/\/seal.godaddy.com\/getSeal?sealID=sLtf7DKAlPmwHXj0F5n2QQ4F1Ol3TgBa8MxCV1vf0rmz9aF6PKXeOhADSMuL\"><\/script><\/span>[\/vc_column_text]<div class=\"single_image wpb_content_element align-left    \" data-animation=\"none\" data-delay=\"0\"><img loading=\"lazy\" decoding=\"async\" width=\"140\" height=\"100\" src=\"https:\/\/czysciwa-kobra.pl\/wp-content\/uploads\/2014\/03\/Diamen-miesiecznika-Forbes-2014-Kobra-Zary-e1450451459578.jpg\" class=\"attachment-full\" alt=\"\" title=\"Diamen-miesiecznika-Forbes-2014-Kobra-Zary\" \/><\/div>[\/vc_column][vc_column width=&#8220;2\/3&#8243;]<h3 class=\"headline font-special fontsize-m fontweight-600 lh-inherit align-left transform-uppercase \" style=\"margin: 0 0 15px 0;\">Kontaktformular<\/p>\n<\/h3>[vc_column_text]Falls Sie Fragen haben oder mehreres \u00fcber unser Angebot wissen m\u00f6chten, kontaktieren Sie uns bitte telefonisch oder per e-Mail mit dem untenstehenden Formular.<\/p>\n<p><a href=\"https:\/\/czysciwa-kobra.pl\/de\/leitungskraefte\/\">Hier anklicken<\/a>, um den direkten Kontakt zu den F\u00fchrungskr\u00e4ften oder zu den Mitarbeitern von der Transport-, Verkaufs- oder Zahlungsabteilung herzustellen.[\/vc_column_text]\n<div class=\"wpcf7 no-js\" id=\"wpcf7-f17071-o1\" lang=\"en-US\" dir=\"ltr\" data-wpcf7-id=\"17071\">\n<div class=\"screen-reader-response\"><p role=\"status\" aria-live=\"polite\" aria-atomic=\"true\"><\/p> <ul><\/ul><\/div>\n<form action=\"\/de\/wp-json\/wp\/v2\/pages\/16528#wpcf7-f17071-o1\" method=\"post\" class=\"wpcf7-form init\" aria-label=\"Contact form\" novalidate=\"novalidate\" data-status=\"init\">\n<fieldset class=\"hidden-fields-container\"><input type=\"hidden\" name=\"_wpcf7\" value=\"17071\" \/><input type=\"hidden\" name=\"_wpcf7_version\" value=\"6.1.4\" \/><input type=\"hidden\" name=\"_wpcf7_locale\" value=\"en_US\" \/><input type=\"hidden\" name=\"_wpcf7_unit_tag\" value=\"wpcf7-f17071-o1\" \/><input type=\"hidden\" name=\"_wpcf7_container_post\" value=\"0\" \/><input type=\"hidden\" name=\"_wpcf7_posted_data_hash\" value=\"\" \/>\n<\/fieldset>\n<p>Vorname und Nachname\n<\/p>\n<p><span class=\"wpcf7-form-control-wrap\" data-name=\"your-name\"><input size=\"40\" maxlength=\"400\" class=\"wpcf7-form-control wpcf7-text wpcf7-validates-as-required\" aria-required=\"true\" aria-invalid=\"false\" value=\"\" type=\"text\" name=\"your-name\" \/><\/span>\n<\/p>\n<p>Email Adresse\n<\/p>\n<p><span class=\"wpcf7-form-control-wrap\" data-name=\"your-email\"><input size=\"40\" maxlength=\"400\" class=\"wpcf7-form-control wpcf7-email wpcf7-validates-as-required wpcf7-text wpcf7-validates-as-email\" aria-required=\"true\" aria-invalid=\"false\" value=\"\" type=\"email\" name=\"your-email\" \/><\/span>\n<\/p>\n<p>Nachricht\n<\/p>\n<p><span class=\"wpcf7-form-control-wrap\" data-name=\"your-message\"><textarea cols=\"40\" rows=\"10\" maxlength=\"2000\" class=\"wpcf7-form-control wpcf7-textarea\" aria-invalid=\"false\" name=\"your-message\"><\/textarea><\/span>\n<\/p>\n<p><input type=\"hidden\" name=\"_wpcf7_captcha_challenge_captcha-1\" value=\"1438213365\" \/><img loading=\"lazy\" decoding=\"async\" class=\"wpcf7-form-control wpcf7-captchac wpcf7-captcha-captcha-1\" width=\"72\" height=\"24\" alt=\"captcha\" src=\"https:\/\/czysciwa-kobra.pl\/wp-content\/uploads\/wpcf7_captcha\/1438213365.png\" \/><span class=\"wpcf7-form-control-wrap\" data-name=\"captcha-1\"><input size=\"40\" class=\"wpcf7-form-control wpcf7-captchar\" autocomplete=\"off\" aria-invalid=\"false\" value=\"\" type=\"text\" name=\"captcha-1\" \/><\/span>\n<\/p>\n<p><span class=\"wpcf7-form-control-wrap\" data-name=\"accept-this-1\"><span class=\"wpcf7-form-control wpcf7-acceptance\"><span class=\"wpcf7-list-item\"><label><input type=\"checkbox\" name=\"accept-this-1\" value=\"1\" aria-invalid=\"false\" \/><span class=\"wpcf7-list-item-label\">Sie erkl\u00e4ren sich damit einverstanden, da\u00df Ihre Daten zur Bearbeitung Ihres Anliegens verwendet werden. Weitere Informationen und Widerrufshinweise finden Sie in der <a href=\"http:\/\/czysciwa-kobra.pl\/polityka-prywatnosci\/\" target=\"_blank\">Datenschutzerkl\u00e4rung<\/a>.<\/span><\/label><\/span><\/span><\/span>\n<\/p>\n<p><input class=\"wpcf7-form-control wpcf7-submit has-spinner\" type=\"submit\" value=\"Absenden\" \/>\n<\/p><p style=\"display: none !important;\" class=\"akismet-fields-container\" data-prefix=\"_wpcf7_ak_\"><label>&#916;<textarea name=\"_wpcf7_ak_hp_textarea\" cols=\"45\" rows=\"8\" maxlength=\"100\"><\/textarea><\/label><input type=\"hidden\" id=\"ak_js_1\" name=\"_wpcf7_ak_js\" value=\"86\"\/><script>document.getElementById( \"ak_js_1\" ).setAttribute( \"value\", ( new Date() ).getTime() );<\/script><\/p><input type='hidden' class='wpcf7-pum' value='{\"closepopup\":false,\"closedelay\":0,\"openpopup\":false,\"openpopup_id\":0}' \/><div class=\"wpcf7-response-output\" aria-hidden=\"true\"><\/div>\n<\/form>\n<\/div>\n[\/vc_column][\/vc_row]<\/p>\n","protected":false},"excerpt":{"rendered":"<p>[vc_row bg_color=&#8220;#ffffff&#8220; top_padding=&#8220;60&#8243; bottom_padding=&#8220;60&#8243; bg_position=&#8220;left top&#8220;][vc_column width=&#8220;1\/3&#8243;][vc_column_text]ul. M\u0119czennik\u00f3w O\u015bw. 1 68-200 \u017bary, Polen Google Maps Tel. +48 68 363 95 96 Tel. +48 68 470 40 04 info@czysciwa-kobra.pl www.czysciwa-kobra.pl[\/vc_column_text][vc_column_text]Mo &#8211; Fr: 08.00 \u2013 16.00 Samstags geschlossen[\/vc_column_text][vc_column_text]Urlaubstage 2026 03.08.2026 \u2013 14.08.2026 Andere Feiertage 2026 06.04.26 \u00a0| 01.05.26 | 04.06.26 05.06.26 | 01.11.26 | 11.11.26 Die Weihnachtszeit 2026\/27 24.12.2026 \u2013 01.01.2027 + 06.01.27 (geschlossen)[\/vc_column_text][vc_column_text] [\/vc_column_text][vc_column_text][\/vc_column_text][\/vc_column][vc_column width=&#8220;2\/3&#8243;][vc_column_text]Falls Sie Fragen haben oder mehreres \u00fcber unser Angebot wissen m\u00f6chten, kontaktieren Sie uns bitte telefonisch oder per e-Mail mit dem untenstehenden Formular. Hier anklicken, um den direkten Kontakt zu den F\u00fchrungskr\u00e4ften oder zu den Mitarbeitern von der Transport-, Verkaufs- oder Zahlungsabteilung herzustellen.[\/vc_column_text][\/vc_column][\/vc_row]<\/p>\n","protected":false},"author":1,"featured_media":0,"parent":0,"menu_order":0,"comment_status":"open","ping_status":"open","template":"","meta":{"_bbp_topic_count":0,"_bbp_reply_count":0,"_bbp_total_topic_count":0,"_bbp_total_reply_count":0,"_bbp_voice_count":0,"_bbp_anonymous_reply_count":0,"_bbp_topic_count_hidden":0,"_bbp_reply_count_hidden":0,"_bbp_forum_subforum_count":0,"_exactmetrics_skip_tracking":false,"_exactmetrics_sitenote_active":false,"_exactmetrics_sitenote_note":"","_exactmetrics_sitenote_category":0,"footnotes":""},"class_list":["post-16528","page","type-page","status-publish","hentry"],"yoast_head":"<!-- This site is optimized with the Yoast SEO plugin v26.7 - https:\/\/yoast.com\/wordpress\/plugins\/seo\/ -->\n<title>Kontakt - KOBRA sp. j.<\/title>\n<meta name=\"description\" content=\"Falls Sie Fragen haben oder mehreres \u00fcber unser Angebot wissen m\u00f6chten, kontaktieren Sie uns bitte telefonisch oder per e-Mail mit dem untenstehenden Formular.\" \/>\n<meta name=\"robots\" content=\"index, follow, max-snippet:-1, max-image-preview:large, max-video-preview:-1\" \/>\n<link rel=\"canonical\" href=\"https:\/\/czysciwa-kobra.pl\/de\/kontakt\/\" \/>\n<meta property=\"og:locale\" content=\"de_DE\" \/>\n<meta property=\"og:type\" content=\"article\" \/>\n<meta property=\"og:title\" content=\"Kontakt - KOBRA sp. j.\" \/>\n<meta property=\"og:description\" content=\"Falls Sie Fragen haben oder mehreres \u00fcber unser Angebot wissen m\u00f6chten, kontaktieren Sie uns bitte telefonisch oder per e-Mail mit dem untenstehenden Formular.\" \/>\n<meta property=\"og:url\" content=\"https:\/\/czysciwa-kobra.pl\/de\/kontakt\/\" \/>\n<meta property=\"og:site_name\" content=\"KOBRA sp. j.\" \/>\n<meta property=\"article:modified_time\" content=\"2026-01-19T13:19:25+00:00\" \/>\n<meta name=\"twitter:card\" content=\"summary_large_image\" \/>\n<meta name=\"twitter:label1\" content=\"Gesch\u00e4tzte Lesezeit\" \/>\n\t<meta name=\"twitter:data1\" content=\"2\u00a0Minuten\" \/>\n<script type=\"application\/ld+json\" class=\"yoast-schema-graph\">{\"@context\":\"https:\/\/schema.org\",\"@graph\":[{\"@type\":\"WebPage\",\"@id\":\"https:\/\/czysciwa-kobra.pl\/de\/kontakt\/\",\"url\":\"https:\/\/czysciwa-kobra.pl\/de\/kontakt\/\",\"name\":\"Kontakt - KOBRA sp. j.\",\"isPartOf\":{\"@id\":\"https:\/\/czysciwa-kobra.pl\/#website\"},\"datePublished\":\"2014-03-19T09:24:31+00:00\",\"dateModified\":\"2026-01-19T13:19:25+00:00\",\"description\":\"Falls Sie Fragen haben oder mehreres \u00fcber unser Angebot wissen m\u00f6chten, kontaktieren Sie uns bitte telefonisch oder per e-Mail mit dem untenstehenden Formular.\",\"breadcrumb\":{\"@id\":\"https:\/\/czysciwa-kobra.pl\/de\/kontakt\/#breadcrumb\"},\"inLanguage\":\"de\",\"potentialAction\":[{\"@type\":\"ReadAction\",\"target\":[\"https:\/\/czysciwa-kobra.pl\/de\/kontakt\/\"]}]},{\"@type\":\"BreadcrumbList\",\"@id\":\"https:\/\/czysciwa-kobra.pl\/de\/kontakt\/#breadcrumb\",\"itemListElement\":[{\"@type\":\"ListItem\",\"position\":1,\"name\":\"Home\",\"item\":\"https:\/\/czysciwa-kobra.pl\/de\/\"},{\"@type\":\"ListItem\",\"position\":2,\"name\":\"Kontakt\"}]},{\"@type\":\"WebSite\",\"@id\":\"https:\/\/czysciwa-kobra.pl\/#website\",\"url\":\"https:\/\/czysciwa-kobra.pl\/\",\"name\":\"KOBRA sp. j.\",\"description\":\"Czy\u015bciwo, odzie\u017c u\u017cywana i robocza, r\u0119czniki , po\u015bciel i obrusy\",\"potentialAction\":[{\"@type\":\"SearchAction\",\"target\":{\"@type\":\"EntryPoint\",\"urlTemplate\":\"https:\/\/czysciwa-kobra.pl\/?s={search_term_string}\"},\"query-input\":{\"@type\":\"PropertyValueSpecification\",\"valueRequired\":true,\"valueName\":\"search_term_string\"}}],\"inLanguage\":\"de\"}]}<\/script>\n<!-- \/ Yoast SEO plugin. -->","yoast_head_json":{"title":"Kontakt - KOBRA sp. j.","description":"Falls Sie Fragen haben oder mehreres \u00fcber unser Angebot wissen m\u00f6chten, kontaktieren Sie uns bitte telefonisch oder per e-Mail mit dem untenstehenden Formular.","robots":{"index":"index","follow":"follow","max-snippet":"max-snippet:-1","max-image-preview":"max-image-preview:large","max-video-preview":"max-video-preview:-1"},"canonical":"https:\/\/czysciwa-kobra.pl\/de\/kontakt\/","og_locale":"de_DE","og_type":"article","og_title":"Kontakt - KOBRA sp. j.","og_description":"Falls Sie Fragen haben oder mehreres \u00fcber unser Angebot wissen m\u00f6chten, kontaktieren Sie uns bitte telefonisch oder per e-Mail mit dem untenstehenden Formular.","og_url":"https:\/\/czysciwa-kobra.pl\/de\/kontakt\/","og_site_name":"KOBRA sp. j.","article_modified_time":"2026-01-19T13:19:25+00:00","twitter_card":"summary_large_image","twitter_misc":{"Gesch\u00e4tzte Lesezeit":"2\u00a0Minuten"},"schema":{"@context":"https:\/\/schema.org","@graph":[{"@type":"WebPage","@id":"https:\/\/czysciwa-kobra.pl\/de\/kontakt\/","url":"https:\/\/czysciwa-kobra.pl\/de\/kontakt\/","name":"Kontakt - KOBRA sp. j.","isPartOf":{"@id":"https:\/\/czysciwa-kobra.pl\/#website"},"datePublished":"2014-03-19T09:24:31+00:00","dateModified":"2026-01-19T13:19:25+00:00","description":"Falls Sie Fragen haben oder mehreres \u00fcber unser Angebot wissen m\u00f6chten, kontaktieren Sie uns bitte telefonisch oder per e-Mail mit dem untenstehenden Formular.","breadcrumb":{"@id":"https:\/\/czysciwa-kobra.pl\/de\/kontakt\/#breadcrumb"},"inLanguage":"de","potentialAction":[{"@type":"ReadAction","target":["https:\/\/czysciwa-kobra.pl\/de\/kontakt\/"]}]},{"@type":"BreadcrumbList","@id":"https:\/\/czysciwa-kobra.pl\/de\/kontakt\/#breadcrumb","itemListElement":[{"@type":"ListItem","position":1,"name":"Home","item":"https:\/\/czysciwa-kobra.pl\/de\/"},{"@type":"ListItem","position":2,"name":"Kontakt"}]},{"@type":"WebSite","@id":"https:\/\/czysciwa-kobra.pl\/#website","url":"https:\/\/czysciwa-kobra.pl\/","name":"KOBRA sp. j.","description":"Czy\u015bciwo, odzie\u017c u\u017cywana i robocza, r\u0119czniki , po\u015bciel i obrusy","potentialAction":[{"@type":"SearchAction","target":{"@type":"EntryPoint","urlTemplate":"https:\/\/czysciwa-kobra.pl\/?s={search_term_string}"},"query-input":{"@type":"PropertyValueSpecification","valueRequired":true,"valueName":"search_term_string"}}],"inLanguage":"de"}]}},"_links":{"self":[{"href":"https:\/\/czysciwa-kobra.pl\/de\/wp-json\/wp\/v2\/pages\/16528","targetHints":{"allow":["GET"]}}],"collection":[{"href":"https:\/\/czysciwa-kobra.pl\/de\/wp-json\/wp\/v2\/pages"}],"about":[{"href":"https:\/\/czysciwa-kobra.pl\/de\/wp-json\/wp\/v2\/types\/page"}],"author":[{"embeddable":true,"href":"https:\/\/czysciwa-kobra.pl\/de\/wp-json\/wp\/v2\/users\/1"}],"replies":[{"embeddable":true,"href":"https:\/\/czysciwa-kobra.pl\/de\/wp-json\/wp\/v2\/comments?post=16528"}],"version-history":[{"count":55,"href":"https:\/\/czysciwa-kobra.pl\/de\/wp-json\/wp\/v2\/pages\/16528\/revisions"}],"predecessor-version":[{"id":17605,"href":"https:\/\/czysciwa-kobra.pl\/de\/wp-json\/wp\/v2\/pages\/16528\/revisions\/17605"}],"wp:attachment":[{"href":"https:\/\/czysciwa-kobra.pl\/de\/wp-json\/wp\/v2\/media?parent=16528"}],"curies":[{"name":"wp","href":"https:\/\/api.w.org\/{rel}","templated":true}]}}