{"id":16543,"date":"2016-01-06T14:50:40","date_gmt":"2016-01-06T14:50:40","guid":{"rendered":"http:\/\/czysciwa-kobra.pl\/de\/odziez-robocza-oferta-handlowa\/"},"modified":"2021-04-24T17:33:09","modified_gmt":"2021-04-24T15:33:09","slug":"handelsangebot-arbeitskleidung","status":"publish","type":"page","link":"https:\/\/czysciwa-kobra.pl\/de\/handelsangebot-arbeitskleidung\/","title":{"rendered":"Arbeitskleidung"},"content":{"rendered":"<p>[vc_row top_padding=&#8220;60&#8243; bg_position=&#8220;left top&#8220;][vc_column][vc_column_text]<\/p>\n<h3>Handelsangebot f\u00fcr Arbeitskleidung<\/h3>\n<p>Wir laden Sie ein, sich unser Sortiment anzusehen. In unserem Angebot finden Sie eine gro\u00dfe Auswahl an Arbeitskleidung. Indem Sie die nachfolgenden Produkte anklicken, finden Sie ausf\u00fchrliche Informationen \u00fcber unser Sortiment.[\/vc_column_text][\/vc_column][\/vc_row][vc_row type=&#8220;full_width_section&#8220; bottom_padding=&#8220;40&#8243; bg_position=&#8220;left top&#8220;][vc_column width=&#8220;1\/1&#8243;]\n\t\t<div class=\"portfolio-element\">\n\n\t\t\n\t\t\t<div class=\"portfolio-filters\" data-id=\"270058697\">\n\t\t\t\t<div class=\"container\">\n\t\t\t\t\t<div class=\"sixteen columns clearfix\">\n\t\t\t\t\t\t\t\t\t\t\t\t\t<ul class=\"clearfix\">\n\t\t\t\t\t\t\t\t<li><a href=\"#\" data-filter=\"*\" class=\"filter-all active\">All<\/a><\/li>\t\n\t\t\t\t\t\t\t\t\t\t\t\t\t\t\t\t\t\t\t\t\t\t\t\t\t\t<li><a href=\"#\" data-filter=\".term-arbeitskleidung-de\">Arbeitskleidung<\/a><\/li>\n\t\t\t\t\t\t\t\t\t\t\t\t\t\t\t\t\t\t\t\t\t\t\t\t\t\t<li><a href=\"#\" data-filter=\".term-arbeitssets-de\">Arbeitsset<\/a><\/li>\n\t\t\t\t\t\t\t\t\t\t\t\t\t\t\t\t\t\t\t\t\t\t\t\t\t\t<li><a href=\"#\" data-filter=\".term-schuerzen-tunika-de\">Sch\u00fcrzen und Tunika<\/a><\/li>\n\t\t\t\t\t\t\t\t\t\t\t\t\t\t\t<\/ul>\n\t\t\t\t\t\t\t\t\t\t\t<\/div>\n\t\t\t\t<\/div>\n\t\t\t<\/div>\n\n\t\t\n\t\t\t\t\t<div class=\"container\">\n\t\t\n\t\t\t\t\t<div id=\"270058697\" class=\"portfolio-items portfolio-default portfolio-overlay-icon clearfix\" data-id=\"270058697\">  \n\t\t\t\t\t\t\n\t\t\t\t\t\t\t\n\t\t\t\t\t\t\t\n\t\t\t\t\t\t\n\t\t\t\t\t\t\t\t\t\t\t\t\t\t\t\t\n\t\t\t\t\t\t\t\t   \n\n\t\t\t\t\t\t\t\t<div class=\"term-arbeitskleidung-de portfolio-item four columns\">\n\t\t\t\t\t\t\t\t\t<div class=\"portfolio-image\"><a href=\"https:\/\/czysciwa-kobra.pl\/de\/portfolio-item\/arbeitskleidung-rueckstrahlelementen\/\" title=\"Arbeitskleidung mit R\u00fcckstrahlelementen\"><div class=\"portfolio-image-img\"><img decoding=\"async\" src=\"https:\/\/czysciwa-kobra.pl\/wp-content\/uploads\/2016\/01\/Kobra-odziez-robocza-600x400.jpg\" alt=\"Arbeitskleidung mit R\u00fcckstrahlelementen\" \/><\/div><div class=\"portfolio-overlay overlay-icon\"><\/div><i class=\"icon-minti-plus\"><\/i><\/a><\/div>\n\t\t\t\t\t\t\t\t\t<h4><a href=\"https:\/\/czysciwa-kobra.pl\/de\/portfolio-item\/arbeitskleidung-rueckstrahlelementen\/\" title=\"Arbeitskleidung mit R\u00fcckstrahlelementen\">Arbeitskleidung mit R\u00fcckstrahlelementen<\/a><\/h4>\n\t\t\t\t\t\t\t\t\t<span class=\"portfolio-subtitle\">Die Arbeitssets mit aufgen\u00e4hten Reflexstreifen.<\/span>\n\t\t\t\t\t\t\t\t<\/div>\n\n\t\t\t\t\t\t\t\t\t\t\t\t  \n\t\t\t\t\t\t\n\t\t\t\t\t\t\t\n\t\t\t\t\t\t\t\n\t\t\t\t\t\t\n\t\t\t\t\t\t\t\t\t\t\t\t\t\t\t\t\n\t\t\t\t\t\t\t\t   \n\n\t\t\t\t\t\t\t\t<div class=\"term-arbeitskleidung-de portfolio-item four columns\">\n\t\t\t\t\t\t\t\t\t<div class=\"portfolio-image\"><a href=\"https:\/\/czysciwa-kobra.pl\/de\/portfolio-item\/arbeitsjacken\/\" title=\"Arbeitsjacken\"><div class=\"portfolio-image-img\"><img decoding=\"async\" src=\"https:\/\/czysciwa-kobra.pl\/wp-content\/uploads\/2016\/01\/Kobra-Arbeitskleidung-600x400.jpg\" alt=\"Arbeitsjacken\" \/><\/div><div class=\"portfolio-overlay overlay-icon\"><\/div><i class=\"icon-minti-plus\"><\/i><\/a><\/div>\n\t\t\t\t\t\t\t\t\t<h4><a href=\"https:\/\/czysciwa-kobra.pl\/de\/portfolio-item\/arbeitsjacken\/\" title=\"Arbeitsjacken\">Arbeitsjacken<\/a><\/h4>\n\t\t\t\t\t\t\t\t\t<span class=\"portfolio-subtitle\">Arbeitsjacken aus wasserdurchl\u00e4ssigen oder wasserdichten Stoffen.<\/span>\n\t\t\t\t\t\t\t\t<\/div>\n\n\t\t\t\t\t\t\t\t\t\t\t\t  \n\t\t\t\t\t\t\n\t\t\t\t\t\t\t\n\t\t\t\t\t\t\t\n\t\t\t\t\t\t\n\t\t\t\t\t\t\t\t\t\t\t\t\t\t\t\t\n\t\t\t\t\t\t\t\t   \n\n\t\t\t\t\t\t\t\t<div class=\"term-arbeitskleidung-de portfolio-item four columns\">\n\t\t\t\t\t\t\t\t\t<div class=\"portfolio-image\"><a href=\"https:\/\/czysciwa-kobra.pl\/de\/portfolio-item\/arbeitshemden-flanell\/\" title=\"Arbeitshemden aus Flanell\"><div class=\"portfolio-image-img\"><img decoding=\"async\" src=\"https:\/\/czysciwa-kobra.pl\/wp-content\/uploads\/2016\/01\/Kobra-odziez-robocza-600x400.jpg\" alt=\"Arbeitshemden aus Flanell\" \/><\/div><div class=\"portfolio-overlay overlay-icon\"><\/div><i class=\"icon-minti-plus\"><\/i><\/a><\/div>\n\t\t\t\t\t\t\t\t\t<h4><a href=\"https:\/\/czysciwa-kobra.pl\/de\/portfolio-item\/arbeitshemden-flanell\/\" title=\"Arbeitshemden aus Flanell\">Arbeitshemden aus Flanell<\/a><\/h4>\n\t\t\t\t\t\t\t\t\t<span class=\"portfolio-subtitle\">Aus Flanell und Polyester-Baumwoll-Stoffen gefertigte Arbeitshemden.<\/span>\n\t\t\t\t\t\t\t\t<\/div>\n\n\t\t\t\t\t\t\t\t\t\t\t\t  \n\t\t\t\t\t\t\n\t\t\t\t\t\t\t\n\t\t\t\t\t\t\t\n\t\t\t\t\t\t\n\t\t\t\t\t\t\t\t\t\t\t\t\t\t\t\t\n\t\t\t\t\t\t\t\t   \n\n\t\t\t\t\t\t\t\t<div class=\"term-arbeitskleidung-de portfolio-item four columns\">\n\t\t\t\t\t\t\t\t\t<div class=\"portfolio-image\"><a href=\"https:\/\/czysciwa-kobra.pl\/de\/portfolio-item\/bundhose-weiss\/\" title=\"Bundhose Wei\u00df\"><div class=\"portfolio-image-img\"><img decoding=\"async\" src=\"https:\/\/czysciwa-kobra.pl\/wp-content\/uploads\/2016\/01\/Kobra-Arbeitskleidung-600x400.jpg\" alt=\"Bundhose Wei\u00df\" \/><\/div><div class=\"portfolio-overlay overlay-icon\"><\/div><i class=\"icon-minti-plus\"><\/i><\/a><\/div>\n\t\t\t\t\t\t\t\t\t<h4><a href=\"https:\/\/czysciwa-kobra.pl\/de\/portfolio-item\/bundhose-weiss\/\" title=\"Bundhose Wei\u00df\">Bundhose Wei\u00df<\/a><\/h4>\n\t\t\t\t\t\t\t\t\t<span class=\"portfolio-subtitle\">Die Bundhosen Wei\u00df aus Polyester sowie Baumwolle.<\/span>\n\t\t\t\t\t\t\t\t<\/div>\n\n\t\t\t\t\t\t\t\t\t\t\t\t  \n\t\t\t\t\t\t\n\t\t\t\t\t\t\t\n\t\t\t\t\t\t\t\n\t\t\t\t\t\t\n\t\t\t\t\t\t\t\t\t\t\t\t\t\t\t\t\n\t\t\t\t\t\t\t\t   \n\n\t\t\t\t\t\t\t\t<div class=\"term-arbeitskleidung-de term-schuerzen-tunika-de portfolio-item four columns\">\n\t\t\t\t\t\t\t\t\t<div class=\"portfolio-image\"><a href=\"https:\/\/czysciwa-kobra.pl\/de\/portfolio-item\/tunika-weiss\/\" title=\"Tunika Wei\u00df\"><div class=\"portfolio-image-img\"><img decoding=\"async\" src=\"https:\/\/czysciwa-kobra.pl\/wp-content\/uploads\/2016\/01\/Kobra-Schuerzen-Tunika-600x400.jpg\" alt=\"Tunika Wei\u00df\" \/><\/div><div class=\"portfolio-overlay overlay-icon\"><\/div><i class=\"icon-minti-plus\"><\/i><\/a><\/div>\n\t\t\t\t\t\t\t\t\t<h4><a href=\"https:\/\/czysciwa-kobra.pl\/de\/portfolio-item\/tunika-weiss\/\" title=\"Tunika Wei\u00df\">Tunika Wei\u00df<\/a><\/h4>\n\t\t\t\t\t\t\t\t\t<span class=\"portfolio-subtitle\">Tuniken, aus Baumwolle-Polyester-Gewebe hergestellt.<\/span>\n\t\t\t\t\t\t\t\t<\/div>\n\n\t\t\t\t\t\t\t\t\t\t\t\t  \n\t\t\t\t\t\t\n\t\t\t\t\t\t\t\n\t\t\t\t\t\t\t\n\t\t\t\t\t\t\n\t\t\t\t\t\t\t\t\t\t\t\t\t\t\t\t\n\t\t\t\t\t\t\t\t   \n\n\t\t\t\t\t\t\t\t<div class=\"term-arbeitskleidung-de term-schuerzen-tunika-de portfolio-item four columns\">\n\t\t\t\t\t\t\t\t\t<div class=\"portfolio-image\"><a href=\"https:\/\/czysciwa-kobra.pl\/de\/portfolio-item\/weisse-schuerzen\/\" title=\"Wei\u00dfe Sch\u00fcrzen\"><div class=\"portfolio-image-img\"><img decoding=\"async\" src=\"https:\/\/czysciwa-kobra.pl\/wp-content\/uploads\/2016\/01\/Kobra-Schuerzen-Tunika-600x400.jpg\" alt=\"Wei\u00dfe Sch\u00fcrzen\" \/><\/div><div class=\"portfolio-overlay overlay-icon\"><\/div><i class=\"icon-minti-plus\"><\/i><\/a><\/div>\n\t\t\t\t\t\t\t\t\t<h4><a href=\"https:\/\/czysciwa-kobra.pl\/de\/portfolio-item\/weisse-schuerzen\/\" title=\"Wei\u00dfe Sch\u00fcrzen\">Wei\u00dfe Sch\u00fcrzen<\/a><\/h4>\n\t\t\t\t\t\t\t\t\t<span class=\"portfolio-subtitle\">Wei\u00dfe Sch\u00fcrzen f\u00fcr Medizin und Gastronomie.<\/span>\n\t\t\t\t\t\t\t\t<\/div>\n\n\t\t\t\t\t\t\t\t\t\t\t\t  \n\t\t\t\t\t\t\n\t\t\t\t\t\t\t\n\t\t\t\t\t\t\t\n\t\t\t\t\t\t\n\t\t\t\t\t\t\t\t\t\t\t\t\t\t\t\t\n\t\t\t\t\t\t\t\t   \n\n\t\t\t\t\t\t\t\t<div class=\"term-arbeitskleidung-de term-schuerzen-tunika-de portfolio-item four columns\">\n\t\t\t\t\t\t\t\t\t<div class=\"portfolio-image\"><a href=\"https:\/\/czysciwa-kobra.pl\/de\/portfolio-item\/schuerzen-bunt\/\" title=\"Sch\u00fcrzen Bunt\"><div class=\"portfolio-image-img\"><img decoding=\"async\" src=\"https:\/\/czysciwa-kobra.pl\/wp-content\/uploads\/2016\/01\/Kobra-Schuerzen-Tunika-600x400.jpg\" alt=\"Sch\u00fcrzen Bunt\" \/><\/div><div class=\"portfolio-overlay overlay-icon\"><\/div><i class=\"icon-minti-plus\"><\/i><\/a><\/div>\n\t\t\t\t\t\t\t\t\t<h4><a href=\"https:\/\/czysciwa-kobra.pl\/de\/portfolio-item\/schuerzen-bunt\/\" title=\"Sch\u00fcrzen Bunt\">Sch\u00fcrzen Bunt<\/a><\/h4>\n\t\t\t\t\t\t\t\t\t<span class=\"portfolio-subtitle\">Bunte Sch\u00fcrzen in medizinischen und gastronomischen Versionen.<\/span>\n\t\t\t\t\t\t\t\t<\/div>\n\n\t\t\t\t\t\t\t\t\t\t\t\t  \n\t\t\t\t\t\t\n\t\t\t\t\t\t\t\n\t\t\t\t\t\t\t\n\t\t\t\t\t\t\n\t\t\t\t\t\t\t\t\t\t\t\t\t\t\t\t\n\t\t\t\t\t\t\t\t   \n\n\t\t\t\t\t\t\t\t<div class=\"term-arbeitskleidung-de portfolio-item four columns\">\n\t\t\t\t\t\t\t\t\t<div class=\"portfolio-image\"><a href=\"https:\/\/czysciwa-kobra.pl\/de\/portfolio-item\/overalls\/\" title=\"Overalls\"><div class=\"portfolio-image-img\"><img decoding=\"async\" src=\"https:\/\/czysciwa-kobra.pl\/wp-content\/uploads\/2016\/01\/Kobra-Arbeitskleidung-600x400.jpg\" alt=\"Overalls\" \/><\/div><div class=\"portfolio-overlay overlay-icon\"><\/div><i class=\"icon-minti-plus\"><\/i><\/a><\/div>\n\t\t\t\t\t\t\t\t\t<h4><a href=\"https:\/\/czysciwa-kobra.pl\/de\/portfolio-item\/overalls\/\" title=\"Overalls\">Overalls<\/a><\/h4>\n\t\t\t\t\t\t\t\t\t<span class=\"portfolio-subtitle\">Arbeits-Overalls mit drei Taschen wei\u00df und bunt.<\/span>\n\t\t\t\t\t\t\t\t<\/div>\n\n\t\t\t\t\t\t\t\t\t\t\t\t  \n\t\t\t\t\t\t\n\t\t\t\t\t\t\t\n\t\t\t\t\t\t\t\n\t\t\t\t\t\t\n\t\t\t\t\t\t\t\t\t\t\t\t\t\t\t\t\n\t\t\t\t\t\t\t\t   \n\n\t\t\t\t\t\t\t\t<div class=\"term-arbeitskleidung-de portfolio-item four columns\">\n\t\t\t\t\t\t\t\t\t<div class=\"portfolio-image\"><a href=\"https:\/\/czysciwa-kobra.pl\/de\/portfolio-item\/latzhose-weiss\/\" title=\"Latzhose Wei\u00df\"><div class=\"portfolio-image-img\"><img decoding=\"async\" src=\"https:\/\/czysciwa-kobra.pl\/wp-content\/uploads\/2016\/01\/Kobra-Arbeitskleidung-600x400.jpg\" alt=\"Latzhose Wei\u00df\" \/><\/div><div class=\"portfolio-overlay overlay-icon\"><\/div><i class=\"icon-minti-plus\"><\/i><\/a><\/div>\n\t\t\t\t\t\t\t\t\t<h4><a href=\"https:\/\/czysciwa-kobra.pl\/de\/portfolio-item\/latzhose-weiss\/\" title=\"Latzhose Wei\u00df\">Latzhose Wei\u00df<\/a><\/h4>\n\t\t\t\t\t\t\t\t\t<span class=\"portfolio-subtitle\">Latzhose aus Baumwolle oder Polyester unter Zusatz von Baumwolle.<\/span>\n\t\t\t\t\t\t\t\t<\/div>\n\n\t\t\t\t\t\t\t\t\t\t\t\t  \n\t\t\t\t\t\t\n\t\t\t\t\t\t\t\n\t\t\t\t\t\t\t\n\t\t\t\t\t\t\n\t\t\t\t\t\t\t\t\t\t\t\t\t\t\t\t\n\t\t\t\t\t\t\t\t   \n\n\t\t\t\t\t\t\t\t<div class=\"term-arbeitskleidung-de term-arbeitssets-de portfolio-item four columns\">\n\t\t\t\t\t\t\t\t\t<div class=\"portfolio-image\"><a href=\"https:\/\/czysciwa-kobra.pl\/de\/portfolio-item\/bundhose-hemdbluse\/\" title=\"Bundhose + Hemdbluse\"><div class=\"portfolio-image-img\"><img decoding=\"async\" src=\"https:\/\/czysciwa-kobra.pl\/wp-content\/uploads\/2016\/01\/Kobra-Arbeitsset-600x400.jpg\" alt=\"Bundhose + Hemdbluse\" \/><\/div><div class=\"portfolio-overlay overlay-icon\"><\/div><i class=\"icon-minti-plus\"><\/i><\/a><\/div>\n\t\t\t\t\t\t\t\t\t<h4><a href=\"https:\/\/czysciwa-kobra.pl\/de\/portfolio-item\/bundhose-hemdbluse\/\" title=\"Bundhose + Hemdbluse\">Bundhose + Hemdbluse<\/a><\/h4>\n\t\t\t\t\t\t\t\t\t<span class=\"portfolio-subtitle\">Arbeitssets: Bundhose mit einer Hemdbluse.<\/span>\n\t\t\t\t\t\t\t\t<\/div>\n\n\t\t\t\t\t\t\t\t\t\t\t\t  \n\t\t\t\t\t\t\n\t\t\t\t\t\t\t\n\t\t\t\t\t\t\t\n\t\t\t\t\t\t\n\t\t\t\t\t\t\t\t\t\t\t\t\t\t\t\t\n\t\t\t\t\t\t\t\t   \n\n\t\t\t\t\t\t\t\t<div class=\"term-arbeitskleidung-de term-arbeitssets-de portfolio-item four columns\">\n\t\t\t\t\t\t\t\t\t<div class=\"portfolio-image\"><a href=\"https:\/\/czysciwa-kobra.pl\/de\/portfolio-item\/latzhose-hemdbluse\/\" title=\"Latzhose + Hemdbluse\"><div class=\"portfolio-image-img\"><img decoding=\"async\" src=\"https:\/\/czysciwa-kobra.pl\/wp-content\/uploads\/2016\/01\/Kobra-Arbeitsset-600x400.jpg\" alt=\"Latzhose + Hemdbluse\" \/><\/div><div class=\"portfolio-overlay overlay-icon\"><\/div><i class=\"icon-minti-plus\"><\/i><\/a><\/div>\n\t\t\t\t\t\t\t\t\t<h4><a href=\"https:\/\/czysciwa-kobra.pl\/de\/portfolio-item\/latzhose-hemdbluse\/\" title=\"Latzhose + Hemdbluse\">Latzhose + Hemdbluse<\/a><\/h4>\n\t\t\t\t\t\t\t\t\t<span class=\"portfolio-subtitle\">Arbeitssets: Latzhose mit einer Hemdbluse.<\/span>\n\t\t\t\t\t\t\t\t<\/div>\n\n\t\t\t\t\t\t\t\t\t\t\t\t  \n\t\t\t\t\t\t\t\t\t\t\t<\/div>\n\n\t\t\t\t\t<\/div>\n\t\t\n\t\t<\/div>\n\t\t\t\n\t\t\t\t\n\t\t[\/vc_column][\/vc_row]<\/p>\n","protected":false},"excerpt":{"rendered":"<p>[vc_row top_padding=&#8220;60&#8243; bg_position=&#8220;left top&#8220;][vc_column][vc_column_text] Handelsangebot f\u00fcr Arbeitskleidung Wir laden Sie ein, sich unser Sortiment anzusehen. In unserem Angebot finden Sie eine gro\u00dfe Auswahl an Arbeitskleidung. Indem Sie die nachfolgenden Produkte anklicken, finden Sie ausf\u00fchrliche Informationen \u00fcber unser Sortiment.[\/vc_column_text][\/vc_column][\/vc_row][vc_row type=&#8220;full_width_section&#8220; bottom_padding=&#8220;40&#8243; bg_position=&#8220;left top&#8220;][vc_column width=&#8220;1\/1&#8243;][\/vc_column][\/vc_row]<\/p>\n","protected":false},"author":1,"featured_media":0,"parent":0,"menu_order":0,"comment_status":"closed","ping_status":"closed","template":"","meta":{"_bbp_topic_count":0,"_bbp_reply_count":0,"_bbp_total_topic_count":0,"_bbp_total_reply_count":0,"_bbp_voice_count":0,"_bbp_anonymous_reply_count":0,"_bbp_topic_count_hidden":0,"_bbp_reply_count_hidden":0,"_bbp_forum_subforum_count":0,"_exactmetrics_skip_tracking":false,"_exactmetrics_sitenote_active":false,"_exactmetrics_sitenote_note":"","_exactmetrics_sitenote_category":0,"footnotes":""},"class_list":["post-16543","page","type-page","status-publish","hentry"],"yoast_head":"<!-- This site is optimized with the Yoast SEO plugin v27.5 - https:\/\/yoast.com\/product\/yoast-seo-wordpress\/ -->\n<title>Arbeitskleidung - KOBRA sp. j.<\/title>\n<meta name=\"robots\" content=\"index, follow, max-snippet:-1, max-image-preview:large, max-video-preview:-1\" \/>\n<link rel=\"canonical\" href=\"https:\/\/czysciwa-kobra.pl\/de\/handelsangebot-arbeitskleidung\/\" \/>\n<meta property=\"og:locale\" content=\"de_DE\" \/>\n<meta property=\"og:type\" content=\"article\" \/>\n<meta property=\"og:title\" content=\"Arbeitskleidung - KOBRA sp. j.\" \/>\n<meta property=\"og:description\" content=\"[vc_row top_padding=&#8220;60&#8243; bg_position=&#8220;left top&#8220;][vc_column][vc_column_text] Handelsangebot f\u00fcr Arbeitskleidung Wir laden Sie ein, sich unser Sortiment anzusehen. In unserem Angebot finden Sie eine gro\u00dfe Auswahl an Arbeitskleidung. Indem Sie die nachfolgenden Produkte anklicken, finden Sie ausf\u00fchrliche Informationen \u00fcber unser Sortiment.[\/vc_column_text][\/vc_column][\/vc_row][vc_row type=&#8220;full_width_section&#8220; bottom_padding=&#8220;40&#8243; bg_position=&#8220;left top&#8220;][vc_column width=&#8220;1\/1&#8243;][\/vc_column][\/vc_row]\" \/>\n<meta property=\"og:url\" content=\"https:\/\/czysciwa-kobra.pl\/de\/handelsangebot-arbeitskleidung\/\" \/>\n<meta property=\"og:site_name\" content=\"KOBRA sp. j.\" \/>\n<meta property=\"article:modified_time\" content=\"2021-04-24T15:33:09+00:00\" \/>\n<meta name=\"twitter:card\" content=\"summary_large_image\" \/>\n<script type=\"application\/ld+json\" class=\"yoast-schema-graph\">{\"@context\":\"https:\\\/\\\/schema.org\",\"@graph\":[{\"@type\":\"WebPage\",\"@id\":\"https:\\\/\\\/czysciwa-kobra.pl\\\/de\\\/handelsangebot-arbeitskleidung\\\/\",\"url\":\"https:\\\/\\\/czysciwa-kobra.pl\\\/de\\\/handelsangebot-arbeitskleidung\\\/\",\"name\":\"Arbeitskleidung - KOBRA sp. j.\",\"isPartOf\":{\"@id\":\"https:\\\/\\\/czysciwa-kobra.pl\\\/#website\"},\"datePublished\":\"2016-01-06T14:50:40+00:00\",\"dateModified\":\"2021-04-24T15:33:09+00:00\",\"breadcrumb\":{\"@id\":\"https:\\\/\\\/czysciwa-kobra.pl\\\/de\\\/handelsangebot-arbeitskleidung\\\/#breadcrumb\"},\"inLanguage\":\"de\",\"potentialAction\":[{\"@type\":\"ReadAction\",\"target\":[\"https:\\\/\\\/czysciwa-kobra.pl\\\/de\\\/handelsangebot-arbeitskleidung\\\/\"]}]},{\"@type\":\"BreadcrumbList\",\"@id\":\"https:\\\/\\\/czysciwa-kobra.pl\\\/de\\\/handelsangebot-arbeitskleidung\\\/#breadcrumb\",\"itemListElement\":[{\"@type\":\"ListItem\",\"position\":1,\"name\":\"Home\",\"item\":\"https:\\\/\\\/czysciwa-kobra.pl\\\/de\\\/\"},{\"@type\":\"ListItem\",\"position\":2,\"name\":\"Arbeitskleidung\"}]},{\"@type\":\"WebSite\",\"@id\":\"https:\\\/\\\/czysciwa-kobra.pl\\\/#website\",\"url\":\"https:\\\/\\\/czysciwa-kobra.pl\\\/\",\"name\":\"KOBRA sp. j.\",\"description\":\"Czy\u015bciwo, odzie\u017c u\u017cywana i robocza, r\u0119czniki , po\u015bciel i obrusy\",\"potentialAction\":[{\"@type\":\"SearchAction\",\"target\":{\"@type\":\"EntryPoint\",\"urlTemplate\":\"https:\\\/\\\/czysciwa-kobra.pl\\\/?s={search_term_string}\"},\"query-input\":{\"@type\":\"PropertyValueSpecification\",\"valueRequired\":true,\"valueName\":\"search_term_string\"}}],\"inLanguage\":\"de\"}]}<\/script>\n<!-- \/ Yoast SEO plugin. -->","yoast_head_json":{"title":"Arbeitskleidung - KOBRA sp. j.","robots":{"index":"index","follow":"follow","max-snippet":"max-snippet:-1","max-image-preview":"max-image-preview:large","max-video-preview":"max-video-preview:-1"},"canonical":"https:\/\/czysciwa-kobra.pl\/de\/handelsangebot-arbeitskleidung\/","og_locale":"de_DE","og_type":"article","og_title":"Arbeitskleidung - KOBRA sp. j.","og_description":"[vc_row top_padding=&#8220;60&#8243; bg_position=&#8220;left top&#8220;][vc_column][vc_column_text] Handelsangebot f\u00fcr Arbeitskleidung Wir laden Sie ein, sich unser Sortiment anzusehen. In unserem Angebot finden Sie eine gro\u00dfe Auswahl an Arbeitskleidung. Indem Sie die nachfolgenden Produkte anklicken, finden Sie ausf\u00fchrliche Informationen \u00fcber unser Sortiment.[\/vc_column_text][\/vc_column][\/vc_row][vc_row type=&#8220;full_width_section&#8220; bottom_padding=&#8220;40&#8243; bg_position=&#8220;left top&#8220;][vc_column width=&#8220;1\/1&#8243;][\/vc_column][\/vc_row]","og_url":"https:\/\/czysciwa-kobra.pl\/de\/handelsangebot-arbeitskleidung\/","og_site_name":"KOBRA sp. j.","article_modified_time":"2021-04-24T15:33:09+00:00","twitter_card":"summary_large_image","schema":{"@context":"https:\/\/schema.org","@graph":[{"@type":"WebPage","@id":"https:\/\/czysciwa-kobra.pl\/de\/handelsangebot-arbeitskleidung\/","url":"https:\/\/czysciwa-kobra.pl\/de\/handelsangebot-arbeitskleidung\/","name":"Arbeitskleidung - KOBRA sp. j.","isPartOf":{"@id":"https:\/\/czysciwa-kobra.pl\/#website"},"datePublished":"2016-01-06T14:50:40+00:00","dateModified":"2021-04-24T15:33:09+00:00","breadcrumb":{"@id":"https:\/\/czysciwa-kobra.pl\/de\/handelsangebot-arbeitskleidung\/#breadcrumb"},"inLanguage":"de","potentialAction":[{"@type":"ReadAction","target":["https:\/\/czysciwa-kobra.pl\/de\/handelsangebot-arbeitskleidung\/"]}]},{"@type":"BreadcrumbList","@id":"https:\/\/czysciwa-kobra.pl\/de\/handelsangebot-arbeitskleidung\/#breadcrumb","itemListElement":[{"@type":"ListItem","position":1,"name":"Home","item":"https:\/\/czysciwa-kobra.pl\/de\/"},{"@type":"ListItem","position":2,"name":"Arbeitskleidung"}]},{"@type":"WebSite","@id":"https:\/\/czysciwa-kobra.pl\/#website","url":"https:\/\/czysciwa-kobra.pl\/","name":"KOBRA sp. j.","description":"Czy\u015bciwo, odzie\u017c u\u017cywana i robocza, r\u0119czniki , po\u015bciel i obrusy","potentialAction":[{"@type":"SearchAction","target":{"@type":"EntryPoint","urlTemplate":"https:\/\/czysciwa-kobra.pl\/?s={search_term_string}"},"query-input":{"@type":"PropertyValueSpecification","valueRequired":true,"valueName":"search_term_string"}}],"inLanguage":"de"}]}},"_links":{"self":[{"href":"https:\/\/czysciwa-kobra.pl\/de\/wp-json\/wp\/v2\/pages\/16543","targetHints":{"allow":["GET"]}}],"collection":[{"href":"https:\/\/czysciwa-kobra.pl\/de\/wp-json\/wp\/v2\/pages"}],"about":[{"href":"https:\/\/czysciwa-kobra.pl\/de\/wp-json\/wp\/v2\/types\/page"}],"author":[{"embeddable":true,"href":"https:\/\/czysciwa-kobra.pl\/de\/wp-json\/wp\/v2\/users\/1"}],"replies":[{"embeddable":true,"href":"https:\/\/czysciwa-kobra.pl\/de\/wp-json\/wp\/v2\/comments?post=16543"}],"version-history":[{"count":4,"href":"https:\/\/czysciwa-kobra.pl\/de\/wp-json\/wp\/v2\/pages\/16543\/revisions"}],"predecessor-version":[{"id":17090,"href":"https:\/\/czysciwa-kobra.pl\/de\/wp-json\/wp\/v2\/pages\/16543\/revisions\/17090"}],"wp:attachment":[{"href":"https:\/\/czysciwa-kobra.pl\/de\/wp-json\/wp\/v2\/media?parent=16543"}],"curies":[{"name":"wp","href":"https:\/\/api.w.org\/{rel}","templated":true}]}}