{"id":16545,"date":"2015-12-17T10:09:14","date_gmt":"2015-12-17T10:09:14","guid":{"rendered":"http:\/\/czysciwa-kobra.pl\/de\/odziez-uzywana-oferta-handlowa\/"},"modified":"2021-04-24T17:33:42","modified_gmt":"2021-04-24T15:33:42","slug":"handelsangebot-gebrauchte-kleidung","status":"publish","type":"page","link":"https:\/\/czysciwa-kobra.pl\/de\/handelsangebot-gebrauchte-kleidung\/","title":{"rendered":"Gebrauchte Kleidung"},"content":{"rendered":"<p>[vc_row top_padding=&#8220;60&#8243; bg_position=&#8220;left top&#8220;][vc_column][vc_column_text]<\/p>\n<h3>Handelsangebot f\u00fcr gebrauchte Kleidung<\/h3>\n<p>Wir laden Sie ein, sich unser Sortiment anzusehen. In unserem Angebot finden Sie eine gro\u00dfe Auswahl an Gebrauchtkleidung. Indem Sie die nachfolgenden Produkte anklicken, finden Sie ausf\u00fchrliche Informationen \u00fcber unser Sortiment.[\/vc_column_text][\/vc_column][\/vc_row][vc_row type=&#8220;full_width_section&#8220; bottom_padding=&#8220;40&#8243; bg_position=&#8220;left top&#8220;][vc_column width=&#8220;1\/1&#8243;]\n\t\t<div class=\"portfolio-element\">\n\n\t\t\n\t\t\t<div class=\"portfolio-filters\" data-id=\"1584831371\">\n\t\t\t\t<div class=\"container\">\n\t\t\t\t\t<div class=\"sixteen columns clearfix\">\n\t\t\t\t\t\t\t\t\t\t\t\t\t<ul class=\"clearfix\">\n\t\t\t\t\t\t\t\t<li><a href=\"#\" data-filter=\"*\" class=\"filter-all active\">All<\/a><\/li>\t\n\t\t\t\t\t\t\t\t\t\t\t\t\t\t\t\t\t\t\t\t\t\t\t\t\t\t<li><a href=\"#\" data-filter=\".term-gebrauchte-kleidung-de\">Gebrauchte Kleidung<\/a><\/li>\n\t\t\t\t\t\t\t\t\t\t\t\t\t\t\t<\/ul>\n\t\t\t\t\t\t\t\t\t\t\t<\/div>\n\t\t\t\t<\/div>\n\t\t\t<\/div>\n\n\t\t\n\t\t\t\t\t<div class=\"container\">\n\t\t\n\t\t\t\t\t<div id=\"1584831371\" class=\"portfolio-items portfolio-default portfolio-overlay-icon clearfix\" data-id=\"1584831371\">  \n\t\t\t\t\t\t\n\t\t\t\t\t\t\t\n\t\t\t\t\t\t\t\n\t\t\t\t\t\t\n\t\t\t\t\t\t\t\t\t\t\t\t\t\t\t\t\n\t\t\t\t\t\t\t\t   \n\n\t\t\t\t\t\t\t\t<div class=\"term-gebrauchte-kleidung-de portfolio-item four columns\">\n\t\t\t\t\t\t\t\t\t<div class=\"portfolio-image\"><a href=\"https:\/\/czysciwa-kobra.pl\/de\/portfolio-item\/sortierte-gebrauchtkleidung\/\" title=\"Sortierte Gebrauchtkleidung\"><div class=\"portfolio-image-img\"><img decoding=\"async\" src=\"https:\/\/czysciwa-kobra.pl\/wp-content\/uploads\/2016\/01\/Kobra-Odziez-Uzywana1-600x400.jpg\" alt=\"Sortierte Gebrauchtkleidung\" \/><\/div><div class=\"portfolio-overlay overlay-icon\"><\/div><i class=\"icon-minti-plus\"><\/i><\/a><\/div>\n\t\t\t\t\t\t\t\t\t<h4><a href=\"https:\/\/czysciwa-kobra.pl\/de\/portfolio-item\/sortierte-gebrauchtkleidung\/\" title=\"Sortierte Gebrauchtkleidung\">Sortierte Gebrauchtkleidung<\/a><\/h4>\n\t\t\t\t\t\t\t\t\t<span class=\"portfolio-subtitle\">Aus Norwegen, England und Deutschland importierte Gebrauchtkleidung. <\/span>\n\t\t\t\t\t\t\t\t<\/div>\n\n\t\t\t\t\t\t\t\t\t\t\t\t  \n\t\t\t\t\t\t\n\t\t\t\t\t\t\t\n\t\t\t\t\t\t\t\n\t\t\t\t\t\t\n\t\t\t\t\t\t\t\t\t\t\t\t\t\t\t\t\n\t\t\t\t\t\t\t\t   \n\n\t\t\t\t\t\t\t\t<div class=\"term-gebrauchte-kleidung-de portfolio-item four columns\">\n\t\t\t\t\t\t\t\t\t<div class=\"portfolio-image\"><a href=\"https:\/\/czysciwa-kobra.pl\/de\/portfolio-item\/gebrauchtkleidung-original\/\" title=\"Gebrauchtkleidung Original\"><div class=\"portfolio-image-img\"><img decoding=\"async\" src=\"https:\/\/czysciwa-kobra.pl\/wp-content\/uploads\/2016\/01\/Kobra-Odziez-Oryginal4-600x400.jpg\" alt=\"Gebrauchtkleidung Original\" \/><\/div><div class=\"portfolio-overlay overlay-icon\"><\/div><i class=\"icon-minti-plus\"><\/i><\/a><\/div>\n\t\t\t\t\t\t\t\t\t<h4><a href=\"https:\/\/czysciwa-kobra.pl\/de\/portfolio-item\/gebrauchtkleidung-original\/\" title=\"Gebrauchtkleidung Original\">Gebrauchtkleidung Original<\/a><\/h4>\n\t\t\t\t\t\t\t\t\t<span class=\"portfolio-subtitle\">Unsortierte Gebrauchtkleidung f\u00fcr Selbstselektion bestimmt.<\/span>\n\t\t\t\t\t\t\t\t<\/div>\n\n\t\t\t\t\t\t\t\t\t\t\t\t  \n\t\t\t\t\t\t\t\t\t\t\t<\/div>\n\n\t\t\t\t\t<\/div>\n\t\t\n\t\t<\/div>\n\t\t\t\n\t\t\t\t\n\t\t[\/vc_column][\/vc_row]<\/p>\n","protected":false},"excerpt":{"rendered":"<p>[vc_row top_padding=&#8220;60&#8243; bg_position=&#8220;left top&#8220;][vc_column][vc_column_text] Handelsangebot f\u00fcr gebrauchte Kleidung Wir laden Sie ein, sich unser Sortiment anzusehen. In unserem Angebot finden Sie eine gro\u00dfe Auswahl an Gebrauchtkleidung. Indem Sie die nachfolgenden Produkte anklicken, finden Sie ausf\u00fchrliche Informationen \u00fcber unser Sortiment.[\/vc_column_text][\/vc_column][\/vc_row][vc_row type=&#8220;full_width_section&#8220; bottom_padding=&#8220;40&#8243; bg_position=&#8220;left top&#8220;][vc_column width=&#8220;1\/1&#8243;][\/vc_column][\/vc_row]<\/p>\n","protected":false},"author":1,"featured_media":0,"parent":0,"menu_order":0,"comment_status":"closed","ping_status":"closed","template":"","meta":{"_bbp_topic_count":0,"_bbp_reply_count":0,"_bbp_total_topic_count":0,"_bbp_total_reply_count":0,"_bbp_voice_count":0,"_bbp_anonymous_reply_count":0,"_bbp_topic_count_hidden":0,"_bbp_reply_count_hidden":0,"_bbp_forum_subforum_count":0,"_exactmetrics_skip_tracking":false,"_exactmetrics_sitenote_active":false,"_exactmetrics_sitenote_note":"","_exactmetrics_sitenote_category":0,"footnotes":""},"class_list":["post-16545","page","type-page","status-publish","hentry"],"yoast_head":"<!-- This site is optimized with the Yoast SEO plugin v26.7 - https:\/\/yoast.com\/wordpress\/plugins\/seo\/ -->\n<title>Gebrauchte Kleidung - KOBRA sp. j.<\/title>\n<meta name=\"robots\" content=\"index, follow, max-snippet:-1, max-image-preview:large, max-video-preview:-1\" \/>\n<link rel=\"canonical\" href=\"https:\/\/czysciwa-kobra.pl\/de\/handelsangebot-gebrauchte-kleidung\/\" \/>\n<meta property=\"og:locale\" content=\"de_DE\" \/>\n<meta property=\"og:type\" content=\"article\" \/>\n<meta property=\"og:title\" content=\"Gebrauchte Kleidung - KOBRA sp. j.\" \/>\n<meta property=\"og:description\" content=\"[vc_row top_padding=&#8220;60&#8243; bg_position=&#8220;left top&#8220;][vc_column][vc_column_text] Handelsangebot f\u00fcr gebrauchte Kleidung Wir laden Sie ein, sich unser Sortiment anzusehen. In unserem Angebot finden Sie eine gro\u00dfe Auswahl an Gebrauchtkleidung. Indem Sie die nachfolgenden Produkte anklicken, finden Sie ausf\u00fchrliche Informationen \u00fcber unser Sortiment.[\/vc_column_text][\/vc_column][\/vc_row][vc_row type=&#8220;full_width_section&#8220; bottom_padding=&#8220;40&#8243; bg_position=&#8220;left top&#8220;][vc_column width=&#8220;1\/1&#8243;][\/vc_column][\/vc_row]\" \/>\n<meta property=\"og:url\" content=\"https:\/\/czysciwa-kobra.pl\/de\/handelsangebot-gebrauchte-kleidung\/\" \/>\n<meta property=\"og:site_name\" content=\"KOBRA sp. j.\" \/>\n<meta property=\"article:modified_time\" content=\"2021-04-24T15:33:42+00:00\" \/>\n<meta name=\"twitter:card\" content=\"summary_large_image\" \/>\n<script type=\"application\/ld+json\" class=\"yoast-schema-graph\">{\"@context\":\"https:\/\/schema.org\",\"@graph\":[{\"@type\":\"WebPage\",\"@id\":\"https:\/\/czysciwa-kobra.pl\/de\/handelsangebot-gebrauchte-kleidung\/\",\"url\":\"https:\/\/czysciwa-kobra.pl\/de\/handelsangebot-gebrauchte-kleidung\/\",\"name\":\"Gebrauchte Kleidung - KOBRA sp. j.\",\"isPartOf\":{\"@id\":\"https:\/\/czysciwa-kobra.pl\/#website\"},\"datePublished\":\"2015-12-17T10:09:14+00:00\",\"dateModified\":\"2021-04-24T15:33:42+00:00\",\"breadcrumb\":{\"@id\":\"https:\/\/czysciwa-kobra.pl\/de\/handelsangebot-gebrauchte-kleidung\/#breadcrumb\"},\"inLanguage\":\"de\",\"potentialAction\":[{\"@type\":\"ReadAction\",\"target\":[\"https:\/\/czysciwa-kobra.pl\/de\/handelsangebot-gebrauchte-kleidung\/\"]}]},{\"@type\":\"BreadcrumbList\",\"@id\":\"https:\/\/czysciwa-kobra.pl\/de\/handelsangebot-gebrauchte-kleidung\/#breadcrumb\",\"itemListElement\":[{\"@type\":\"ListItem\",\"position\":1,\"name\":\"Home\",\"item\":\"https:\/\/czysciwa-kobra.pl\/de\/\"},{\"@type\":\"ListItem\",\"position\":2,\"name\":\"Gebrauchte Kleidung\"}]},{\"@type\":\"WebSite\",\"@id\":\"https:\/\/czysciwa-kobra.pl\/#website\",\"url\":\"https:\/\/czysciwa-kobra.pl\/\",\"name\":\"KOBRA sp. j.\",\"description\":\"Czy\u015bciwo, odzie\u017c u\u017cywana i robocza, r\u0119czniki , po\u015bciel i obrusy\",\"potentialAction\":[{\"@type\":\"SearchAction\",\"target\":{\"@type\":\"EntryPoint\",\"urlTemplate\":\"https:\/\/czysciwa-kobra.pl\/?s={search_term_string}\"},\"query-input\":{\"@type\":\"PropertyValueSpecification\",\"valueRequired\":true,\"valueName\":\"search_term_string\"}}],\"inLanguage\":\"de\"}]}<\/script>\n<!-- \/ Yoast SEO plugin. -->","yoast_head_json":{"title":"Gebrauchte Kleidung - KOBRA sp. j.","robots":{"index":"index","follow":"follow","max-snippet":"max-snippet:-1","max-image-preview":"max-image-preview:large","max-video-preview":"max-video-preview:-1"},"canonical":"https:\/\/czysciwa-kobra.pl\/de\/handelsangebot-gebrauchte-kleidung\/","og_locale":"de_DE","og_type":"article","og_title":"Gebrauchte Kleidung - KOBRA sp. j.","og_description":"[vc_row top_padding=&#8220;60&#8243; bg_position=&#8220;left top&#8220;][vc_column][vc_column_text] Handelsangebot f\u00fcr gebrauchte Kleidung Wir laden Sie ein, sich unser Sortiment anzusehen. In unserem Angebot finden Sie eine gro\u00dfe Auswahl an Gebrauchtkleidung. Indem Sie die nachfolgenden Produkte anklicken, finden Sie ausf\u00fchrliche Informationen \u00fcber unser Sortiment.[\/vc_column_text][\/vc_column][\/vc_row][vc_row type=&#8220;full_width_section&#8220; bottom_padding=&#8220;40&#8243; bg_position=&#8220;left top&#8220;][vc_column width=&#8220;1\/1&#8243;][\/vc_column][\/vc_row]","og_url":"https:\/\/czysciwa-kobra.pl\/de\/handelsangebot-gebrauchte-kleidung\/","og_site_name":"KOBRA sp. j.","article_modified_time":"2021-04-24T15:33:42+00:00","twitter_card":"summary_large_image","schema":{"@context":"https:\/\/schema.org","@graph":[{"@type":"WebPage","@id":"https:\/\/czysciwa-kobra.pl\/de\/handelsangebot-gebrauchte-kleidung\/","url":"https:\/\/czysciwa-kobra.pl\/de\/handelsangebot-gebrauchte-kleidung\/","name":"Gebrauchte Kleidung - KOBRA sp. j.","isPartOf":{"@id":"https:\/\/czysciwa-kobra.pl\/#website"},"datePublished":"2015-12-17T10:09:14+00:00","dateModified":"2021-04-24T15:33:42+00:00","breadcrumb":{"@id":"https:\/\/czysciwa-kobra.pl\/de\/handelsangebot-gebrauchte-kleidung\/#breadcrumb"},"inLanguage":"de","potentialAction":[{"@type":"ReadAction","target":["https:\/\/czysciwa-kobra.pl\/de\/handelsangebot-gebrauchte-kleidung\/"]}]},{"@type":"BreadcrumbList","@id":"https:\/\/czysciwa-kobra.pl\/de\/handelsangebot-gebrauchte-kleidung\/#breadcrumb","itemListElement":[{"@type":"ListItem","position":1,"name":"Home","item":"https:\/\/czysciwa-kobra.pl\/de\/"},{"@type":"ListItem","position":2,"name":"Gebrauchte Kleidung"}]},{"@type":"WebSite","@id":"https:\/\/czysciwa-kobra.pl\/#website","url":"https:\/\/czysciwa-kobra.pl\/","name":"KOBRA sp. j.","description":"Czy\u015bciwo, odzie\u017c u\u017cywana i robocza, r\u0119czniki , po\u015bciel i obrusy","potentialAction":[{"@type":"SearchAction","target":{"@type":"EntryPoint","urlTemplate":"https:\/\/czysciwa-kobra.pl\/?s={search_term_string}"},"query-input":{"@type":"PropertyValueSpecification","valueRequired":true,"valueName":"search_term_string"}}],"inLanguage":"de"}]}},"_links":{"self":[{"href":"https:\/\/czysciwa-kobra.pl\/de\/wp-json\/wp\/v2\/pages\/16545","targetHints":{"allow":["GET"]}}],"collection":[{"href":"https:\/\/czysciwa-kobra.pl\/de\/wp-json\/wp\/v2\/pages"}],"about":[{"href":"https:\/\/czysciwa-kobra.pl\/de\/wp-json\/wp\/v2\/types\/page"}],"author":[{"embeddable":true,"href":"https:\/\/czysciwa-kobra.pl\/de\/wp-json\/wp\/v2\/users\/1"}],"replies":[{"embeddable":true,"href":"https:\/\/czysciwa-kobra.pl\/de\/wp-json\/wp\/v2\/comments?post=16545"}],"version-history":[{"count":3,"href":"https:\/\/czysciwa-kobra.pl\/de\/wp-json\/wp\/v2\/pages\/16545\/revisions"}],"predecessor-version":[{"id":17048,"href":"https:\/\/czysciwa-kobra.pl\/de\/wp-json\/wp\/v2\/pages\/16545\/revisions\/17048"}],"wp:attachment":[{"href":"https:\/\/czysciwa-kobra.pl\/de\/wp-json\/wp\/v2\/media?parent=16545"}],"curies":[{"name":"wp","href":"https:\/\/api.w.org\/{rel}","templated":true}]}}