{"id":16498,"date":"2015-12-17T10:07:50","date_gmt":"2015-12-17T10:07:50","guid":{"rendered":"http:\/\/czysciwa-kobra.pl\/en\/czysciwo-oferta-handlowa\/"},"modified":"2016-02-26T12:48:01","modified_gmt":"2016-02-26T11:48:01","slug":"wipers-trade-offer","status":"publish","type":"page","link":"https:\/\/czysciwa-kobra.pl\/en\/wipers-trade-offer\/","title":{"rendered":"Wipers"},"content":{"rendered":"<p>[vc_row top_padding=&#8221;60&#8243; bg_position=&#8221;left top&#8221;][vc_column][vc_column_text]<\/p>\n<h3>Trade offer &#8211; Wipers<\/h3>\n<p>Please, feel free to take a closer look at our trade offer.\u00a0The following\u00a0proposal\u00a0includes a wide\u00a0range\u00a0of \u00a0white and color\u00a0cleaning rags. By clicking on a category below, you will see products only from the particular\u00a0group.<br \/>\nOur cleaning rags\u00a0are cut into pieces measuring ca. 40 \u00d7 50 cm and pressed into packages\u00a0of 10 kg or 25 kg.[\/vc_column_text][\/vc_column][\/vc_row][vc_row type=&#8221;full_width_section&#8221; bottom_padding=&#8221;40&#8243; bg_position=&#8221;left top&#8221;][vc_column width=&#8221;1\/1&#8243;]\n\t\t<div class=\"portfolio-element\">\n\n\t\t\n\t\t\t<div class=\"portfolio-filters\" data-id=\"1042822066\">\n\t\t\t\t<div class=\"container\">\n\t\t\t\t\t<div class=\"sixteen columns clearfix\">\n\t\t\t\t\t\t\t\t\t\t\t\t\t<ul class=\"clearfix\">\n\t\t\t\t\t\t\t\t<li><a href=\"#\" data-filter=\"*\" class=\"filter-all active\">All<\/a><\/li>\t\n\t\t\t\t\t\t\t\t\t\t\t\t\t\t\t\t\t\t\t\t\t\t\t\t\t\t<li><a href=\"#\" data-filter=\".term-white-wipers-en\">White wipers<\/a><\/li>\n\t\t\t\t\t\t\t\t\t\t\t\t\t\t\t\t\t\t\t\t\t\t\t\t\t\t<li><a href=\"#\" data-filter=\".term-wipers-en\">Wipers<\/a><\/li>\n\t\t\t\t\t\t\t\t\t\t\t\t\t\t\t\t\t\t\t\t\t\t\t\t\t\t<li><a href=\"#\" data-filter=\".term-wipers-laundry-en\">Wipers - Laundry<\/a><\/li>\n\t\t\t\t\t\t\t\t\t\t\t\t\t\t\t\t\t\t\t\t\t\t\t\t\t\t<li><a href=\"#\" data-filter=\".term-wipers-coloured-en\">Wipers coloured<\/a><\/li>\n\t\t\t\t\t\t\t\t\t\t\t\t\t\t\t<\/ul>\n\t\t\t\t\t\t\t\t\t\t\t<\/div>\n\t\t\t\t<\/div>\n\t\t\t<\/div>\n\n\t\t\n\t\t\t\t\t<div class=\"container\">\n\t\t\n\t\t\t\t\t<div id=\"1042822066\" class=\"portfolio-items portfolio-default portfolio-overlay-icon clearfix\" data-id=\"1042822066\">  \n\t\t\t\t\t\t\n\t\t\t\t\t\t\t\n\t\t\t\t\t\t\t\n\t\t\t\t\t\t\n\t\t\t\t\t\t\t\t\t\t\t\t\t\t\t\t\n\t\t\t\t\t\t\t\t   \n\n\t\t\t\t\t\t\t\t<div class=\"term-white-wipers-en term-wipers-en portfolio-item four columns\">\n\t\t\t\t\t\t\t\t\t<div class=\"portfolio-image\"><a href=\"https:\/\/czysciwa-kobra.pl\/en\/portfolio-item\/cotton-rich-white\/\" title=\"Cotton Rich &#8211; White\"><div class=\"portfolio-image-img\"><img decoding=\"async\" src=\"https:\/\/czysciwa-kobra.pl\/wp-content\/uploads\/2016\/01\/Kobra-Czysciwo-Bialy-Standard1-600x400.jpg\" alt=\"Cotton Rich &#8211; White\" \/><\/div><div class=\"portfolio-overlay overlay-icon\"><\/div><i class=\"icon-minti-plus\"><\/i><\/a><\/div>\n\t\t\t\t\t\t\t\t\t<h4><a href=\"https:\/\/czysciwa-kobra.pl\/en\/portfolio-item\/cotton-rich-white\/\" title=\"Cotton Rich &#8211; White\">Cotton Rich &#8211; White<\/a><\/h4>\n\t\t\t\t\t\t\t\t\t<span class=\"portfolio-subtitle\">Mix of white fabrics with the addition of artificial materials.<\/span>\n\t\t\t\t\t\t\t\t<\/div>\n\n\t\t\t\t\t\t\t\t\t\t\t\t  \n\t\t\t\t\t\t\n\t\t\t\t\t\t\t\n\t\t\t\t\t\t\t\n\t\t\t\t\t\t\n\t\t\t\t\t\t\t\t\t\t\t\t\t\t\t\t\n\t\t\t\t\t\t\t\t   \n\n\t\t\t\t\t\t\t\t<div class=\"term-white-wipers-en term-wipers-en portfolio-item four columns\">\n\t\t\t\t\t\t\t\t\t<div class=\"portfolio-image\"><a href=\"https:\/\/czysciwa-kobra.pl\/en\/portfolio-item\/t-shirt-white-print\/\" title=\"T-shirt White Print\"><div class=\"portfolio-image-img\"><img decoding=\"async\" src=\"https:\/\/czysciwa-kobra.pl\/wp-content\/uploads\/2016\/01\/Kobra-Czysciwo-Trykot-Bialy-Nadruk-600x400.jpg\" alt=\"T-shirt White Print\" \/><\/div><div class=\"portfolio-overlay overlay-icon\"><\/div><i class=\"icon-minti-plus\"><\/i><\/a><\/div>\n\t\t\t\t\t\t\t\t\t<h4><a href=\"https:\/\/czysciwa-kobra.pl\/en\/portfolio-item\/t-shirt-white-print\/\" title=\"T-shirt White Print\">T-shirt White Print<\/a><\/h4>\n\t\t\t\t\t\t\t\t\t<span class=\"portfolio-subtitle\">Cleaning rags made of white T-shirts with colour prints.                           <\/span>\n\t\t\t\t\t\t\t\t<\/div>\n\n\t\t\t\t\t\t\t\t\t\t\t\t  \n\t\t\t\t\t\t\n\t\t\t\t\t\t\t\n\t\t\t\t\t\t\t\n\t\t\t\t\t\t\n\t\t\t\t\t\t\t\t\t\t\t\t\t\t\t\t\n\t\t\t\t\t\t\t\t   \n\n\t\t\t\t\t\t\t\t<div class=\"term-white-wipers-en term-wipers-en term-wipers-laundry-en portfolio-item four columns\">\n\t\t\t\t\t\t\t\t\t<div class=\"portfolio-image\"><a href=\"https:\/\/czysciwa-kobra.pl\/en\/portfolio-item\/polly-cotton\/\" title=\"Polly Cotton\"><div class=\"portfolio-image-img\"><img decoding=\"async\" src=\"https:\/\/czysciwa-kobra.pl\/wp-content\/uploads\/2015\/12\/Kobra-Czysciwo-Odziez-Medyczna-Biala-600x400.jpg\" alt=\"Polly Cotton\" \/><\/div><div class=\"portfolio-overlay overlay-icon\"><\/div><i class=\"icon-minti-plus\"><\/i><\/a><\/div>\n\t\t\t\t\t\t\t\t\t<h4><a href=\"https:\/\/czysciwa-kobra.pl\/en\/portfolio-item\/polly-cotton\/\" title=\"Polly Cotton\">Polly Cotton<\/a><\/h4>\n\t\t\t\t\t\t\t\t\t<span class=\"portfolio-subtitle\">White working fabrics of thick cotton with artificial additions.<\/span>\n\t\t\t\t\t\t\t\t<\/div>\n\n\t\t\t\t\t\t\t\t\t\t\t\t  \n\t\t\t\t\t\t\n\t\t\t\t\t\t\t\n\t\t\t\t\t\t\t\n\t\t\t\t\t\t\n\t\t\t\t\t\t\t\t\t\t\t\t\t\t\t\t\n\t\t\t\t\t\t\t\t   \n\n\t\t\t\t\t\t\t\t<div class=\"term-wipers-en term-wipers-coloured-en portfolio-item four columns\">\n\t\t\t\t\t\t\t\t\t<div class=\"portfolio-image\"><a href=\"https:\/\/czysciwa-kobra.pl\/en\/portfolio-item\/sheets-coloured\/\" title=\"Sheets Colour\"><div class=\"portfolio-image-img\"><img decoding=\"async\" src=\"https:\/\/czysciwa-kobra.pl\/wp-content\/uploads\/2015\/12\/Kobra-Czysciwo-Posciel-Kolor3-600x400.jpg\" alt=\"Sheets Colour\" \/><\/div><div class=\"portfolio-overlay overlay-icon\"><\/div><i class=\"icon-minti-plus\"><\/i><\/a><\/div>\n\t\t\t\t\t\t\t\t\t<h4><a href=\"https:\/\/czysciwa-kobra.pl\/en\/portfolio-item\/sheets-coloured\/\" title=\"Sheets Colour\">Sheets Colour<\/a><\/h4>\n\t\t\t\t\t\t\t\t\t<span class=\"portfolio-subtitle\">Wipers made of colourful cotton sheets and bedding.<\/span>\n\t\t\t\t\t\t\t\t<\/div>\n\n\t\t\t\t\t\t\t\t\t\t\t\t  \n\t\t\t\t\t\t\n\t\t\t\t\t\t\t\n\t\t\t\t\t\t\t\n\t\t\t\t\t\t\n\t\t\t\t\t\t\t\t\t\t\t\t\t\t\t\t\n\t\t\t\t\t\t\t\t   \n\n\t\t\t\t\t\t\t\t<div class=\"term-white-wipers-en term-wipers-en portfolio-item four columns\">\n\t\t\t\t\t\t\t\t\t<div class=\"portfolio-image\"><a href=\"https:\/\/czysciwa-kobra.pl\/en\/portfolio-item\/sheets-white\/\" title=\"Sheets White\"><div class=\"portfolio-image-img\"><img decoding=\"async\" src=\"https:\/\/czysciwa-kobra.pl\/wp-content\/uploads\/2015\/12\/Kobra-Czysciwo-Posciel-Biala-600x400.jpg\" alt=\"Sheets White\" \/><\/div><div class=\"portfolio-overlay overlay-icon\"><\/div><i class=\"icon-minti-plus\"><\/i><\/a><\/div>\n\t\t\t\t\t\t\t\t\t<h4><a href=\"https:\/\/czysciwa-kobra.pl\/en\/portfolio-item\/sheets-white\/\" title=\"Sheets White\">Sheets White<\/a><\/h4>\n\t\t\t\t\t\t\t\t\t<span class=\"portfolio-subtitle\">Cleaning rags made of white cotton sheets and bedding.<\/span>\n\t\t\t\t\t\t\t\t<\/div>\n\n\t\t\t\t\t\t\t\t\t\t\t\t  \n\t\t\t\t\t\t\n\t\t\t\t\t\t\t\n\t\t\t\t\t\t\t\n\t\t\t\t\t\t\n\t\t\t\t\t\t\t\t\t\t\t\t\t\t\t\t\n\t\t\t\t\t\t\t\t   \n\n\t\t\t\t\t\t\t\t<div class=\"term-white-wipers-en term-wipers-en portfolio-item four columns\">\n\t\t\t\t\t\t\t\t\t<div class=\"portfolio-image\"><a href=\"https:\/\/czysciwa-kobra.pl\/en\/portfolio-item\/mix-white\/\" title=\"Mix White\"><div class=\"portfolio-image-img\"><img decoding=\"async\" src=\"https:\/\/czysciwa-kobra.pl\/wp-content\/uploads\/2015\/12\/Kobra-Czysciwo-Mix-Bialy3-600x400.jpg\" alt=\"Mix White\" \/><\/div><div class=\"portfolio-overlay overlay-icon\"><\/div><i class=\"icon-minti-plus\"><\/i><\/a><\/div>\n\t\t\t\t\t\t\t\t\t<h4><a href=\"https:\/\/czysciwa-kobra.pl\/en\/portfolio-item\/mix-white\/\" title=\"Mix White\">Mix White<\/a><\/h4>\n\t\t\t\t\t\t\t\t\t<span class=\"portfolio-subtitle\">Mix of all types of white cotton cleaning rags.<\/span>\n\t\t\t\t\t\t\t\t<\/div>\n\n\t\t\t\t\t\t\t\t\t\t\t\t  \n\t\t\t\t\t\t\n\t\t\t\t\t\t\t\n\t\t\t\t\t\t\t\n\t\t\t\t\t\t\n\t\t\t\t\t\t\t\t\t\t\t\t\t\t\t\t\n\t\t\t\t\t\t\t\t   \n\n\t\t\t\t\t\t\t\t<div class=\"term-white-wipers-en term-wipers-en portfolio-item four columns\">\n\t\t\t\t\t\t\t\t\t<div class=\"portfolio-image\"><a href=\"https:\/\/czysciwa-kobra.pl\/en\/portfolio-item\/flannel-white\/\" title=\"Flannel White\"><div class=\"portfolio-image-img\"><img decoding=\"async\" src=\"https:\/\/czysciwa-kobra.pl\/wp-content\/uploads\/2015\/12\/Kobra-Czysciwo-Flanela-Biale1-600x400.jpg\" alt=\"Flannel White\" \/><\/div><div class=\"portfolio-overlay overlay-icon\"><\/div><i class=\"icon-minti-plus\"><\/i><\/a><\/div>\n\t\t\t\t\t\t\t\t\t<h4><a href=\"https:\/\/czysciwa-kobra.pl\/en\/portfolio-item\/flannel-white\/\" title=\"Flannel White\">Flannel White<\/a><\/h4>\n\t\t\t\t\t\t\t\t\t<span class=\"portfolio-subtitle\">Cleaning rags and wipers made of white flannel fabric.<\/span>\n\t\t\t\t\t\t\t\t<\/div>\n\n\t\t\t\t\t\t\t\t\t\t\t\t  \n\t\t\t\t\t\t\n\t\t\t\t\t\t\t\n\t\t\t\t\t\t\t\n\t\t\t\t\t\t\n\t\t\t\t\t\t\t\t\t\t\t\t\t\t\t\t\n\t\t\t\t\t\t\t\t   \n\n\t\t\t\t\t\t\t\t<div class=\"term-wipers-en term-wipers-coloured-en portfolio-item four columns\">\n\t\t\t\t\t\t\t\t\t<div class=\"portfolio-image\"><a href=\"https:\/\/czysciwa-kobra.pl\/en\/portfolio-item\/cotton-rich-coloured\/\" title=\"Cotton Rich Colour\"><div class=\"portfolio-image-img\"><img decoding=\"async\" src=\"https:\/\/czysciwa-kobra.pl\/wp-content\/uploads\/2015\/12\/Kobra-Czsciwo-Mix-Kolor3-600x400.jpg\" alt=\"Cotton Rich Colour\" \/><\/div><div class=\"portfolio-overlay overlay-icon\"><\/div><i class=\"icon-minti-plus\"><\/i><\/a><\/div>\n\t\t\t\t\t\t\t\t\t<h4><a href=\"https:\/\/czysciwa-kobra.pl\/en\/portfolio-item\/cotton-rich-coloured\/\" title=\"Cotton Rich Colour\">Cotton Rich Colour<\/a><\/h4>\n\t\t\t\t\t\t\t\t\t<span class=\"portfolio-subtitle\">Mix of colourful fabrics with the addition of artificial materials.<\/span>\n\t\t\t\t\t\t\t\t<\/div>\n\n\t\t\t\t\t\t\t\t\t\t\t\t  \n\t\t\t\t\t\t\n\t\t\t\t\t\t\t\n\t\t\t\t\t\t\t\n\t\t\t\t\t\t\n\t\t\t\t\t\t\t\t\t\t\t\t\t\t\t\t\n\t\t\t\t\t\t\t\t   \n\n\t\t\t\t\t\t\t\t<div class=\"term-wipers-en term-wipers-coloured-en portfolio-item four columns\">\n\t\t\t\t\t\t\t\t\t<div class=\"portfolio-image\"><a href=\"https:\/\/czysciwa-kobra.pl\/en\/portfolio-item\/flannel-coloured\/\" title=\"Flannel Colour\"><div class=\"portfolio-image-img\"><img decoding=\"async\" src=\"https:\/\/czysciwa-kobra.pl\/wp-content\/uploads\/2015\/12\/Kobra-Czysciwo-Flanela-Kolor3-600x400.jpg\" alt=\"Flannel Colour\" \/><\/div><div class=\"portfolio-overlay overlay-icon\"><\/div><i class=\"icon-minti-plus\"><\/i><\/a><\/div>\n\t\t\t\t\t\t\t\t\t<h4><a href=\"https:\/\/czysciwa-kobra.pl\/en\/portfolio-item\/flannel-coloured\/\" title=\"Flannel Colour\">Flannel Colour<\/a><\/h4>\n\t\t\t\t\t\t\t\t\t<span class=\"portfolio-subtitle\">Cleaning rags made of coloured flannel fabrics.<\/span>\n\t\t\t\t\t\t\t\t<\/div>\n\n\t\t\t\t\t\t\t\t\t\t\t\t  \n\t\t\t\t\t\t\n\t\t\t\t\t\t\t\n\t\t\t\t\t\t\t\n\t\t\t\t\t\t\n\t\t\t\t\t\t\t\t\t\t\t\t\t\t\t\t\n\t\t\t\t\t\t\t\t   \n\n\t\t\t\t\t\t\t\t<div class=\"term-white-wipers-en term-wipers-en portfolio-item four columns\">\n\t\t\t\t\t\t\t\t\t<div class=\"portfolio-image\"><a href=\"https:\/\/czysciwa-kobra.pl\/en\/portfolio-item\/terry-towelling-white\/\" title=\"Terry Towelling White\"><div class=\"portfolio-image-img\"><img decoding=\"async\" src=\"https:\/\/czysciwa-kobra.pl\/wp-content\/uploads\/2015\/12\/Kobra-Czysciwo-Frota-Biala1-600x400.jpg\" alt=\"Terry Towelling White\" \/><\/div><div class=\"portfolio-overlay overlay-icon\"><\/div><i class=\"icon-minti-plus\"><\/i><\/a><\/div>\n\t\t\t\t\t\t\t\t\t<h4><a href=\"https:\/\/czysciwa-kobra.pl\/en\/portfolio-item\/terry-towelling-white\/\" title=\"Terry Towelling White\">Terry Towelling White<\/a><\/h4>\n\t\t\t\t\t\t\t\t\t<span class=\"portfolio-subtitle\">White fabrics of terry towelling with a high liquids absorption capacity.<\/span>\n\t\t\t\t\t\t\t\t<\/div>\n\n\t\t\t\t\t\t\t\t\t\t\t\t  \n\t\t\t\t\t\t\n\t\t\t\t\t\t\t\n\t\t\t\t\t\t\t\n\t\t\t\t\t\t\n\t\t\t\t\t\t\t\t\t\t\t\t\t\t\t\t\n\t\t\t\t\t\t\t\t   \n\n\t\t\t\t\t\t\t\t<div class=\"term-wipers-en term-wipers-coloured-en portfolio-item four columns\">\n\t\t\t\t\t\t\t\t\t<div class=\"portfolio-image\"><a href=\"https:\/\/czysciwa-kobra.pl\/en\/portfolio-item\/terry-towelling-coloured\/\" title=\"Terry Towelling Colour\"><div class=\"portfolio-image-img\"><img decoding=\"async\" src=\"https:\/\/czysciwa-kobra.pl\/wp-content\/uploads\/2015\/12\/Kobra-Czysciwo-frota-Kolor1-600x400.jpg\" alt=\"Terry Towelling Colour\" \/><\/div><div class=\"portfolio-overlay overlay-icon\"><\/div><i class=\"icon-minti-plus\"><\/i><\/a><\/div>\n\t\t\t\t\t\t\t\t\t<h4><a href=\"https:\/\/czysciwa-kobra.pl\/en\/portfolio-item\/terry-towelling-coloured\/\" title=\"Terry Towelling Colour\">Terry Towelling Colour<\/a><\/h4>\n\t\t\t\t\t\t\t\t\t<span class=\"portfolio-subtitle\">Kolorowe czy\u015bciwo z tkaniny froty r\u0119cznikowej.<\/span>\n\t\t\t\t\t\t\t\t<\/div>\n\n\t\t\t\t\t\t\t\t\t\t\t\t  \n\t\t\t\t\t\t\n\t\t\t\t\t\t\t\n\t\t\t\t\t\t\t\n\t\t\t\t\t\t\n\t\t\t\t\t\t\t\t\t\t\t\t\t\t\t\t\n\t\t\t\t\t\t\t\t   \n\n\t\t\t\t\t\t\t\t<div class=\"term-wipers-en term-wipers-coloured-en portfolio-item four columns\">\n\t\t\t\t\t\t\t\t\t<div class=\"portfolio-image\"><a href=\"https:\/\/czysciwa-kobra.pl\/en\/portfolio-item\/t-shirts-sweatshirt-coloured\/\" title=\"T-shirts Sweatshirts Colour\"><div class=\"portfolio-image-img\"><img decoding=\"async\" src=\"https:\/\/czysciwa-kobra.pl\/wp-content\/uploads\/2014\/12\/Kobra-Czysciwo-Trykot-Kolor7-600x400.jpg\" alt=\"T-shirts Sweatshirts Colour\" \/><\/div><div class=\"portfolio-overlay overlay-icon\"><\/div><i class=\"icon-minti-plus\"><\/i><\/a><\/div>\n\t\t\t\t\t\t\t\t\t<h4><a href=\"https:\/\/czysciwa-kobra.pl\/en\/portfolio-item\/t-shirts-sweatshirt-coloured\/\" title=\"T-shirts Sweatshirts Colour\">T-shirts Sweatshirts Colour<\/a><\/h4>\n\t\t\t\t\t\t\t\t\t<span class=\"portfolio-subtitle\">Wipers made of coloured thick and thin cottons.<\/span>\n\t\t\t\t\t\t\t\t<\/div>\n\n\t\t\t\t\t\t\t\t\t\t\t\t  \n\t\t\t\t\t\t\n\t\t\t\t\t\t\t\n\t\t\t\t\t\t\t\n\t\t\t\t\t\t\n\t\t\t\t\t\t\t\t\t\t\t\t\t\t\t\t\n\t\t\t\t\t\t\t\t   \n\n\t\t\t\t\t\t\t\t<div class=\"term-white-wipers-en term-wipers-en portfolio-item four columns\">\n\t\t\t\t\t\t\t\t\t<div class=\"portfolio-image\"><a href=\"https:\/\/czysciwa-kobra.pl\/en\/portfolio-item\/t-shirts-white\/\" title=\"T-shirts White\"><div class=\"portfolio-image-img\"><img decoding=\"async\" src=\"https:\/\/czysciwa-kobra.pl\/wp-content\/uploads\/2014\/12\/Kobra-Czysciwo-Trykot-Bialy1-600x400.jpg\" alt=\"T-shirts White\" \/><\/div><div class=\"portfolio-overlay overlay-icon\"><\/div><i class=\"icon-minti-plus\"><\/i><\/a><\/div>\n\t\t\t\t\t\t\t\t\t<h4><a href=\"https:\/\/czysciwa-kobra.pl\/en\/portfolio-item\/t-shirts-white\/\" title=\"T-shirts White\">T-shirts White<\/a><\/h4>\n\t\t\t\t\t\t\t\t\t<span class=\"portfolio-subtitle\">Cleaning rags made of white thick and thin cottons.<\/span>\n\t\t\t\t\t\t\t\t<\/div>\n\n\t\t\t\t\t\t\t\t\t\t\t\t  \n\t\t\t\t\t\t\n\t\t\t\t\t\t\t\n\t\t\t\t\t\t\t\n\t\t\t\t\t\t\n\t\t\t\t\t\t\t\t\t\t\t\t\t\t\t\t\n\t\t\t\t\t\t\t\t   \n\n\t\t\t\t\t\t\t\t<div class=\"term-wipers-en term-wipers-coloured-en portfolio-item four columns\">\n\t\t\t\t\t\t\t\t\t<div class=\"portfolio-image\"><a href=\"https:\/\/czysciwa-kobra.pl\/en\/portfolio-item\/cotton-coloured\/\" title=\"Cotton Colour\"><div class=\"portfolio-image-img\"><img decoding=\"async\" src=\"https:\/\/czysciwa-kobra.pl\/wp-content\/uploads\/2014\/12\/Kobra-Czysciwo-Bawelna-Kolor1-600x400.jpg\" alt=\"Cotton Colour\" \/><\/div><div class=\"portfolio-overlay overlay-icon\"><\/div><i class=\"icon-minti-plus\"><\/i><\/a><\/div>\n\t\t\t\t\t\t\t\t\t<h4><a href=\"https:\/\/czysciwa-kobra.pl\/en\/portfolio-item\/cotton-coloured\/\" title=\"Cotton Colour\">Cotton Colour<\/a><\/h4>\n\t\t\t\t\t\t\t\t\t<span class=\"portfolio-subtitle\">Cleaning rags made of coloured cotton fabrics.<\/span>\n\t\t\t\t\t\t\t\t<\/div>\n\n\t\t\t\t\t\t\t\t\t\t\t\t  \n\t\t\t\t\t\t\n\t\t\t\t\t\t\t\n\t\t\t\t\t\t\t\n\t\t\t\t\t\t\n\t\t\t\t\t\t\t\t\t\t\t\t\t\t\t\t\n\t\t\t\t\t\t\t\t   \n\n\t\t\t\t\t\t\t\t<div class=\"term-white-wipers-en term-wipers-en portfolio-item four columns\">\n\t\t\t\t\t\t\t\t\t<div class=\"portfolio-image\"><a href=\"https:\/\/czysciwa-kobra.pl\/en\/portfolio-item\/cotton-white\/\" title=\"Cotton White\"><div class=\"portfolio-image-img\"><img decoding=\"async\" src=\"https:\/\/czysciwa-kobra.pl\/wp-content\/uploads\/2014\/08\/Kobra-Czysciwo-Flanela-Biale1-600x400.jpg\" alt=\"Cotton White\" \/><\/div><div class=\"portfolio-overlay overlay-icon\"><\/div><i class=\"icon-minti-plus\"><\/i><\/a><\/div>\n\t\t\t\t\t\t\t\t\t<h4><a href=\"https:\/\/czysciwa-kobra.pl\/en\/portfolio-item\/cotton-white\/\" title=\"Cotton White\">Cotton White<\/a><\/h4>\n\t\t\t\t\t\t\t\t\t<span class=\"portfolio-subtitle\">Cleaning rags made of white cotton fabrics.<\/span>\n\t\t\t\t\t\t\t\t<\/div>\n\n\t\t\t\t\t\t\t\t\t\t\t\t  \n\t\t\t\t\t\t\t\t\t\t\t<\/div>\n\n\t\t\t\t\t<\/div>\n\t\t\n\t\t<\/div>\n\t\t\t\n\t\t\t\t\n\t\t[\/vc_column][\/vc_row]<\/p>\n","protected":false},"excerpt":{"rendered":"<p>[vc_row top_padding=&#8221;60&#8243; bg_position=&#8221;left top&#8221;][vc_column][vc_column_text] Trade offer &#8211; Wipers Please, feel free to take a closer look at our trade offer.\u00a0The following\u00a0proposal\u00a0includes a wide\u00a0range\u00a0of \u00a0white and color\u00a0cleaning rags. By clicking on a category below, you will see products only from the particular\u00a0group. Our cleaning rags\u00a0are cut into pieces measuring ca. 40 \u00d7 50 cm and pressed into packages\u00a0of 10 kg or 25 kg.[\/vc_column_text][\/vc_column][\/vc_row][vc_row type=&#8221;full_width_section&#8221; bottom_padding=&#8221;40&#8243; bg_position=&#8221;left top&#8221;][vc_column width=&#8221;1\/1&#8243;][\/vc_column][\/vc_row]<\/p>\n","protected":false},"author":1,"featured_media":0,"parent":0,"menu_order":0,"comment_status":"closed","ping_status":"closed","template":"","meta":{"_bbp_topic_count":0,"_bbp_reply_count":0,"_bbp_total_topic_count":0,"_bbp_total_reply_count":0,"_bbp_voice_count":0,"_bbp_anonymous_reply_count":0,"_bbp_topic_count_hidden":0,"_bbp_reply_count_hidden":0,"_bbp_forum_subforum_count":0,"_exactmetrics_skip_tracking":false,"_exactmetrics_sitenote_active":false,"_exactmetrics_sitenote_note":"","_exactmetrics_sitenote_category":0,"footnotes":""},"class_list":["post-16498","page","type-page","status-publish","hentry"],"yoast_head":"<!-- This site is optimized with the Yoast SEO plugin v26.7 - https:\/\/yoast.com\/wordpress\/plugins\/seo\/ -->\n<title>Kobra Sp.j. - Trade offer - Wipers<\/title>\n<meta name=\"description\" content=\"Take a look at our wipers offer. Kobra Sp.j. is a global trade of second-hand clothing, workwear, textiles and cleaning rags.\" \/>\n<meta name=\"robots\" content=\"index, follow, max-snippet:-1, max-image-preview:large, max-video-preview:-1\" \/>\n<link rel=\"canonical\" href=\"https:\/\/czysciwa-kobra.pl\/en\/wipers-trade-offer\/\" \/>\n<meta property=\"og:locale\" content=\"en_US\" \/>\n<meta property=\"og:type\" content=\"article\" \/>\n<meta property=\"og:title\" content=\"Kobra Sp.j. - Trade offer - Wipers\" \/>\n<meta property=\"og:description\" content=\"Take a look at our wipers offer. Kobra Sp.j. is a global trade of second-hand clothing, workwear, textiles and cleaning rags.\" \/>\n<meta property=\"og:url\" content=\"https:\/\/czysciwa-kobra.pl\/en\/wipers-trade-offer\/\" \/>\n<meta property=\"og:site_name\" content=\"KOBRA sp. j.\" \/>\n<meta property=\"article:modified_time\" content=\"2016-02-26T11:48:01+00:00\" \/>\n<meta name=\"twitter:card\" content=\"summary_large_image\" \/>\n<meta name=\"twitter:label1\" content=\"Est. reading time\" \/>\n\t<meta name=\"twitter:data1\" content=\"1 minute\" \/>\n<script type=\"application\/ld+json\" class=\"yoast-schema-graph\">{\"@context\":\"https:\/\/schema.org\",\"@graph\":[{\"@type\":\"WebPage\",\"@id\":\"https:\/\/czysciwa-kobra.pl\/en\/wipers-trade-offer\/\",\"url\":\"https:\/\/czysciwa-kobra.pl\/en\/wipers-trade-offer\/\",\"name\":\"Kobra Sp.j. - Trade offer - Wipers\",\"isPartOf\":{\"@id\":\"https:\/\/czysciwa-kobra.pl\/#website\"},\"datePublished\":\"2015-12-17T10:07:50+00:00\",\"dateModified\":\"2016-02-26T11:48:01+00:00\",\"description\":\"Take a look at our wipers offer. Kobra Sp.j. is a global trade of second-hand clothing, workwear, textiles and cleaning rags.\",\"breadcrumb\":{\"@id\":\"https:\/\/czysciwa-kobra.pl\/en\/wipers-trade-offer\/#breadcrumb\"},\"inLanguage\":\"en-US\",\"potentialAction\":[{\"@type\":\"ReadAction\",\"target\":[\"https:\/\/czysciwa-kobra.pl\/en\/wipers-trade-offer\/\"]}]},{\"@type\":\"BreadcrumbList\",\"@id\":\"https:\/\/czysciwa-kobra.pl\/en\/wipers-trade-offer\/#breadcrumb\",\"itemListElement\":[{\"@type\":\"ListItem\",\"position\":1,\"name\":\"Home\",\"item\":\"https:\/\/czysciwa-kobra.pl\/en\/\"},{\"@type\":\"ListItem\",\"position\":2,\"name\":\"Wipers\"}]},{\"@type\":\"WebSite\",\"@id\":\"https:\/\/czysciwa-kobra.pl\/#website\",\"url\":\"https:\/\/czysciwa-kobra.pl\/\",\"name\":\"KOBRA sp. j.\",\"description\":\"Czy\u015bciwo, odzie\u017c u\u017cywana i robocza, r\u0119czniki , po\u015bciel i obrusy\",\"potentialAction\":[{\"@type\":\"SearchAction\",\"target\":{\"@type\":\"EntryPoint\",\"urlTemplate\":\"https:\/\/czysciwa-kobra.pl\/?s={search_term_string}\"},\"query-input\":{\"@type\":\"PropertyValueSpecification\",\"valueRequired\":true,\"valueName\":\"search_term_string\"}}],\"inLanguage\":\"en-US\"}]}<\/script>\n<!-- \/ Yoast SEO plugin. -->","yoast_head_json":{"title":"Kobra Sp.j. - Trade offer - Wipers","description":"Take a look at our wipers offer. Kobra Sp.j. is a global trade of second-hand clothing, workwear, textiles and cleaning rags.","robots":{"index":"index","follow":"follow","max-snippet":"max-snippet:-1","max-image-preview":"max-image-preview:large","max-video-preview":"max-video-preview:-1"},"canonical":"https:\/\/czysciwa-kobra.pl\/en\/wipers-trade-offer\/","og_locale":"en_US","og_type":"article","og_title":"Kobra Sp.j. - Trade offer - Wipers","og_description":"Take a look at our wipers offer. Kobra Sp.j. is a global trade of second-hand clothing, workwear, textiles and cleaning rags.","og_url":"https:\/\/czysciwa-kobra.pl\/en\/wipers-trade-offer\/","og_site_name":"KOBRA sp. j.","article_modified_time":"2016-02-26T11:48:01+00:00","twitter_card":"summary_large_image","twitter_misc":{"Est. reading time":"1 minute"},"schema":{"@context":"https:\/\/schema.org","@graph":[{"@type":"WebPage","@id":"https:\/\/czysciwa-kobra.pl\/en\/wipers-trade-offer\/","url":"https:\/\/czysciwa-kobra.pl\/en\/wipers-trade-offer\/","name":"Kobra Sp.j. - Trade offer - Wipers","isPartOf":{"@id":"https:\/\/czysciwa-kobra.pl\/#website"},"datePublished":"2015-12-17T10:07:50+00:00","dateModified":"2016-02-26T11:48:01+00:00","description":"Take a look at our wipers offer. Kobra Sp.j. is a global trade of second-hand clothing, workwear, textiles and cleaning rags.","breadcrumb":{"@id":"https:\/\/czysciwa-kobra.pl\/en\/wipers-trade-offer\/#breadcrumb"},"inLanguage":"en-US","potentialAction":[{"@type":"ReadAction","target":["https:\/\/czysciwa-kobra.pl\/en\/wipers-trade-offer\/"]}]},{"@type":"BreadcrumbList","@id":"https:\/\/czysciwa-kobra.pl\/en\/wipers-trade-offer\/#breadcrumb","itemListElement":[{"@type":"ListItem","position":1,"name":"Home","item":"https:\/\/czysciwa-kobra.pl\/en\/"},{"@type":"ListItem","position":2,"name":"Wipers"}]},{"@type":"WebSite","@id":"https:\/\/czysciwa-kobra.pl\/#website","url":"https:\/\/czysciwa-kobra.pl\/","name":"KOBRA sp. j.","description":"Czy\u015bciwo, odzie\u017c u\u017cywana i robocza, r\u0119czniki , po\u015bciel i obrusy","potentialAction":[{"@type":"SearchAction","target":{"@type":"EntryPoint","urlTemplate":"https:\/\/czysciwa-kobra.pl\/?s={search_term_string}"},"query-input":{"@type":"PropertyValueSpecification","valueRequired":true,"valueName":"search_term_string"}}],"inLanguage":"en-US"}]}},"_links":{"self":[{"href":"https:\/\/czysciwa-kobra.pl\/en\/wp-json\/wp\/v2\/pages\/16498","targetHints":{"allow":["GET"]}}],"collection":[{"href":"https:\/\/czysciwa-kobra.pl\/en\/wp-json\/wp\/v2\/pages"}],"about":[{"href":"https:\/\/czysciwa-kobra.pl\/en\/wp-json\/wp\/v2\/types\/page"}],"author":[{"embeddable":true,"href":"https:\/\/czysciwa-kobra.pl\/en\/wp-json\/wp\/v2\/users\/1"}],"replies":[{"embeddable":true,"href":"https:\/\/czysciwa-kobra.pl\/en\/wp-json\/wp\/v2\/comments?post=16498"}],"version-history":[{"count":4,"href":"https:\/\/czysciwa-kobra.pl\/en\/wp-json\/wp\/v2\/pages\/16498\/revisions"}],"predecessor-version":[{"id":16976,"href":"https:\/\/czysciwa-kobra.pl\/en\/wp-json\/wp\/v2\/pages\/16498\/revisions\/16976"}],"wp:attachment":[{"href":"https:\/\/czysciwa-kobra.pl\/en\/wp-json\/wp\/v2\/media?parent=16498"}],"curies":[{"name":"wp","href":"https:\/\/api.w.org\/{rel}","templated":true}]}}