{"id":16508,"date":"2014-07-02T12:38:13","date_gmt":"2014-07-02T12:38:13","guid":{"rendered":"http:\/\/czysciwa-kobra.pl\/en\/home-minimal-classic\/"},"modified":"2018-05-18T17:56:53","modified_gmt":"2018-05-18T15:56:53","slug":"kobra","status":"publish","type":"page","link":"https:\/\/czysciwa-kobra.pl\/en\/","title":{"rendered":"Kobra"},"content":{"rendered":"<p>[vc_row type=&#8221;full_width_section&#8221; bg_position=&#8221;left top&#8221;][vc_column width=&#8221;1\/1&#8243;][rev_slider_vc alias=&#8221;slider-en&#8221;][\/vc_column][\/vc_row][vc_row top_padding=&#8221;60&#8243; bottom_padding=&#8221;30&#8243; row_id=&#8221;intro&#8221; bg_position=&#8221;left top&#8221;][vc_column width=&#8221;1\/1&#8243;]<h3 class=\"headline font-special fontsize-m fontweight-600 lh-inherit align-center transform-uppercase \" style=\"margin: 0 0 15px 0;\">Kobra Sp. j.<\/p>\n<\/h3><div class=\"headline font-inherit fontsize-m fontweight-400 lh-15 align-center transform-inherit \" style=\"margin: 0 0 40px 0; color: #001738;\">Kobra Sp.j. has existed since 2 January, 1992. We specialise in the global trade of second-hand clothing, workwear, textiles for hotels and restaurants, as well as the used clothes sorting, recycling and production of cleaning rags.<\/p>\n<\/div>[vc_row_inner][vc_column_inner width=&#8221;1\/3&#8243; animation=&#8221;none&#8221;]<h4 class=\"headline font-special fontsize-m fontweight-600 lh-inherit align-left transform-inherit \" style=\"margin: 0 0 5px 0;\">What we do<\/p>\n<\/h4>[vc_column_text]On the area of more than 6000m2 we produce several assortments of <a href=\"https:\/\/czysciwa-kobra.pl\/en\/wipers-trade-offer\/\">cleaning rags<\/a>\u00a0from used textile materials applicable in workshop, industry, trade, crafts and other areas of economy&#8230;<\/p>\n<a href=\"http:\/\/czysciwa-kobra.pl\/en\/about-us\/\" target=\"_self\" class=\"button button-appear color-2 small \" style=\"border-radius: 2px;\"><span>Read more<i class='fa fa-chevron-right'><\/i><\/span><\/a>[\/vc_column_text][\/vc_column_inner][vc_column_inner width=&#8221;1\/3&#8243; animation=&#8221;none&#8221;]<h4 class=\"headline font-special fontsize-m fontweight-600 lh-inherit align-left transform-inherit \" style=\"margin: 0 0 5px 0;\">Areas of activity<\/p>\n<\/h4>[vc_column_text]We produce monthly about 700 tonnes of various cleaning rags\u00a0assortments.\u00a0We use a unique <a href=\"https:\/\/czysciwa-kobra.pl\/en\/trade-offer-used-clothing\/\">used clothes<\/a> sale technology and we operate in the field of recycling throughout a process of textile sorting&#8230;<\/p>\n<a href=\"http:\/\/czysciwa-kobra.pl\/en\/about-us\/\" target=\"_self\" class=\"button button-appear color-2 small \" style=\"border-radius: 2px;\"><span>Read more<i class='fa fa-chevron-right'><\/i><\/span><\/a>[\/vc_column_text][\/vc_column_inner][vc_column_inner width=&#8221;1\/3&#8243; animation=&#8221;none&#8221;]<h4 class=\"headline font-special fontsize-m fontweight-600 lh-inherit align-left transform-inherit \" style=\"margin: 0 0 5px 0;\">Our achievements<\/p>\n<\/h4>[vc_column_text]We were honoured in the national business rankings and we work with over 2000 contractors from all over the world. We participate in the <a href=\"https:\/\/czysciwa-kobra.pl\/en\/recycling-trade-offer\/\">recycling<\/a> process, helping to reduce environment pollution&#8230;<\/p>\n<a href=\"http:\/\/czysciwa-kobra.pl\/en\/about-us\/\" target=\"_self\" class=\"button button-appear color-2 small \" style=\"border-radius: 2px;\"><span>Read more<i class='fa fa-chevron-right'><\/i><\/span><\/a>[\/vc_column_text][\/vc_column_inner][\/vc_row_inner][\/vc_column][\/vc_row][vc_row bg_color=&#8221;#f9f9f9&#8243; top_padding=&#8221;60&#8243; bottom_padding=&#8221;30&#8243; row_id=&#8221;intro&#8221; bg_position=&#8221;left top&#8221;][vc_column width=&#8221;1\/1&#8243;][vc_row_inner][vc_column_inner width=&#8221;1\/4&#8243; animation=&#8221;none&#8221;]<div class=\"single_image wpb_content_element align-left    \" data-animation=\"none\" data-delay=\"0\"><img loading=\"lazy\" decoding=\"async\" width=\"1280\" height=\"853\" src=\"https:\/\/czysciwa-kobra.pl\/wp-content\/uploads\/2014\/07\/Kobra-Czysciwo-feature-pictures.jpg\" class=\"attachment-full\" alt=\"\" title=\"Kobra-Czysciwo-feature-pictures\" srcset=\"https:\/\/czysciwa-kobra.pl\/wp-content\/uploads\/2014\/07\/Kobra-Czysciwo-feature-pictures.jpg 1280w, https:\/\/czysciwa-kobra.pl\/wp-content\/uploads\/2014\/07\/Kobra-Czysciwo-feature-pictures-300x200.jpg 300w, https:\/\/czysciwa-kobra.pl\/wp-content\/uploads\/2014\/07\/Kobra-Czysciwo-feature-pictures-768x512.jpg 768w, https:\/\/czysciwa-kobra.pl\/wp-content\/uploads\/2014\/07\/Kobra-Czysciwo-feature-pictures-1024x682.jpg 1024w, https:\/\/czysciwa-kobra.pl\/wp-content\/uploads\/2014\/07\/Kobra-Czysciwo-feature-pictures-600x400.jpg 600w\" sizes=\"auto, (max-width: 1280px) 100vw, 1280px\" \/><\/div><h4 class=\"headline font-special fontsize-m fontweight-600 lh-inherit align-left transform-inherit \" style=\"margin: 0 0 5px 0;\">Wipers<\/p>\n<\/h4>[vc_column_text]We produce several assortments of wipers (cleaning rags)\u00a0from used textile materials such as t-shirts, towels, flannel, cotton, and white and coloured sheets.<\/p>\n<a href=\"http:\/\/czysciwa-kobra.pl\/en\/wipers-trade-offer\/\" target=\"_self\" class=\"button button-appear color-2 small \" style=\"border-radius: 2px;\"><span>View offer<i class='fa fa-chevron-right'><\/i><\/span><\/a>[\/vc_column_text][\/vc_column_inner][vc_column_inner width=&#8221;1\/4&#8243; animation=&#8221;none&#8221;]<div class=\"single_image wpb_content_element align-left    \" data-animation=\"none\" data-delay=\"0\"><img loading=\"lazy\" decoding=\"async\" width=\"1280\" height=\"853\" src=\"https:\/\/czysciwa-kobra.pl\/wp-content\/uploads\/2014\/07\/Kobra-Odziez-uzywana-feature-pictures.jpg\" class=\"attachment-full\" alt=\"\" title=\"Kobra-Odziez-uzywana-feature-pictures\" srcset=\"https:\/\/czysciwa-kobra.pl\/wp-content\/uploads\/2014\/07\/Kobra-Odziez-uzywana-feature-pictures.jpg 1280w, https:\/\/czysciwa-kobra.pl\/wp-content\/uploads\/2014\/07\/Kobra-Odziez-uzywana-feature-pictures-300x200.jpg 300w, https:\/\/czysciwa-kobra.pl\/wp-content\/uploads\/2014\/07\/Kobra-Odziez-uzywana-feature-pictures-768x512.jpg 768w, https:\/\/czysciwa-kobra.pl\/wp-content\/uploads\/2014\/07\/Kobra-Odziez-uzywana-feature-pictures-1024x682.jpg 1024w, https:\/\/czysciwa-kobra.pl\/wp-content\/uploads\/2014\/07\/Kobra-Odziez-uzywana-feature-pictures-600x400.jpg 600w\" sizes=\"auto, (max-width: 1280px) 100vw, 1280px\" \/><\/div><h4 class=\"headline font-special fontsize-m fontweight-600 lh-inherit align-left transform-inherit \" style=\"margin: 0 0 5px 0;\">Used clothing<\/p>\n<\/h4>[vc_column_text]We have been distributing high quality used clothes from all over the world. We offer a wide range of sorted used women&#8217;s, men&#8217;s and children&#8217;s clothes.<\/p>\n<a href=\"http:\/\/czysciwa-kobra.pl\/en\/trade-offer-used-clothing\/\" target=\"_self\" class=\"button button-appear color-2 small \" style=\"border-radius: 2px;\"><span>View offer<i class='fa fa-chevron-right'><\/i><\/span><\/a>[\/vc_column_text][\/vc_column_inner][vc_column_inner width=&#8221;1\/4&#8243; animation=&#8221;none&#8221;]<div class=\"single_image wpb_content_element align-left    \" data-animation=\"none\" data-delay=\"0\"><img loading=\"lazy\" decoding=\"async\" width=\"1280\" height=\"853\" src=\"https:\/\/czysciwa-kobra.pl\/wp-content\/uploads\/2014\/03\/Kobra-obszary-dzialania-sprzedaz.jpg\" class=\"attachment-full\" alt=\"\" title=\"Kobra-obszary-dzialania-sprzedaz\" srcset=\"https:\/\/czysciwa-kobra.pl\/wp-content\/uploads\/2014\/03\/Kobra-obszary-dzialania-sprzedaz.jpg 1280w, https:\/\/czysciwa-kobra.pl\/wp-content\/uploads\/2014\/03\/Kobra-obszary-dzialania-sprzedaz-300x200.jpg 300w, https:\/\/czysciwa-kobra.pl\/wp-content\/uploads\/2014\/03\/Kobra-obszary-dzialania-sprzedaz-768x512.jpg 768w, https:\/\/czysciwa-kobra.pl\/wp-content\/uploads\/2014\/03\/Kobra-obszary-dzialania-sprzedaz-1024x682.jpg 1024w, https:\/\/czysciwa-kobra.pl\/wp-content\/uploads\/2014\/03\/Kobra-obszary-dzialania-sprzedaz-600x400.jpg 600w\" sizes=\"auto, (max-width: 1280px) 100vw, 1280px\" \/><\/div><h4 class=\"headline font-special fontsize-m fontweight-600 lh-inherit align-left transform-inherit \" style=\"margin: 0 0 5px 0;\">Workwear<\/p>\n<\/h4>[vc_column_text]Take a look at\u00a0our business offer of workwear. Here you will find a wide range of\u00a0work clothing such as jackets, shirts, aprons or overalls.<\/p>\n<a href=\"http:\/\/czysciwa-kobra.pl\/en\/trade-offer-workwear\/\/\" target=\"_self\" class=\"button button-appear color-2 small \" style=\"border-radius: 2px;\"><span>View offer<i class='fa fa-chevron-right'><\/i><\/span><\/a>[\/vc_column_text][\/vc_column_inner][vc_column_inner width=&#8221;1\/4&#8243; animation=&#8221;none&#8221;]<div class=\"single_image wpb_content_element align-left    \" data-animation=\"none\" data-delay=\"0\"><img loading=\"lazy\" decoding=\"async\" width=\"1280\" height=\"853\" src=\"https:\/\/czysciwa-kobra.pl\/wp-content\/uploads\/2014\/07\/Kobra-zary-tekstylia-hotelowe-featured.jpg\" class=\"attachment-full\" alt=\"\" title=\"Kobra-zary-tekstylia-hotelowe-featured\" srcset=\"https:\/\/czysciwa-kobra.pl\/wp-content\/uploads\/2014\/07\/Kobra-zary-tekstylia-hotelowe-featured.jpg 1280w, https:\/\/czysciwa-kobra.pl\/wp-content\/uploads\/2014\/07\/Kobra-zary-tekstylia-hotelowe-featured-300x200.jpg 300w, https:\/\/czysciwa-kobra.pl\/wp-content\/uploads\/2014\/07\/Kobra-zary-tekstylia-hotelowe-featured-768x512.jpg 768w, https:\/\/czysciwa-kobra.pl\/wp-content\/uploads\/2014\/07\/Kobra-zary-tekstylia-hotelowe-featured-1024x682.jpg 1024w, https:\/\/czysciwa-kobra.pl\/wp-content\/uploads\/2014\/07\/Kobra-zary-tekstylia-hotelowe-featured-600x400.jpg 600w\" sizes=\"auto, (max-width: 1280px) 100vw, 1280px\" \/><\/div><h4 class=\"headline font-special fontsize-m fontweight-600 lh-inherit align-left transform-inherit \" style=\"margin: 0 0 5px 0;\">Hotel textiles<\/p>\n<\/h4>[vc_column_text]We specialise in\u00a0wholesale and retail textiles for hotels and catering. In our\u00a0offer you will find a wide range of bed linen, tablecloths and towels.<\/p>\n<a href=\"http:\/\/czysciwa-kobra.pl\/en\/textiles-hotels-restaurants\/\" target=\"_self\" class=\"button button-appear color-2 small \" style=\"border-radius: 2px;\"><span>View offer<i class='fa fa-chevron-right'><\/i><\/span><\/a>[\/vc_column_text][\/vc_column_inner][\/vc_row_inner][\/vc_column][\/vc_row][vc_row type=&#8221;full_width_section&#8221; video_bg=&#8221;use_video&#8221; enable_video_color_overlay=&#8221;true&#8221; video_overlay_color=&#8221;rgba(0,37,61,0.68)&#8221; video_webm=&#8221;https:\/\/czysciwa-kobra.pl\/wp-content\/uploads\/2016\/01\/Kobra-zary-website-movie-kolor.webm&#8221; video_mp4=&#8221;https:\/\/czysciwa-kobra.pl\/wp-content\/uploads\/2016\/01\/Kobra-zary-website-movie-kolor.mp4&#8243; video_ogv=&#8221;https:\/\/czysciwa-kobra.pl\/wp-content\/uploads\/2016\/01\/Kobra-zary-website-movie-kolor.ogv&#8221; video_image=&#8221;15676&#8243; top_padding=&#8221;350&#8243; bottom_padding=&#8221;350&#8243; video_bg_url=&#8221;&#8221; bg_position=&#8221;left top&#8221;][vc_column width=&#8221;1\/1&#8243;][vc_column_text]<br \/>\n[\/vc_column_text][\/vc_column][\/vc_row][vc_row type=&#8221;full_width_section&#8221; bg_color=&#8221;#009ada&#8221; bg_position=&#8221;left top&#8221;][vc_column width=&#8221;1\/1&#8243;]<div class=\"callout clearfix\" style=\"background-color:#009ada; color:#ffffff;\">\n\t\t<div class=\"callout-text\">Do you have questions to our offer?\u00a0<\/div>\n\t\t\t<div class=\"callout-button\"><a class=\"button medium color-8\" href=\"http:\/\/czysciwa-kobra.pl\/en\/contact\/\" target=\"_self\">Contact us<\/a><\/div>\n\t\t<\/div>[\/vc_column][\/vc_row]<\/p>\n","protected":false},"excerpt":{"rendered":"<p>[vc_row type=&#8221;full_width_section&#8221; bg_position=&#8221;left top&#8221;][vc_column width=&#8221;1\/1&#8243;][rev_slider_vc alias=&#8221;slider-en&#8221;][\/vc_column][\/vc_row][vc_row top_padding=&#8221;60&#8243; bottom_padding=&#8221;30&#8243; row_id=&#8221;intro&#8221; bg_position=&#8221;left top&#8221;][vc_column width=&#8221;1\/1&#8243;][vc_row_inner][vc_column_inner width=&#8221;1\/3&#8243; animation=&#8221;none&#8221;][vc_column_text]On the area of more than 6000m2 we produce several assortments of cleaning rags\u00a0from used textile materials applicable in workshop, industry, trade, crafts and other areas of economy&#8230; [\/vc_column_text][\/vc_column_inner][vc_column_inner width=&#8221;1\/3&#8243; animation=&#8221;none&#8221;][vc_column_text]We produce monthly about 700 tonnes of various cleaning rags\u00a0assortments.\u00a0We use a unique used clothes sale technology and we operate in the field of recycling throughout a process of textile sorting&#8230; [\/vc_column_text][\/vc_column_inner][vc_column_inner width=&#8221;1\/3&#8243; animation=&#8221;none&#8221;][vc_column_text]We were honoured in the national business rankings and we work with over 2000 contractors from all over the world. We participate in the recycling process, helping to reduce environment pollution&#8230; [\/vc_column_text][\/vc_column_inner][\/vc_row_inner][\/vc_column][\/vc_row][vc_row bg_color=&#8221;#f9f9f9&#8243; top_padding=&#8221;60&#8243; bottom_padding=&#8221;30&#8243; row_id=&#8221;intro&#8221; bg_position=&#8221;left top&#8221;][vc_column width=&#8221;1\/1&#8243;][vc_row_inner][vc_column_inner width=&#8221;1\/4&#8243; animation=&#8221;none&#8221;][vc_column_text]We produce several assortments of wipers (cleaning rags)\u00a0from used textile materials such as t-shirts, towels, flannel, cotton, and white and coloured sheets. [\/vc_column_text][\/vc_column_inner][vc_column_inner width=&#8221;1\/4&#8243; animation=&#8221;none&#8221;][vc_column_text]We have been distributing high quality used clothes from all over the world. We offer a wide range of sorted used women&#8217;s, men&#8217;s and children&#8217;s clothes. [\/vc_column_text][\/vc_column_inner][vc_column_inner width=&#8221;1\/4&#8243; animation=&#8221;none&#8221;][vc_column_text]Take a look at\u00a0our business offer of workwear. Here you will find a wide range of\u00a0work clothing such as jackets, shirts, aprons or overalls. [\/vc_column_text][\/vc_column_inner][vc_column_inner width=&#8221;1\/4&#8243; animation=&#8221;none&#8221;][vc_column_text]We specialise in\u00a0wholesale and retail textiles [&hellip;]<\/p>\n","protected":false},"author":1,"featured_media":0,"parent":0,"menu_order":0,"comment_status":"open","ping_status":"open","template":"","meta":{"_bbp_topic_count":0,"_bbp_reply_count":0,"_bbp_total_topic_count":0,"_bbp_total_reply_count":0,"_bbp_voice_count":0,"_bbp_anonymous_reply_count":0,"_bbp_topic_count_hidden":0,"_bbp_reply_count_hidden":0,"_bbp_forum_subforum_count":0,"_exactmetrics_skip_tracking":false,"_exactmetrics_sitenote_active":false,"_exactmetrics_sitenote_note":"","_exactmetrics_sitenote_category":0,"footnotes":""},"class_list":["post-16508","page","type-page","status-publish","hentry"],"yoast_head":"<!-- This site is optimized with the Yoast SEO plugin v27.5 - https:\/\/yoast.com\/product\/yoast-seo-wordpress\/ -->\n<title>Kobra Sp.j. Cleaning rags, second-hand clothing, textiles<\/title>\n<meta name=\"description\" content=\"Global trade of second-hand clothing, workwear, textiles for hotels and restaurants and used clothes sorting, recycling and production of cleaning rags.\" \/>\n<meta name=\"robots\" content=\"index, follow, max-snippet:-1, max-image-preview:large, max-video-preview:-1\" \/>\n<link rel=\"canonical\" href=\"https:\/\/czysciwa-kobra.pl\/en\/\" \/>\n<meta property=\"og:locale\" content=\"en_US\" \/>\n<meta property=\"og:type\" content=\"article\" \/>\n<meta property=\"og:title\" content=\"Kobra Sp.j. Cleaning rags, second-hand clothing, textiles\" \/>\n<meta property=\"og:description\" content=\"Global trade of second-hand clothing, workwear, textiles for hotels and restaurants and used clothes sorting, recycling and production of cleaning rags.\" \/>\n<meta property=\"og:url\" content=\"https:\/\/czysciwa-kobra.pl\/en\/\" \/>\n<meta property=\"og:site_name\" content=\"KOBRA sp. j.\" \/>\n<meta property=\"article:modified_time\" content=\"2018-05-18T15:56:53+00:00\" \/>\n<meta name=\"twitter:card\" content=\"summary_large_image\" \/>\n<meta name=\"twitter:label1\" content=\"Est. reading time\" \/>\n\t<meta name=\"twitter:data1\" content=\"4 minutes\" \/>\n<script type=\"application\/ld+json\" class=\"yoast-schema-graph\">{\"@context\":\"https:\\\/\\\/schema.org\",\"@graph\":[{\"@type\":\"WebPage\",\"@id\":\"https:\\\/\\\/czysciwa-kobra.pl\\\/en\\\/\",\"url\":\"https:\\\/\\\/czysciwa-kobra.pl\\\/en\\\/\",\"name\":\"Kobra Sp.j. Cleaning rags, second-hand clothing, textiles\",\"isPartOf\":{\"@id\":\"https:\\\/\\\/czysciwa-kobra.pl\\\/#website\"},\"datePublished\":\"2014-07-02T12:38:13+00:00\",\"dateModified\":\"2018-05-18T15:56:53+00:00\",\"description\":\"Global trade of second-hand clothing, workwear, textiles for hotels and restaurants and used clothes sorting, recycling and production of cleaning rags.\",\"breadcrumb\":{\"@id\":\"https:\\\/\\\/czysciwa-kobra.pl\\\/en\\\/#breadcrumb\"},\"inLanguage\":\"en-US\",\"potentialAction\":[{\"@type\":\"ReadAction\",\"target\":[\"https:\\\/\\\/czysciwa-kobra.pl\\\/en\\\/\"]}]},{\"@type\":\"BreadcrumbList\",\"@id\":\"https:\\\/\\\/czysciwa-kobra.pl\\\/en\\\/#breadcrumb\",\"itemListElement\":[{\"@type\":\"ListItem\",\"position\":1,\"name\":\"Home\",\"item\":\"https:\\\/\\\/czysciwa-kobra.pl\\\/en\\\/\"},{\"@type\":\"ListItem\",\"position\":2,\"name\":\"Kobra\"}]},{\"@type\":\"WebSite\",\"@id\":\"https:\\\/\\\/czysciwa-kobra.pl\\\/#website\",\"url\":\"https:\\\/\\\/czysciwa-kobra.pl\\\/\",\"name\":\"KOBRA sp. j.\",\"description\":\"Czy\u015bciwo, odzie\u017c u\u017cywana i robocza, r\u0119czniki , po\u015bciel i obrusy\",\"potentialAction\":[{\"@type\":\"SearchAction\",\"target\":{\"@type\":\"EntryPoint\",\"urlTemplate\":\"https:\\\/\\\/czysciwa-kobra.pl\\\/?s={search_term_string}\"},\"query-input\":{\"@type\":\"PropertyValueSpecification\",\"valueRequired\":true,\"valueName\":\"search_term_string\"}}],\"inLanguage\":\"en-US\"}]}<\/script>\n<!-- \/ Yoast SEO plugin. -->","yoast_head_json":{"title":"Kobra Sp.j. Cleaning rags, second-hand clothing, textiles","description":"Global trade of second-hand clothing, workwear, textiles for hotels and restaurants and used clothes sorting, recycling and production of cleaning rags.","robots":{"index":"index","follow":"follow","max-snippet":"max-snippet:-1","max-image-preview":"max-image-preview:large","max-video-preview":"max-video-preview:-1"},"canonical":"https:\/\/czysciwa-kobra.pl\/en\/","og_locale":"en_US","og_type":"article","og_title":"Kobra Sp.j. Cleaning rags, second-hand clothing, textiles","og_description":"Global trade of second-hand clothing, workwear, textiles for hotels and restaurants and used clothes sorting, recycling and production of cleaning rags.","og_url":"https:\/\/czysciwa-kobra.pl\/en\/","og_site_name":"KOBRA sp. j.","article_modified_time":"2018-05-18T15:56:53+00:00","twitter_card":"summary_large_image","twitter_misc":{"Est. reading time":"4 minutes"},"schema":{"@context":"https:\/\/schema.org","@graph":[{"@type":"WebPage","@id":"https:\/\/czysciwa-kobra.pl\/en\/","url":"https:\/\/czysciwa-kobra.pl\/en\/","name":"Kobra Sp.j. Cleaning rags, second-hand clothing, textiles","isPartOf":{"@id":"https:\/\/czysciwa-kobra.pl\/#website"},"datePublished":"2014-07-02T12:38:13+00:00","dateModified":"2018-05-18T15:56:53+00:00","description":"Global trade of second-hand clothing, workwear, textiles for hotels and restaurants and used clothes sorting, recycling and production of cleaning rags.","breadcrumb":{"@id":"https:\/\/czysciwa-kobra.pl\/en\/#breadcrumb"},"inLanguage":"en-US","potentialAction":[{"@type":"ReadAction","target":["https:\/\/czysciwa-kobra.pl\/en\/"]}]},{"@type":"BreadcrumbList","@id":"https:\/\/czysciwa-kobra.pl\/en\/#breadcrumb","itemListElement":[{"@type":"ListItem","position":1,"name":"Home","item":"https:\/\/czysciwa-kobra.pl\/en\/"},{"@type":"ListItem","position":2,"name":"Kobra"}]},{"@type":"WebSite","@id":"https:\/\/czysciwa-kobra.pl\/#website","url":"https:\/\/czysciwa-kobra.pl\/","name":"KOBRA sp. j.","description":"Czy\u015bciwo, odzie\u017c u\u017cywana i robocza, r\u0119czniki , po\u015bciel i obrusy","potentialAction":[{"@type":"SearchAction","target":{"@type":"EntryPoint","urlTemplate":"https:\/\/czysciwa-kobra.pl\/?s={search_term_string}"},"query-input":{"@type":"PropertyValueSpecification","valueRequired":true,"valueName":"search_term_string"}}],"inLanguage":"en-US"}]}},"_links":{"self":[{"href":"https:\/\/czysciwa-kobra.pl\/en\/wp-json\/wp\/v2\/pages\/16508","targetHints":{"allow":["GET"]}}],"collection":[{"href":"https:\/\/czysciwa-kobra.pl\/en\/wp-json\/wp\/v2\/pages"}],"about":[{"href":"https:\/\/czysciwa-kobra.pl\/en\/wp-json\/wp\/v2\/types\/page"}],"author":[{"embeddable":true,"href":"https:\/\/czysciwa-kobra.pl\/en\/wp-json\/wp\/v2\/users\/1"}],"replies":[{"embeddable":true,"href":"https:\/\/czysciwa-kobra.pl\/en\/wp-json\/wp\/v2\/comments?post=16508"}],"version-history":[{"count":25,"href":"https:\/\/czysciwa-kobra.pl\/en\/wp-json\/wp\/v2\/pages\/16508\/revisions"}],"predecessor-version":[{"id":17257,"href":"https:\/\/czysciwa-kobra.pl\/en\/wp-json\/wp\/v2\/pages\/16508\/revisions\/17257"}],"wp:attachment":[{"href":"https:\/\/czysciwa-kobra.pl\/en\/wp-json\/wp\/v2\/media?parent=16508"}],"curies":[{"name":"wp","href":"https:\/\/api.w.org\/{rel}","templated":true}]}}