{"id":16530,"date":"2014-03-24T08:49:41","date_gmt":"2014-03-24T08:49:41","guid":{"rendered":"http:\/\/czysciwa-kobra.pl\/en\/o-firmie\/"},"modified":"2024-12-17T15:38:32","modified_gmt":"2024-12-17T14:38:32","slug":"about-us","status":"publish","type":"page","link":"https:\/\/czysciwa-kobra.pl\/en\/about-us\/","title":{"rendered":"About"},"content":{"rendered":"<p>[vc_row top_padding=&#8221;60&#8243; bottom_padding=&#8221;30&#8243; row_id=&#8221;intro&#8221; bg_position=&#8221;left top&#8221;][vc_column width=&#8221;1\/1&#8243;]<h3 class=\"headline font-special fontsize-m fontweight-600 lh-inherit align-center transform-uppercase \" style=\"margin: 0 0 15px 0;\">KOBRA Sp.j. in \u017bARY<br \/>\n<\/h3><div class=\"headline font-inherit fontsize-m fontweight-400 lh-15 align-center transform-inherit \" style=\"margin: 0 0 40px 0; color: #001738;\">We specialise in the global trade of second-hand clothing, workwear, catering-hotel textiles, as well as the used clothes sorting, recycling and production of cleaning rags and wipers.<\/p>\n<\/div>[vc_row_inner][vc_column_inner width=&#8221;1\/2&#8243; animation=&#8221;none&#8221;]<h4 class=\"headline font-special fontsize-m fontweight-600 lh-inherit align-left transform-inherit \" style=\"margin: 0 0 5px 0;\">What we do<br \/>\n<\/h4>[vc_column_text]On the area of more than 6000m2 we produce several assortments of <a href=\"https:\/\/czysciwa-kobra.pl\/en\/wipers-trade-offer\/\">wipers<\/a>\u00a0from used textile materials applicable in workshops, industry, trade, crafts and other areas of economy.\u00a0We produce monthly about\u00a0700 tonnes of top-quality products, which in cooperation with our partners from Germany and the Netherlands, are exported to countries around the world.[\/vc_column_text][\/vc_column_inner][vc_column_inner width=&#8221;1\/2&#8243; animation=&#8221;none&#8221;]<h4 class=\"headline font-special fontsize-m fontweight-600 lh-inherit align-left transform-inherit \" style=\"margin: 0 0 5px 0;\">Our achievements<\/p>\n<\/h4>[vc_column_text]We operate on the basis of the \u017barski district Starosty permit in respect of the recovery of textile secondary raw materials. We participate in the <a href=\"https:\/\/czysciwa-kobra.pl\/en\/recycling-trade-offer\/\">recycling<\/a> process, helping to reduce environment pollution.\u00a0We were honoured in business rankings, including Business Gazelles in 2011, 2014, Diamonds of Forbes magazine in 2014. Our greatest success is cooperation with more than 2000 contractors from around the world.[\/vc_column_text][\/vc_column_inner][\/vc_row_inner][\/vc_column][\/vc_row][vc_row bg_color=&#8221;#f9f9f9&#8243; top_padding=&#8221;60&#8243; bottom_padding=&#8221;40&#8243;][vc_column][vc_row_inner][vc_column_inner width=&#8221;1\/3&#8243; animation=&#8221;none&#8221;]<h4 class=\"headline font-special fontsize-m fontweight-600 lh-inherit align-left transform-inherit \" style=\"margin: 0 0 5px 0;\">Areas of activity in figures<\/p>\n<\/h4>[vc_column_text]Kobra Sp.j. company has been prospering\u00a0for over 24 years. We specialise in the production of cleaning cloth, second-hand\u00a0clothing wholesale, used clothes sorting and textile recycling. The following progress bar presents the areas of our activities in figures.[\/vc_column_text][\/vc_column_inner][vc_column_inner width=&#8221;2\/3&#8243; animation=&#8221;none&#8221;]<div class=\"progress-title clearfix\">Production<span>60%<\/span><\/div><div class=\"progressbar\" data-perc=\"60\"><div class=\"progress-percentage\" style=\"background: #009ada !important;\"><\/div><\/div><div class=\"progress-title clearfix\">Sales<span>25%<\/span><\/div><div class=\"progressbar\" data-perc=\"25\"><div class=\"progress-percentage\" style=\"background: #009ada !important;\"><\/div><\/div><div class=\"progress-title clearfix\">Recycling<span>15%<\/span><\/div><div class=\"progressbar\" data-perc=\"15\"><div class=\"progress-percentage\" style=\"background: #009ada !important;\"><\/div><\/div>[\/vc_column_inner][\/vc_row_inner][\/vc_column][\/vc_row][vc_row bg_color=&#8221;#ffffff&#8221; top_padding=&#8221;60&#8243; bottom_padding=&#8221;30&#8243;][vc_column]<div class=\"video-embed  wpb_content_element\"><iframe loading=\"lazy\" title=\"KOBRA Poland - Second-hand clothing, textile recycling, cleaning rags manufacture\" width=\"1161\" height=\"653\" src=\"https:\/\/www.youtube.com\/embed\/wPncAdO7lN0?feature=oembed\" frameborder=\"0\" allow=\"accelerometer; autoplay; clipboard-write; encrypted-media; gyroscope; picture-in-picture; web-share\" referrerpolicy=\"strict-origin-when-cross-origin\" allowfullscreen><\/iframe>\n\n<template data-arve_cachetime=\"2026-05-02T15:29:09+02:00\" data-arve_iframe_src=\"https:\/\/www.youtube.com\/embed\/wPncAdO7lN0?feature=oembed\" data-arve_url=\"https:\/\/youtu.be\/wPncAdO7lN0?si=CVu_5I9hDtaVQpei\" data-author_name=\"kobra zary\" data-author_url=\"https:\/\/www.youtube.com\/@kobrazary6351\" data-height=\"653\" data-provider=\"youtube\" data-provider_name=\"YouTube\" data-provider_url=\"https:\/\/www.youtube.com\/\" data-thumbnail_height=\"360\" data-thumbnail_url=\"https:\/\/i.ytimg.com\/vi\/wPncAdO7lN0\/hqdefault.jpg\" data-thumbnail_width=\"480\" data-title=\"KOBRA Poland - Second-hand clothing, textile recycling, cleaning rags manufacture\" data-type=\"video\" data-version=\"1.0\" data-width=\"1161\" class=\"arve-data\"><\/template><\/div><div class=\"spacer\" style=\"height: 40px;\"><\/div>[vc_row_inner][vc_column_inner width=&#8221;1\/3&#8243; animation=&#8221;none&#8221;]<div class=\"iconbox  wpb_content_element iconbox-style-6 icon-color-accent color-dark clearfix\"><img src='https:\/\/czysciwa-kobra.pl\/wp-content\/uploads\/2014\/03\/Kobra-obszary-dzialania-produkcja.jpg' class='iconimg' alt='Production' \/><h3>Production<\/h3><p>In cooperation with the BOA Sp. z o.o. company we produce about\u00a0700 tonnes of various assortments of cleaning rags\u00a0per month. In addition, we sort approximately 350 tons of used clothes, most of which we sell for re-use. We provide an employment to\u00a0250 people working in both\u00a0production and sales.<\/p><\/div>[\/vc_column_inner][vc_column_inner width=&#8221;1\/3&#8243; animation=&#8221;none&#8221;]<div class=\"iconbox  wpb_content_element iconbox-style-6 icon-color-accent color-dark clearfix\"><img src='https:\/\/czysciwa-kobra.pl\/wp-content\/uploads\/2014\/03\/Kobra-obszary-dzialania-sprzedaz.jpg' class='iconimg' alt='Sales' \/><h3>Sales<\/h3><p>We use a unique sales technology for our used clothes offer. Our customers are allowed to independently sort and choose their products. This way the clients\u00a0can pay only for the selected articles they need. We sell second-hand clothing, wipers, workwear,\u00a0catering-hotel textiles and recycling products.<\/p><\/div>[\/vc_column_inner][vc_column_inner width=&#8221;1\/3&#8243; animation=&#8221;none&#8221;]<div class=\"iconbox  wpb_content_element iconbox-style-6 icon-color-accent color-dark clearfix\"><img src='https:\/\/czysciwa-kobra.pl\/wp-content\/uploads\/2014\/03\/Kobra-obszary-dzialania-recykling.jpg' class='iconimg' alt='Recycling' \/><h3>Recycling<\/h3><p>In the production process of the cleaning rags\u00a0about 12% of waste goes to buyers in the Indian market. In the process of sorting we get secondary raw materials (dralon, jeans, mixed textiles), which are sold to our contractors from\u00a0Czech Republic, Germany and other countries all around the world.<\/p><\/div>[\/vc_column_inner][\/vc_row_inner][\/vc_column][\/vc_row][vc_row bg_image=&#8221;16053&#8243; parallax_bg=&#8221;true&#8221; text_color=&#8221;light&#8221; text_align=&#8221;center&#8221; top_padding=&#8221;140&#8243; bottom_padding=&#8221;140&#8243;][vc_column width=&#8221;1\/1&#8243;]<h1 class=\"headline font-inherit fontsize-xxl fontweight-600 lh-inherit align-center transform-inherit \" style=\"margin: 0 0 15px 0; color: #ffffff;\">Domestic and international trade<\/p>\n<\/h1><div class=\"headline font-inherit fontsize-m fontweight-400 lh-inherit align-center transform-inherit \" style=\"margin: 0 0 40px 0; color: #ffffff;\">We cooperate with partners and customers from around the world.<br \/>\nTake a look at our trade offer.<\/p>\n<\/div><a href=\"http:\/\/czysciwa-kobra.pl\/en\/offer\/\" target=\"_self\" class=\"button button-appear blue large \" style=\"border-radius: 2px;\"><span>Our offer<i class='fa fa-dollar'><\/i><\/span><\/a>[\/vc_column][\/vc_row]<\/p>\n","protected":false},"excerpt":{"rendered":"<p>[vc_row top_padding=&#8221;60&#8243; bottom_padding=&#8221;30&#8243; row_id=&#8221;intro&#8221; bg_position=&#8221;left top&#8221;][vc_column width=&#8221;1\/1&#8243;][vc_row_inner][vc_column_inner width=&#8221;1\/2&#8243; animation=&#8221;none&#8221;][vc_column_text]On the area of more than 6000m2 we produce several assortments of wipers\u00a0from used textile materials applicable in workshops, industry, trade, crafts and other areas of economy.\u00a0We produce monthly about\u00a0700 tonnes of top-quality products, which in cooperation with our partners from Germany and the Netherlands, are exported to countries around the world.[\/vc_column_text][\/vc_column_inner][vc_column_inner width=&#8221;1\/2&#8243; animation=&#8221;none&#8221;][vc_column_text]We operate on the basis of the \u017barski district Starosty permit in respect of the recovery of textile secondary raw materials. We participate in the recycling process, helping to reduce environment pollution.\u00a0We were honoured in business rankings, including Business Gazelles in 2011, 2014, Diamonds of Forbes magazine in 2014. Our greatest success is cooperation with more than 2000 contractors from around the world.[\/vc_column_text][\/vc_column_inner][\/vc_row_inner][\/vc_column][\/vc_row][vc_row bg_color=&#8221;#f9f9f9&#8243; top_padding=&#8221;60&#8243; bottom_padding=&#8221;40&#8243;][vc_column][vc_row_inner][vc_column_inner width=&#8221;1\/3&#8243; animation=&#8221;none&#8221;][vc_column_text]Kobra Sp.j. company has been prospering\u00a0for over 24 years. We specialise in the production of cleaning cloth, second-hand\u00a0clothing wholesale, used clothes sorting and textile recycling. The following progress bar presents the areas of our activities in figures.[\/vc_column_text][\/vc_column_inner][vc_column_inner width=&#8221;2\/3&#8243; animation=&#8221;none&#8221;][\/vc_column_inner][\/vc_row_inner][\/vc_column][\/vc_row][vc_row bg_color=&#8221;#ffffff&#8221; top_padding=&#8221;60&#8243; bottom_padding=&#8221;30&#8243;][vc_column][vc_row_inner][vc_column_inner width=&#8221;1\/3&#8243; animation=&#8221;none&#8221;][\/vc_column_inner][vc_column_inner width=&#8221;1\/3&#8243; animation=&#8221;none&#8221;][\/vc_column_inner][vc_column_inner width=&#8221;1\/3&#8243; animation=&#8221;none&#8221;][\/vc_column_inner][\/vc_row_inner][\/vc_column][\/vc_row][vc_row bg_image=&#8221;16053&#8243; parallax_bg=&#8221;true&#8221; text_color=&#8221;light&#8221; text_align=&#8221;center&#8221; top_padding=&#8221;140&#8243; bottom_padding=&#8221;140&#8243;][vc_column width=&#8221;1\/1&#8243;][\/vc_column][\/vc_row]<\/p>\n","protected":false},"author":1,"featured_media":0,"parent":0,"menu_order":0,"comment_status":"open","ping_status":"open","template":"","meta":{"_bbp_topic_count":0,"_bbp_reply_count":0,"_bbp_total_topic_count":0,"_bbp_total_reply_count":0,"_bbp_voice_count":0,"_bbp_anonymous_reply_count":0,"_bbp_topic_count_hidden":0,"_bbp_reply_count_hidden":0,"_bbp_forum_subforum_count":0,"_exactmetrics_skip_tracking":false,"_exactmetrics_sitenote_active":false,"_exactmetrics_sitenote_note":"","_exactmetrics_sitenote_category":0,"footnotes":""},"class_list":["post-16530","page","type-page","status-publish","hentry"],"yoast_head":"<!-- This site is optimized with the Yoast SEO plugin v26.7 - https:\/\/yoast.com\/wordpress\/plugins\/seo\/ -->\n<title>About\u00a0Kobra Sp.j. Cleaning rags, second-hand clothing, textiles<\/title>\n<meta name=\"description\" content=\"Global trade of second-hand clothing, workwear, textiles for hotels and restaurants and used clothes sorting, recycling and production of cleaning rags.\" \/>\n<meta name=\"robots\" content=\"index, follow, max-snippet:-1, max-image-preview:large, max-video-preview:-1\" \/>\n<link rel=\"canonical\" href=\"https:\/\/czysciwa-kobra.pl\/en\/about-us\/\" \/>\n<meta property=\"og:locale\" content=\"en_US\" \/>\n<meta property=\"og:type\" content=\"article\" \/>\n<meta property=\"og:title\" content=\"About\u00a0Kobra Sp.j. Cleaning rags, second-hand clothing, textiles\" \/>\n<meta property=\"og:description\" content=\"Global trade of second-hand clothing, workwear, textiles for hotels and restaurants and used clothes sorting, recycling and production of cleaning rags.\" \/>\n<meta property=\"og:url\" content=\"https:\/\/czysciwa-kobra.pl\/en\/about-us\/\" \/>\n<meta property=\"og:site_name\" content=\"KOBRA sp. j.\" \/>\n<meta property=\"article:modified_time\" content=\"2024-12-17T14:38:32+00:00\" \/>\n<meta name=\"twitter:card\" content=\"summary_large_image\" \/>\n<meta name=\"twitter:label1\" content=\"Est. reading time\" \/>\n\t<meta name=\"twitter:data1\" content=\"3 minutes\" \/>\n<script type=\"application\/ld+json\" class=\"yoast-schema-graph\">{\"@context\":\"https:\/\/schema.org\",\"@graph\":[{\"@type\":\"WebPage\",\"@id\":\"https:\/\/czysciwa-kobra.pl\/en\/about-us\/\",\"url\":\"https:\/\/czysciwa-kobra.pl\/en\/about-us\/\",\"name\":\"About\u00a0Kobra Sp.j. Cleaning rags, second-hand clothing, textiles\",\"isPartOf\":{\"@id\":\"https:\/\/czysciwa-kobra.pl\/#website\"},\"datePublished\":\"2014-03-24T08:49:41+00:00\",\"dateModified\":\"2024-12-17T14:38:32+00:00\",\"description\":\"Global trade of second-hand clothing, workwear, textiles for hotels and restaurants and used clothes sorting, recycling and production of cleaning rags.\",\"breadcrumb\":{\"@id\":\"https:\/\/czysciwa-kobra.pl\/en\/about-us\/#breadcrumb\"},\"inLanguage\":\"en-US\",\"potentialAction\":[{\"@type\":\"ReadAction\",\"target\":[\"https:\/\/czysciwa-kobra.pl\/en\/about-us\/\"]}]},{\"@type\":\"BreadcrumbList\",\"@id\":\"https:\/\/czysciwa-kobra.pl\/en\/about-us\/#breadcrumb\",\"itemListElement\":[{\"@type\":\"ListItem\",\"position\":1,\"name\":\"Home\",\"item\":\"https:\/\/czysciwa-kobra.pl\/en\/\"},{\"@type\":\"ListItem\",\"position\":2,\"name\":\"About\"}]},{\"@type\":\"WebSite\",\"@id\":\"https:\/\/czysciwa-kobra.pl\/#website\",\"url\":\"https:\/\/czysciwa-kobra.pl\/\",\"name\":\"KOBRA sp. j.\",\"description\":\"Czy\u015bciwo, odzie\u017c u\u017cywana i robocza, r\u0119czniki , po\u015bciel i obrusy\",\"potentialAction\":[{\"@type\":\"SearchAction\",\"target\":{\"@type\":\"EntryPoint\",\"urlTemplate\":\"https:\/\/czysciwa-kobra.pl\/?s={search_term_string}\"},\"query-input\":{\"@type\":\"PropertyValueSpecification\",\"valueRequired\":true,\"valueName\":\"search_term_string\"}}],\"inLanguage\":\"en-US\"}]}<\/script>\n<!-- \/ Yoast SEO plugin. -->","yoast_head_json":{"title":"About\u00a0Kobra Sp.j. Cleaning rags, second-hand clothing, textiles","description":"Global trade of second-hand clothing, workwear, textiles for hotels and restaurants and used clothes sorting, recycling and production of cleaning rags.","robots":{"index":"index","follow":"follow","max-snippet":"max-snippet:-1","max-image-preview":"max-image-preview:large","max-video-preview":"max-video-preview:-1"},"canonical":"https:\/\/czysciwa-kobra.pl\/en\/about-us\/","og_locale":"en_US","og_type":"article","og_title":"About\u00a0Kobra Sp.j. Cleaning rags, second-hand clothing, textiles","og_description":"Global trade of second-hand clothing, workwear, textiles for hotels and restaurants and used clothes sorting, recycling and production of cleaning rags.","og_url":"https:\/\/czysciwa-kobra.pl\/en\/about-us\/","og_site_name":"KOBRA sp. j.","article_modified_time":"2024-12-17T14:38:32+00:00","twitter_card":"summary_large_image","twitter_misc":{"Est. reading time":"3 minutes"},"schema":{"@context":"https:\/\/schema.org","@graph":[{"@type":"WebPage","@id":"https:\/\/czysciwa-kobra.pl\/en\/about-us\/","url":"https:\/\/czysciwa-kobra.pl\/en\/about-us\/","name":"About\u00a0Kobra Sp.j. Cleaning rags, second-hand clothing, textiles","isPartOf":{"@id":"https:\/\/czysciwa-kobra.pl\/#website"},"datePublished":"2014-03-24T08:49:41+00:00","dateModified":"2024-12-17T14:38:32+00:00","description":"Global trade of second-hand clothing, workwear, textiles for hotels and restaurants and used clothes sorting, recycling and production of cleaning rags.","breadcrumb":{"@id":"https:\/\/czysciwa-kobra.pl\/en\/about-us\/#breadcrumb"},"inLanguage":"en-US","potentialAction":[{"@type":"ReadAction","target":["https:\/\/czysciwa-kobra.pl\/en\/about-us\/"]}]},{"@type":"BreadcrumbList","@id":"https:\/\/czysciwa-kobra.pl\/en\/about-us\/#breadcrumb","itemListElement":[{"@type":"ListItem","position":1,"name":"Home","item":"https:\/\/czysciwa-kobra.pl\/en\/"},{"@type":"ListItem","position":2,"name":"About"}]},{"@type":"WebSite","@id":"https:\/\/czysciwa-kobra.pl\/#website","url":"https:\/\/czysciwa-kobra.pl\/","name":"KOBRA sp. j.","description":"Czy\u015bciwo, odzie\u017c u\u017cywana i robocza, r\u0119czniki , po\u015bciel i obrusy","potentialAction":[{"@type":"SearchAction","target":{"@type":"EntryPoint","urlTemplate":"https:\/\/czysciwa-kobra.pl\/?s={search_term_string}"},"query-input":{"@type":"PropertyValueSpecification","valueRequired":true,"valueName":"search_term_string"}}],"inLanguage":"en-US"}]}},"_links":{"self":[{"href":"https:\/\/czysciwa-kobra.pl\/en\/wp-json\/wp\/v2\/pages\/16530","targetHints":{"allow":["GET"]}}],"collection":[{"href":"https:\/\/czysciwa-kobra.pl\/en\/wp-json\/wp\/v2\/pages"}],"about":[{"href":"https:\/\/czysciwa-kobra.pl\/en\/wp-json\/wp\/v2\/types\/page"}],"author":[{"embeddable":true,"href":"https:\/\/czysciwa-kobra.pl\/en\/wp-json\/wp\/v2\/users\/1"}],"replies":[{"embeddable":true,"href":"https:\/\/czysciwa-kobra.pl\/en\/wp-json\/wp\/v2\/comments?post=16530"}],"version-history":[{"count":17,"href":"https:\/\/czysciwa-kobra.pl\/en\/wp-json\/wp\/v2\/pages\/16530\/revisions"}],"predecessor-version":[{"id":17589,"href":"https:\/\/czysciwa-kobra.pl\/en\/wp-json\/wp\/v2\/pages\/16530\/revisions\/17589"}],"wp:attachment":[{"href":"https:\/\/czysciwa-kobra.pl\/en\/wp-json\/wp\/v2\/media?parent=16530"}],"curies":[{"name":"wp","href":"https:\/\/api.w.org\/{rel}","templated":true}]}}