{"id":16544,"date":"2015-12-17T10:09:14","date_gmt":"2015-12-17T10:09:14","guid":{"rendered":"http:\/\/czysciwa-kobra.pl\/en\/odziez-uzywana-oferta-handlowa\/"},"modified":"2016-02-26T12:49:20","modified_gmt":"2016-02-26T11:49:20","slug":"trade-offer-used-clothing","status":"publish","type":"page","link":"https:\/\/czysciwa-kobra.pl\/en\/trade-offer-used-clothing\/","title":{"rendered":"Used clothing"},"content":{"rendered":"<p>[vc_row top_padding=&#8221;60&#8243; bg_position=&#8221;left top&#8221;][vc_column][vc_column_text]<\/p>\n<h3>Trade offer &#8211; Used clothing<\/h3>\n<p>Please, feel free to take a closer look at our trade offer.\u00a0The following\u00a0proposal\u00a0includes a wide\u00a0range\u00a0of second-hand clothing. By clicking on a category below, you will see products only from the particular\u00a0group.[\/vc_column_text][\/vc_column][\/vc_row][vc_row type=&#8221;full_width_section&#8221; bottom_padding=&#8221;40&#8243; bg_position=&#8221;left top&#8221;][vc_column width=&#8221;1\/1&#8243;]\n\t\t<div class=\"portfolio-element\">\n\n\t\t\n\t\t\t<div class=\"portfolio-filters\" data-id=\"1785613617\">\n\t\t\t\t<div class=\"container\">\n\t\t\t\t\t<div class=\"sixteen columns clearfix\">\n\t\t\t\t\t\t\t\t\t\t\t\t\t<ul class=\"clearfix\">\n\t\t\t\t\t\t\t\t<li><a href=\"#\" data-filter=\"*\" class=\"filter-all active\">All<\/a><\/li>\t\n\t\t\t\t\t\t\t\t\t\t\t\t\t\t\t\t\t\t\t\t\t\t\t\t\t\t<li><a href=\"#\" data-filter=\".term-used-clothing-en\">Used clothing<\/a><\/li>\n\t\t\t\t\t\t\t\t\t\t\t\t\t\t\t<\/ul>\n\t\t\t\t\t\t\t\t\t\t\t<\/div>\n\t\t\t\t<\/div>\n\t\t\t<\/div>\n\n\t\t\n\t\t\t\t\t<div class=\"container\">\n\t\t\n\t\t\t\t\t<div id=\"1785613617\" class=\"portfolio-items portfolio-default portfolio-overlay-icon clearfix\" data-id=\"1785613617\">  \n\t\t\t\t\t\t\n\t\t\t\t\t\t\t\n\t\t\t\t\t\t\t\n\t\t\t\t\t\t\n\t\t\t\t\t\t\t\t\t\t\t\t\t\t\t\t\n\t\t\t\t\t\t\t\t   \n\n\t\t\t\t\t\t\t\t<div class=\"term-used-clothing-en portfolio-item four columns\">\n\t\t\t\t\t\t\t\t\t<div class=\"portfolio-image\"><a href=\"https:\/\/czysciwa-kobra.pl\/en\/portfolio-item\/sorted-used-clothing\/\" title=\"Sorted used clothing\"><div class=\"portfolio-image-img\"><img decoding=\"async\" src=\"https:\/\/czysciwa-kobra.pl\/wp-content\/uploads\/2016\/01\/Kobra-Odziez-Uzywana1-600x400.jpg\" alt=\"Sorted used clothing\" \/><\/div><div class=\"portfolio-overlay overlay-icon\"><\/div><i class=\"icon-minti-plus\"><\/i><\/a><\/div>\n\t\t\t\t\t\t\t\t\t<h4><a href=\"https:\/\/czysciwa-kobra.pl\/en\/portfolio-item\/sorted-used-clothing\/\" title=\"Sorted used clothing\">Sorted used clothing<\/a><\/h4>\n\t\t\t\t\t\t\t\t\t<span class=\"portfolio-subtitle\">Used clothing imported from Norway, England and Germany. <\/span>\n\t\t\t\t\t\t\t\t<\/div>\n\n\t\t\t\t\t\t\t\t\t\t\t\t  \n\t\t\t\t\t\t\n\t\t\t\t\t\t\t\n\t\t\t\t\t\t\t\n\t\t\t\t\t\t\n\t\t\t\t\t\t\t\t\t\t\t\t\t\t\t\t\n\t\t\t\t\t\t\t\t   \n\n\t\t\t\t\t\t\t\t<div class=\"term-used-clothing-en portfolio-item four columns\">\n\t\t\t\t\t\t\t\t\t<div class=\"portfolio-image\"><a href=\"https:\/\/czysciwa-kobra.pl\/en\/portfolio-item\/original-used-clothing\/\" title=\"Original Used Clothing\"><div class=\"portfolio-image-img\"><img decoding=\"async\" src=\"https:\/\/czysciwa-kobra.pl\/wp-content\/uploads\/2016\/01\/Kobra-Odziez-Oryginal4-600x400.jpg\" alt=\"Original Used Clothing\" \/><\/div><div class=\"portfolio-overlay overlay-icon\"><\/div><i class=\"icon-minti-plus\"><\/i><\/a><\/div>\n\t\t\t\t\t\t\t\t\t<h4><a href=\"https:\/\/czysciwa-kobra.pl\/en\/portfolio-item\/original-used-clothing\/\" title=\"Original Used Clothing\">Original Used Clothing<\/a><\/h4>\n\t\t\t\t\t\t\t\t\t<span class=\"portfolio-subtitle\">Unsorted second-hand clothing for self-selection.<\/span>\n\t\t\t\t\t\t\t\t<\/div>\n\n\t\t\t\t\t\t\t\t\t\t\t\t  \n\t\t\t\t\t\t\t\t\t\t\t<\/div>\n\n\t\t\t\t\t<\/div>\n\t\t\n\t\t<\/div>\n\t\t\t\n\t\t\t\t\n\t\t[\/vc_column][\/vc_row]<\/p>\n","protected":false},"excerpt":{"rendered":"<p>[vc_row top_padding=&#8221;60&#8243; bg_position=&#8221;left top&#8221;][vc_column][vc_column_text] Trade offer &#8211; Used clothing Please, feel free to take a closer look at our trade offer.\u00a0The following\u00a0proposal\u00a0includes a wide\u00a0range\u00a0of second-hand clothing. By clicking on a category below, you will see products only from the particular\u00a0group.[\/vc_column_text][\/vc_column][\/vc_row][vc_row type=&#8221;full_width_section&#8221; bottom_padding=&#8221;40&#8243; bg_position=&#8221;left top&#8221;][vc_column width=&#8221;1\/1&#8243;][\/vc_column][\/vc_row]<\/p>\n","protected":false},"author":1,"featured_media":0,"parent":0,"menu_order":0,"comment_status":"closed","ping_status":"closed","template":"","meta":{"_bbp_topic_count":0,"_bbp_reply_count":0,"_bbp_total_topic_count":0,"_bbp_total_reply_count":0,"_bbp_voice_count":0,"_bbp_anonymous_reply_count":0,"_bbp_topic_count_hidden":0,"_bbp_reply_count_hidden":0,"_bbp_forum_subforum_count":0,"_exactmetrics_skip_tracking":false,"_exactmetrics_sitenote_active":false,"_exactmetrics_sitenote_note":"","_exactmetrics_sitenote_category":0,"footnotes":""},"class_list":["post-16544","page","type-page","status-publish","hentry"],"yoast_head":"<!-- This site is optimized with the Yoast SEO plugin v26.7 - https:\/\/yoast.com\/wordpress\/plugins\/seo\/ -->\n<title>Kobra Sp.j. - Trade offer - Second hand clothing<\/title>\n<meta name=\"description\" content=\"Take a look at our second hand clothing offer. Kobra Sp.j. is a global trade of second-hand clothing, workwear, textiles and cleaning rags.\" \/>\n<meta name=\"robots\" content=\"index, follow, max-snippet:-1, max-image-preview:large, max-video-preview:-1\" \/>\n<link rel=\"canonical\" href=\"https:\/\/czysciwa-kobra.pl\/en\/trade-offer-used-clothing\/\" \/>\n<meta property=\"og:locale\" content=\"en_US\" \/>\n<meta property=\"og:type\" content=\"article\" \/>\n<meta property=\"og:title\" content=\"Kobra Sp.j. - Trade offer - Second hand clothing\" \/>\n<meta property=\"og:description\" content=\"Take a look at our second hand clothing offer. Kobra Sp.j. is a global trade of second-hand clothing, workwear, textiles and cleaning rags.\" \/>\n<meta property=\"og:url\" content=\"https:\/\/czysciwa-kobra.pl\/en\/trade-offer-used-clothing\/\" \/>\n<meta property=\"og:site_name\" content=\"KOBRA sp. j.\" \/>\n<meta property=\"article:modified_time\" content=\"2016-02-26T11:49:20+00:00\" \/>\n<meta name=\"twitter:card\" content=\"summary_large_image\" \/>\n<script type=\"application\/ld+json\" class=\"yoast-schema-graph\">{\"@context\":\"https:\/\/schema.org\",\"@graph\":[{\"@type\":\"WebPage\",\"@id\":\"https:\/\/czysciwa-kobra.pl\/en\/trade-offer-used-clothing\/\",\"url\":\"https:\/\/czysciwa-kobra.pl\/en\/trade-offer-used-clothing\/\",\"name\":\"Kobra Sp.j. - Trade offer - Second hand clothing\",\"isPartOf\":{\"@id\":\"https:\/\/czysciwa-kobra.pl\/#website\"},\"datePublished\":\"2015-12-17T10:09:14+00:00\",\"dateModified\":\"2016-02-26T11:49:20+00:00\",\"description\":\"Take a look at our second hand clothing offer. Kobra Sp.j. is a global trade of second-hand clothing, workwear, textiles and cleaning rags.\",\"breadcrumb\":{\"@id\":\"https:\/\/czysciwa-kobra.pl\/en\/trade-offer-used-clothing\/#breadcrumb\"},\"inLanguage\":\"en-US\",\"potentialAction\":[{\"@type\":\"ReadAction\",\"target\":[\"https:\/\/czysciwa-kobra.pl\/en\/trade-offer-used-clothing\/\"]}]},{\"@type\":\"BreadcrumbList\",\"@id\":\"https:\/\/czysciwa-kobra.pl\/en\/trade-offer-used-clothing\/#breadcrumb\",\"itemListElement\":[{\"@type\":\"ListItem\",\"position\":1,\"name\":\"Home\",\"item\":\"https:\/\/czysciwa-kobra.pl\/en\/\"},{\"@type\":\"ListItem\",\"position\":2,\"name\":\"Used clothing\"}]},{\"@type\":\"WebSite\",\"@id\":\"https:\/\/czysciwa-kobra.pl\/#website\",\"url\":\"https:\/\/czysciwa-kobra.pl\/\",\"name\":\"KOBRA sp. j.\",\"description\":\"Czy\u015bciwo, odzie\u017c u\u017cywana i robocza, r\u0119czniki , po\u015bciel i obrusy\",\"potentialAction\":[{\"@type\":\"SearchAction\",\"target\":{\"@type\":\"EntryPoint\",\"urlTemplate\":\"https:\/\/czysciwa-kobra.pl\/?s={search_term_string}\"},\"query-input\":{\"@type\":\"PropertyValueSpecification\",\"valueRequired\":true,\"valueName\":\"search_term_string\"}}],\"inLanguage\":\"en-US\"}]}<\/script>\n<!-- \/ Yoast SEO plugin. -->","yoast_head_json":{"title":"Kobra Sp.j. - Trade offer - Second hand clothing","description":"Take a look at our second hand clothing offer. Kobra Sp.j. is a global trade of second-hand clothing, workwear, textiles and cleaning rags.","robots":{"index":"index","follow":"follow","max-snippet":"max-snippet:-1","max-image-preview":"max-image-preview:large","max-video-preview":"max-video-preview:-1"},"canonical":"https:\/\/czysciwa-kobra.pl\/en\/trade-offer-used-clothing\/","og_locale":"en_US","og_type":"article","og_title":"Kobra Sp.j. - Trade offer - Second hand clothing","og_description":"Take a look at our second hand clothing offer. Kobra Sp.j. is a global trade of second-hand clothing, workwear, textiles and cleaning rags.","og_url":"https:\/\/czysciwa-kobra.pl\/en\/trade-offer-used-clothing\/","og_site_name":"KOBRA sp. j.","article_modified_time":"2016-02-26T11:49:20+00:00","twitter_card":"summary_large_image","schema":{"@context":"https:\/\/schema.org","@graph":[{"@type":"WebPage","@id":"https:\/\/czysciwa-kobra.pl\/en\/trade-offer-used-clothing\/","url":"https:\/\/czysciwa-kobra.pl\/en\/trade-offer-used-clothing\/","name":"Kobra Sp.j. - Trade offer - Second hand clothing","isPartOf":{"@id":"https:\/\/czysciwa-kobra.pl\/#website"},"datePublished":"2015-12-17T10:09:14+00:00","dateModified":"2016-02-26T11:49:20+00:00","description":"Take a look at our second hand clothing offer. Kobra Sp.j. is a global trade of second-hand clothing, workwear, textiles and cleaning rags.","breadcrumb":{"@id":"https:\/\/czysciwa-kobra.pl\/en\/trade-offer-used-clothing\/#breadcrumb"},"inLanguage":"en-US","potentialAction":[{"@type":"ReadAction","target":["https:\/\/czysciwa-kobra.pl\/en\/trade-offer-used-clothing\/"]}]},{"@type":"BreadcrumbList","@id":"https:\/\/czysciwa-kobra.pl\/en\/trade-offer-used-clothing\/#breadcrumb","itemListElement":[{"@type":"ListItem","position":1,"name":"Home","item":"https:\/\/czysciwa-kobra.pl\/en\/"},{"@type":"ListItem","position":2,"name":"Used clothing"}]},{"@type":"WebSite","@id":"https:\/\/czysciwa-kobra.pl\/#website","url":"https:\/\/czysciwa-kobra.pl\/","name":"KOBRA sp. j.","description":"Czy\u015bciwo, odzie\u017c u\u017cywana i robocza, r\u0119czniki , po\u015bciel i obrusy","potentialAction":[{"@type":"SearchAction","target":{"@type":"EntryPoint","urlTemplate":"https:\/\/czysciwa-kobra.pl\/?s={search_term_string}"},"query-input":{"@type":"PropertyValueSpecification","valueRequired":true,"valueName":"search_term_string"}}],"inLanguage":"en-US"}]}},"_links":{"self":[{"href":"https:\/\/czysciwa-kobra.pl\/en\/wp-json\/wp\/v2\/pages\/16544","targetHints":{"allow":["GET"]}}],"collection":[{"href":"https:\/\/czysciwa-kobra.pl\/en\/wp-json\/wp\/v2\/pages"}],"about":[{"href":"https:\/\/czysciwa-kobra.pl\/en\/wp-json\/wp\/v2\/types\/page"}],"author":[{"embeddable":true,"href":"https:\/\/czysciwa-kobra.pl\/en\/wp-json\/wp\/v2\/users\/1"}],"replies":[{"embeddable":true,"href":"https:\/\/czysciwa-kobra.pl\/en\/wp-json\/wp\/v2\/comments?post=16544"}],"version-history":[{"count":4,"href":"https:\/\/czysciwa-kobra.pl\/en\/wp-json\/wp\/v2\/pages\/16544\/revisions"}],"predecessor-version":[{"id":16980,"href":"https:\/\/czysciwa-kobra.pl\/en\/wp-json\/wp\/v2\/pages\/16544\/revisions\/16980"}],"wp:attachment":[{"href":"https:\/\/czysciwa-kobra.pl\/en\/wp-json\/wp\/v2\/media?parent=16544"}],"curies":[{"name":"wp","href":"https:\/\/api.w.org\/{rel}","templated":true}]}}