{"id":16556,"date":"2016-01-14T18:42:26","date_gmt":"2016-01-14T18:42:26","guid":{"rendered":"http:\/\/czysciwa-kobra.pl\/en\/video-prezentacja\/"},"modified":"2016-02-19T15:56:33","modified_gmt":"2016-02-19T14:56:33","slug":"video-presentation","status":"publish","type":"page","link":"https:\/\/czysciwa-kobra.pl\/en\/video-presentation\/","title":{"rendered":"Video Presentation"},"content":{"rendered":"<p>[vc_row bg_color=&#8221;#ffffff&#8221; top_padding=&#8221;60&#8243; bottom_padding=&#8221;30&#8243; bg_position=&#8221;left top&#8221;][vc_column width=&#8221;1\/1&#8243;]<h3 class=\"headline font-special fontsize-m fontweight-600 lh-inherit align-center transform-uppercase \" style=\"margin: 0 0 15px 0;\">Enjoy the show<\/p>\n<\/h3><div class=\"headline font-inherit fontsize-m fontweight-400 lh-15 align-center transform-inherit \" style=\"margin: 0 0 40px 0; color: #001738;\">Feel free to watch our short presentation video.<\/p>\n<\/div>[\/vc_column][\/vc_row][vc_row][vc_column width=&#8221;1\/1&#8243;]<div class=\"video-embed  wpb_content_element\"><iframe loading=\"lazy\" title=\"KOBRA Poland - Second-hand clothing, textile recycling, cleaning rags manufacture\" width=\"1161\" height=\"653\" src=\"https:\/\/www.youtube.com\/embed\/wPncAdO7lN0?feature=oembed\" frameborder=\"0\" allow=\"accelerometer; autoplay; clipboard-write; encrypted-media; gyroscope; picture-in-picture; web-share\" referrerpolicy=\"strict-origin-when-cross-origin\" allowfullscreen><\/iframe>\n\n<template data-arve_cachetime=\"2026-05-14T15:37:22+02:00\" data-arve_iframe_src=\"https:\/\/www.youtube.com\/embed\/wPncAdO7lN0?feature=oembed\" data-arve_url=\"https:\/\/www.youtube.com\/watch?v=wPncAdO7lN0\" data-author_name=\"kobra zary\" data-author_url=\"https:\/\/www.youtube.com\/@kobrazary6351\" data-height=\"653\" data-provider=\"youtube\" data-provider_name=\"YouTube\" data-provider_url=\"https:\/\/www.youtube.com\/\" data-thumbnail_height=\"360\" data-thumbnail_url=\"https:\/\/i.ytimg.com\/vi\/wPncAdO7lN0\/hqdefault.jpg\" data-thumbnail_width=\"480\" data-title=\"KOBRA Poland - Second-hand clothing, textile recycling, cleaning rags manufacture\" data-type=\"video\" data-version=\"1.0\" data-width=\"1161\" class=\"arve-data\"><\/template><\/div>[\/vc_column][\/vc_row][vc_row][vc_column width=&#8221;1\/1&#8243;]<div class=\"spacer\" style=\"height: 80px;\"><\/div>[\/vc_column][\/vc_row]<\/p>\n","protected":false},"excerpt":{"rendered":"<p>[vc_row bg_color=&#8221;#ffffff&#8221; top_padding=&#8221;60&#8243; bottom_padding=&#8221;30&#8243; bg_position=&#8221;left top&#8221;][vc_column width=&#8221;1\/1&#8243;][\/vc_column][\/vc_row][vc_row][vc_column width=&#8221;1\/1&#8243;][\/vc_column][\/vc_row][vc_row][vc_column width=&#8221;1\/1&#8243;][\/vc_column][\/vc_row]<\/p>\n","protected":false},"author":1,"featured_media":0,"parent":0,"menu_order":0,"comment_status":"closed","ping_status":"closed","template":"","meta":{"_bbp_topic_count":0,"_bbp_reply_count":0,"_bbp_total_topic_count":0,"_bbp_total_reply_count":0,"_bbp_voice_count":0,"_bbp_anonymous_reply_count":0,"_bbp_topic_count_hidden":0,"_bbp_reply_count_hidden":0,"_bbp_forum_subforum_count":0,"_exactmetrics_skip_tracking":false,"_exactmetrics_sitenote_active":false,"_exactmetrics_sitenote_note":"","_exactmetrics_sitenote_category":0,"footnotes":""},"class_list":["post-16556","page","type-page","status-publish","hentry"],"yoast_head":"<!-- This site is optimized with the Yoast SEO plugin v27.5 - https:\/\/yoast.com\/product\/yoast-seo-wordpress\/ -->\n<title>Video Presentation - KOBRA sp. j.<\/title>\n<meta name=\"robots\" content=\"index, follow, max-snippet:-1, max-image-preview:large, max-video-preview:-1\" \/>\n<link rel=\"canonical\" href=\"https:\/\/czysciwa-kobra.pl\/en\/video-presentation\/\" \/>\n<meta property=\"og:locale\" content=\"en_US\" \/>\n<meta property=\"og:type\" content=\"article\" \/>\n<meta property=\"og:title\" content=\"Video Presentation - KOBRA sp. j.\" \/>\n<meta property=\"og:description\" content=\"[vc_row bg_color=&#8221;#ffffff&#8221; top_padding=&#8221;60&#8243; bottom_padding=&#8221;30&#8243; bg_position=&#8221;left top&#8221;][vc_column width=&#8221;1\/1&#8243;][\/vc_column][\/vc_row][vc_row][vc_column width=&#8221;1\/1&#8243;][\/vc_column][\/vc_row][vc_row][vc_column width=&#8221;1\/1&#8243;][\/vc_column][\/vc_row]\" \/>\n<meta property=\"og:url\" content=\"https:\/\/czysciwa-kobra.pl\/en\/video-presentation\/\" \/>\n<meta property=\"og:site_name\" content=\"KOBRA sp. j.\" \/>\n<meta property=\"article:modified_time\" content=\"2016-02-19T14:56:33+00:00\" \/>\n<meta name=\"twitter:card\" content=\"summary_large_image\" \/>\n<script type=\"application\/ld+json\" class=\"yoast-schema-graph\">{\"@context\":\"https:\\\/\\\/schema.org\",\"@graph\":[{\"@type\":\"WebPage\",\"@id\":\"https:\\\/\\\/czysciwa-kobra.pl\\\/en\\\/video-presentation\\\/\",\"url\":\"https:\\\/\\\/czysciwa-kobra.pl\\\/en\\\/video-presentation\\\/\",\"name\":\"Video Presentation - KOBRA sp. j.\",\"isPartOf\":{\"@id\":\"https:\\\/\\\/czysciwa-kobra.pl\\\/#website\"},\"datePublished\":\"2016-01-14T18:42:26+00:00\",\"dateModified\":\"2016-02-19T14:56:33+00:00\",\"breadcrumb\":{\"@id\":\"https:\\\/\\\/czysciwa-kobra.pl\\\/en\\\/video-presentation\\\/#breadcrumb\"},\"inLanguage\":\"en-US\",\"potentialAction\":[{\"@type\":\"ReadAction\",\"target\":[\"https:\\\/\\\/czysciwa-kobra.pl\\\/en\\\/video-presentation\\\/\"]}]},{\"@type\":\"BreadcrumbList\",\"@id\":\"https:\\\/\\\/czysciwa-kobra.pl\\\/en\\\/video-presentation\\\/#breadcrumb\",\"itemListElement\":[{\"@type\":\"ListItem\",\"position\":1,\"name\":\"Home\",\"item\":\"https:\\\/\\\/czysciwa-kobra.pl\\\/en\\\/\"},{\"@type\":\"ListItem\",\"position\":2,\"name\":\"Video Presentation\"}]},{\"@type\":\"WebSite\",\"@id\":\"https:\\\/\\\/czysciwa-kobra.pl\\\/#website\",\"url\":\"https:\\\/\\\/czysciwa-kobra.pl\\\/\",\"name\":\"KOBRA sp. j.\",\"description\":\"Czy\u015bciwo, odzie\u017c u\u017cywana i robocza, r\u0119czniki , po\u015bciel i obrusy\",\"potentialAction\":[{\"@type\":\"SearchAction\",\"target\":{\"@type\":\"EntryPoint\",\"urlTemplate\":\"https:\\\/\\\/czysciwa-kobra.pl\\\/?s={search_term_string}\"},\"query-input\":{\"@type\":\"PropertyValueSpecification\",\"valueRequired\":true,\"valueName\":\"search_term_string\"}}],\"inLanguage\":\"en-US\"}]}<\/script>\n<!-- \/ Yoast SEO plugin. -->","yoast_head_json":{"title":"Video Presentation - KOBRA sp. j.","robots":{"index":"index","follow":"follow","max-snippet":"max-snippet:-1","max-image-preview":"max-image-preview:large","max-video-preview":"max-video-preview:-1"},"canonical":"https:\/\/czysciwa-kobra.pl\/en\/video-presentation\/","og_locale":"en_US","og_type":"article","og_title":"Video Presentation - KOBRA sp. j.","og_description":"[vc_row bg_color=&#8221;#ffffff&#8221; top_padding=&#8221;60&#8243; bottom_padding=&#8221;30&#8243; bg_position=&#8221;left top&#8221;][vc_column width=&#8221;1\/1&#8243;][\/vc_column][\/vc_row][vc_row][vc_column width=&#8221;1\/1&#8243;][\/vc_column][\/vc_row][vc_row][vc_column width=&#8221;1\/1&#8243;][\/vc_column][\/vc_row]","og_url":"https:\/\/czysciwa-kobra.pl\/en\/video-presentation\/","og_site_name":"KOBRA sp. j.","article_modified_time":"2016-02-19T14:56:33+00:00","twitter_card":"summary_large_image","schema":{"@context":"https:\/\/schema.org","@graph":[{"@type":"WebPage","@id":"https:\/\/czysciwa-kobra.pl\/en\/video-presentation\/","url":"https:\/\/czysciwa-kobra.pl\/en\/video-presentation\/","name":"Video Presentation - KOBRA sp. j.","isPartOf":{"@id":"https:\/\/czysciwa-kobra.pl\/#website"},"datePublished":"2016-01-14T18:42:26+00:00","dateModified":"2016-02-19T14:56:33+00:00","breadcrumb":{"@id":"https:\/\/czysciwa-kobra.pl\/en\/video-presentation\/#breadcrumb"},"inLanguage":"en-US","potentialAction":[{"@type":"ReadAction","target":["https:\/\/czysciwa-kobra.pl\/en\/video-presentation\/"]}]},{"@type":"BreadcrumbList","@id":"https:\/\/czysciwa-kobra.pl\/en\/video-presentation\/#breadcrumb","itemListElement":[{"@type":"ListItem","position":1,"name":"Home","item":"https:\/\/czysciwa-kobra.pl\/en\/"},{"@type":"ListItem","position":2,"name":"Video Presentation"}]},{"@type":"WebSite","@id":"https:\/\/czysciwa-kobra.pl\/#website","url":"https:\/\/czysciwa-kobra.pl\/","name":"KOBRA sp. j.","description":"Czy\u015bciwo, odzie\u017c u\u017cywana i robocza, r\u0119czniki , po\u015bciel i obrusy","potentialAction":[{"@type":"SearchAction","target":{"@type":"EntryPoint","urlTemplate":"https:\/\/czysciwa-kobra.pl\/?s={search_term_string}"},"query-input":{"@type":"PropertyValueSpecification","valueRequired":true,"valueName":"search_term_string"}}],"inLanguage":"en-US"}]}},"_links":{"self":[{"href":"https:\/\/czysciwa-kobra.pl\/en\/wp-json\/wp\/v2\/pages\/16556","targetHints":{"allow":["GET"]}}],"collection":[{"href":"https:\/\/czysciwa-kobra.pl\/en\/wp-json\/wp\/v2\/pages"}],"about":[{"href":"https:\/\/czysciwa-kobra.pl\/en\/wp-json\/wp\/v2\/types\/page"}],"author":[{"embeddable":true,"href":"https:\/\/czysciwa-kobra.pl\/en\/wp-json\/wp\/v2\/users\/1"}],"replies":[{"embeddable":true,"href":"https:\/\/czysciwa-kobra.pl\/en\/wp-json\/wp\/v2\/comments?post=16556"}],"version-history":[{"count":6,"href":"https:\/\/czysciwa-kobra.pl\/en\/wp-json\/wp\/v2\/pages\/16556\/revisions"}],"predecessor-version":[{"id":16985,"href":"https:\/\/czysciwa-kobra.pl\/en\/wp-json\/wp\/v2\/pages\/16556\/revisions\/16985"}],"wp:attachment":[{"href":"https:\/\/czysciwa-kobra.pl\/en\/wp-json\/wp\/v2\/media?parent=16556"}],"curies":[{"name":"wp","href":"https:\/\/api.w.org\/{rel}","templated":true}]}}